{"id":1814,"date":"2024-01-26T08:46:17","date_gmt":"2024-01-26T08:46:17","guid":{"rendered":"https:\/\/www.airpressureswitch.com\/?page_id=1814"},"modified":"2024-01-29T09:11:22","modified_gmt":"2024-01-29T09:11:22","slug":"winddruckregelung","status":"publish","type":"page","link":"https:\/\/www.airpressureswitch.com\/de\/wind-pressure-control","title":{"rendered":"Winddruckregelung"},"content":{"rendered":"<div data-elementor-type=\"wp-page\" data-elementor-id=\"1814\" class=\"elementor elementor-1814\" data-elementor-post-type=\"page\">\n\t\t\t\t\t\t<section class=\"elementor-section elementor-top-section elementor-element elementor-element-a182145 elementor-section-boxed elementor-section-height-default elementor-section-height-default\" data-id=\"a182145\" data-element_type=\"section\" data-e-type=\"section\">\n\t\t\t\t\t\t<div class=\"elementor-container elementor-column-gap-default\">\n\t\t\t\t\t<div class=\"elementor-column elementor-col-100 elementor-top-column elementor-element elementor-element-1bd8aeb\" data-id=\"1bd8aeb\" data-element_type=\"column\" data-e-type=\"column\">\n\t\t\t<div class=\"elementor-widget-wrap elementor-element-populated\">\n\t\t\t\t\t\t<div class=\"elementor-element elementor-element-27a942a elementor-widget elementor-widget-heading\" data-id=\"27a942a\" data-element_type=\"widget\" data-e-type=\"widget\" data-widget_type=\"heading.default\">\n\t\t\t\t<div class=\"elementor-widget-container\">\n\t\t\t\t\t<h1 class=\"elementor-heading-title elementor-size-default\">Winddruckschaltererkennung und -steuerung<\/h1>\t\t\t\t<\/div>\n\t\t\t\t<\/div>\n\t\t\t\t<div class=\"elementor-element elementor-element-eb07ba3 elementor-widget elementor-widget-text-editor\" data-id=\"eb07ba3\" data-element_type=\"widget\" data-e-type=\"widget\" data-widget_type=\"text-editor.default\">\n\t\t\t\t<div class=\"elementor-widget-container\">\n\t\t\t\t\t\t\t\t\t<p>Mechanischer Wind <a href=\"https:\/\/www.airpressureswitch.com\/de\/\">Druckschalter<\/a> Es handelt sich um ein Schaltelement, das Luftdruck\u00e4nderungen nutzt, um eine Membranverschiebung zu bewirken, und dessen Verschiebung wiederum Schaltvorg\u00e4nge steuert. Es zeichnet sich durch pr\u00e4zise Druckmessung (bis zu \u00b15 Pa), lange Lebensdauer (250.000 Schaltzyklen), geringe Kosten und zuverl\u00e4ssige Leistung aus.<\/p><p>Typische Anwendungsgebiete sind die \u00dcberwachung von Warmluft-Warmwasserbereitern, die Abgasanlage von wandh\u00e4ngenden Gaskesseln im Abgaszustand, aber auch in anderen Situationen, in denen die \u00dcberwachung von Luftstrom oder Luftdruck erforderlich ist, findet die Technologie breite Anwendung, beispielsweise in gewerblichen Klimaanlagen-Filtersystemen und VAV-Systemen.<\/p>\t\t\t\t\t\t\t\t<\/div>\n\t\t\t\t<\/div>\n\t\t\t\t\t<\/div>\n\t\t<\/div>\n\t\t\t\t\t<\/div>\n\t\t<\/section>\n\t\t\t\t<section class=\"elementor-section elementor-top-section elementor-element elementor-element-6095720 elementor-section-boxed elementor-section-height-default elementor-section-height-default\" data-id=\"6095720\" data-element_type=\"section\" data-e-type=\"section\">\n\t\t\t\t\t\t<div class=\"elementor-container elementor-column-gap-default\">\n\t\t\t\t\t<div class=\"elementor-column elementor-col-100 elementor-top-column elementor-element elementor-element-6bf78f4\" data-id=\"6bf78f4\" data-element_type=\"column\" data-e-type=\"column\">\n\t\t\t<div class=\"elementor-widget-wrap elementor-element-populated\">\n\t\t\t\t\t\t<div class=\"elementor-element elementor-element-e3ad308 elementor-widget elementor-widget-image\" data-id=\"e3ad308\" data-element_type=\"widget\" data-e-type=\"widget\" data-widget_type=\"image.default\">\n\t\t\t\t<div class=\"elementor-widget-container\">\n\t\t\t\t\t\t\t\t\t\t\t\t<figure class=\"wp-caption\">\n\t\t\t\t\t\t\t\t\t\t<img fetchpriority=\"high\" decoding=\"async\" width=\"1024\" height=\"449\" src=\"https:\/\/www.airpressureswitch.com\/wp-content\/uploads\/2024\/01\/b5f2-1024x449.jpg\" class=\"attachment-large size-large wp-image-1817\" alt=\"\" srcset=\"https:\/\/www.airpressureswitch.com\/wp-content\/uploads\/2024\/01\/b5f2-1024x449.jpg 1024w, https:\/\/www.airpressureswitch.com\/wp-content\/uploads\/2024\/01\/b5f2-300x131.jpg 300w, https:\/\/www.airpressureswitch.com\/wp-content\/uploads\/2024\/01\/b5f2-768x337.jpg 768w, https:\/\/www.airpressureswitch.com\/wp-content\/uploads\/2024\/01\/b5f2-1536x673.jpg 1536w, https:\/\/www.airpressureswitch.com\/wp-content\/uploads\/2024\/01\/b5f2-2048x897.jpg 2048w, https:\/\/www.airpressureswitch.com\/wp-content\/uploads\/2024\/01\/b5f2-600x263.jpg 600w\" sizes=\"(max-width: 1024px) 100vw, 1024px\">\t\t\t\t\t\t\t\t\t\t\t<figcaption class=\"widget-image-caption wp-caption-text\">Anwendungsbilder von Winddruckschaltern<\/figcaption>\n\t\t\t\t\t\t\t\t\t\t<\/figure>\n\t\t\t\t\t\t\t\t\t<\/div>\n\t\t\t\t<\/div>\n\t\t\t\t\t<\/div>\n\t\t<\/div>\n\t\t\t\t\t<\/div>\n\t\t<\/section>\n\t\t\t\t<section class=\"elementor-section elementor-top-section elementor-element elementor-element-b0ddf76 elementor-section-boxed elementor-section-height-default elementor-section-height-default\" data-id=\"b0ddf76\" data-element_type=\"section\" data-e-type=\"section\">\n\t\t\t\t\t\t<div class=\"elementor-container elementor-column-gap-default\">\n\t\t\t\t\t<div class=\"elementor-column elementor-col-33 elementor-top-column elementor-element elementor-element-43959c0\" data-id=\"43959c0\" data-element_type=\"column\" data-e-type=\"column\">\n\t\t\t<div class=\"elementor-widget-wrap elementor-element-populated\">\n\t\t\t\t\t\t<div class=\"elementor-element elementor-element-dcd172b elementor-widget elementor-widget-image\" data-id=\"dcd172b\" data-element_type=\"widget\" data-e-type=\"widget\" data-widget_type=\"image.default\">\n\t\t\t\t<div class=\"elementor-widget-container\">\n\t\t\t\t\t\t\t\t\t\t\t\t\t\t\t<img decoding=\"async\" width=\"278\" height=\"343\" src=\"https:\/\/www.airpressureswitch.com\/wp-content\/uploads\/2024\/01\/gasbolier.jpg\" class=\"attachment-large size-large wp-image-1836\" alt=\"\" srcset=\"https:\/\/www.airpressureswitch.com\/wp-content\/uploads\/2024\/01\/gasbolier.jpg 278w, https:\/\/www.airpressureswitch.com\/wp-content\/uploads\/2024\/01\/gasbolier-243x300.jpg 243w\" sizes=\"(max-width: 278px) 100vw, 278px\">\t\t\t\t\t\t\t\t\t\t\t\t\t\t\t<\/div>\n\t\t\t\t<\/div>\n\t\t\t\t<div class=\"elementor-element elementor-element-1260335 elementor-widget elementor-widget-text-editor\" data-id=\"1260335\" data-element_type=\"widget\" data-e-type=\"widget\" data-widget_type=\"text-editor.default\">\n\t\t\t\t<div class=\"elementor-widget-container\">\n\t\t\t\t\t\t\t\t\t<h4 class=\"elementor-heading-title elementor-size-default\"><a href=\"https:\/\/www.airpressureswitch.com\/de\/product\/universal-air-pressure-switch\/\">A4S Luftdruckschalter Kompressor<\/a><br \/><br \/><\/h4><h4 class=\"elementor-heading-title elementor-size-default\"><a href=\"https:\/\/www.airpressureswitch.com\/de\/product\/air-pressure-switch-for-boiler\/\">U3 Gaswasserheizer-Druckschalter<\/a><\/h4>\t\t\t\t\t\t\t\t<\/div>\n\t\t\t\t<\/div>\n\t\t\t\t\t<\/div>\n\t\t<\/div>\n\t\t\t\t<div class=\"elementor-column elementor-col-33 elementor-top-column elementor-element elementor-element-3654cd4\" data-id=\"3654cd4\" data-element_type=\"column\" data-e-type=\"column\">\n\t\t\t<div class=\"elementor-widget-wrap elementor-element-populated\">\n\t\t\t\t\t\t<div class=\"elementor-element elementor-element-02d7859 elementor-widget elementor-widget-image\" data-id=\"02d7859\" data-element_type=\"widget\" data-e-type=\"widget\" data-widget_type=\"image.default\">\n\t\t\t\t<div class=\"elementor-widget-container\">\n\t\t\t\t\t\t\t\t\t\t\t\t\t\t\t<img decoding=\"async\" width=\"277\" height=\"344\" src=\"https:\/\/www.airpressureswitch.com\/wp-content\/uploads\/2024\/01\/gasoven-1.jpg\" class=\"attachment-large size-large wp-image-1837\" alt=\"\" srcset=\"https:\/\/www.airpressureswitch.com\/wp-content\/uploads\/2024\/01\/gasoven-1.jpg 277w, https:\/\/www.airpressureswitch.com\/wp-content\/uploads\/2024\/01\/gasoven-1-242x300.jpg 242w\" sizes=\"(max-width: 277px) 100vw, 277px\">\t\t\t\t\t\t\t\t\t\t\t\t\t\t\t<\/div>\n\t\t\t\t<\/div>\n\t\t\t\t<div class=\"elementor-element elementor-element-cf68f66 elementor-widget elementor-widget-text-editor\" data-id=\"cf68f66\" data-element_type=\"widget\" data-e-type=\"widget\" data-widget_type=\"text-editor.default\">\n\t\t\t\t<div class=\"elementor-widget-container\">\n\t\t\t\t\t\t\t\t\t<h4 class=\"elementor-heading-title elementor-size-default\"><a href=\"https:\/\/www.airpressureswitch.com\/de\/product\/air-pressure-switch-for-furnace\/\">A52G Luftkompressor-Abschaltschalter<\/a><br \/><br \/><\/h4><h4 class=\"elementor-heading-title elementor-size-default\"><a href=\"https:\/\/www.airpressureswitch.com\/de\/product\/air-flow-differential-pressure-switch\/\">A62 Luftdruckregelventil<\/a><\/h4>\t\t\t\t\t\t\t\t<\/div>\n\t\t\t\t<\/div>\n\t\t\t\t\t<\/div>\n\t\t<\/div>\n\t\t\t\t<div class=\"elementor-column elementor-col-33 elementor-top-column elementor-element elementor-element-b807306\" data-id=\"b807306\" data-element_type=\"column\" data-e-type=\"column\">\n\t\t\t<div class=\"elementor-widget-wrap elementor-element-populated\">\n\t\t\t\t\t\t<div class=\"elementor-element elementor-element-4cfbebc elementor-widget elementor-widget-image\" data-id=\"4cfbebc\" data-element_type=\"widget\" data-e-type=\"widget\" data-widget_type=\"image.default\">\n\t\t\t\t<div class=\"elementor-widget-container\">\n\t\t\t\t\t\t\t\t\t\t\t\t\t\t\t<img loading=\"lazy\" decoding=\"async\" width=\"275\" height=\"343\" src=\"https:\/\/www.airpressureswitch.com\/wp-content\/uploads\/2024\/01\/coffeemachine.jpg\" class=\"attachment-large size-large wp-image-1834\" alt=\"\" srcset=\"https:\/\/www.airpressureswitch.com\/wp-content\/uploads\/2024\/01\/coffeemachine.jpg 275w, https:\/\/www.airpressureswitch.com\/wp-content\/uploads\/2024\/01\/coffeemachine-241x300.jpg 241w\" sizes=\"(max-width: 275px) 100vw, 275px\">\t\t\t\t\t\t\t\t\t\t\t\t\t\t\t<\/div>\n\t\t\t\t<\/div>\n\t\t\t\t<div class=\"elementor-element elementor-element-75da1ce elementor-widget elementor-widget-text-editor\" data-id=\"75da1ce\" data-element_type=\"widget\" data-e-type=\"widget\" data-widget_type=\"text-editor.default\">\n\t\t\t\t<div class=\"elementor-widget-container\">\n\t\t\t\t\t\t\t\t\t<h4 class=\"elementor-heading-title elementor-size-default\"><a href=\"https:\/\/www.airpressureswitch.com\/de\/product\/air-pressure-sensing-switch\/\">A401 Gaswasserheizer-Druckschalter<\/a><br \/><br \/><\/h4><h4 class=\"elementor-heading-title elementor-size-default\"><a href=\"https:\/\/www.airpressureswitch.com\/de\/product\/hvac-air-pressure-switch\/\">A402 Druckschalter f\u00fcr Gaswasserheizer<\/a><\/h4>\t\t\t\t\t\t\t\t<\/div>\n\t\t\t\t<\/div>\n\t\t\t\t\t<\/div>\n\t\t<\/div>\n\t\t\t\t\t<\/div>\n\t\t<\/section>\n\t\t\t\t<\/div>","protected":false},"excerpt":{"rendered":"<p>Wind pressure switch detection and control\u200b Mechanical wind pressure switch is a switching component that utilizes air pressure change to push diaphragm displacement and diaphragm displacement to drive switching components. It has accurate pressure detection (up to \u00b15Pa), long service life (250,000 times), low cost and reliable performance. Typical applications include the detection of forced-air [&hellip;]<\/p>\n","protected":false},"author":1,"featured_media":0,"parent":0,"menu_order":0,"comment_status":"closed","ping_status":"closed","template":"","meta":{"site-sidebar-layout":"no-sidebar","site-content-layout":"page-builder","ast-site-content-layout":"full-width-container","site-content-style":"default","site-sidebar-style":"default","ast-global-header-display":"","ast-banner-title-visibility":"","ast-main-header-display":"","ast-hfb-above-header-display":"","ast-hfb-below-header-display":"","ast-hfb-mobile-header-display":"","site-post-title":"disabled","ast-breadcrumbs-content":"","ast-featured-img":"disabled","footer-sml-layout":"","ast-disable-related-posts":"","theme-transparent-header-meta":"default","adv-header-id-meta":"","stick-header-meta":"","header-above-stick-meta":"","header-main-stick-meta":"","header-below-stick-meta":"","astra-migrate-meta-layouts":"set","ast-page-background-enabled":"default","ast-page-background-meta":{"desktop":{"background-color":"var(--ast-global-color-4)","background-image":"","background-repeat":"repeat","background-position":"center center","background-size":"auto","background-attachment":"scroll","background-type":"","background-media":"","overlay-type":"","overlay-color":"","overlay-opacity":"","overlay-gradient":""},"tablet":{"background-color":"","background-image":"","background-repeat":"repeat","background-position":"center center","background-size":"auto","background-attachment":"scroll","background-type":"","background-media":"","overlay-type":"","overlay-color":"","overlay-opacity":"","overlay-gradient":""},"mobile":{"background-color":"","background-image":"","background-repeat":"repeat","background-position":"center center","background-size":"auto","background-attachment":"scroll","background-type":"","background-media":"","overlay-type":"","overlay-color":"","overlay-opacity":"","overlay-gradient":""}},"ast-content-background-meta":{"desktop":{"background-color":"var(--ast-global-color-5)","background-image":"","background-repeat":"repeat","background-position":"center center","background-size":"auto","background-attachment":"scroll","background-type":"","background-media":"","overlay-type":"","overlay-color":"","overlay-opacity":"","overlay-gradient":""},"tablet":{"background-color":"var(--ast-global-color-5)","background-image":"","background-repeat":"repeat","background-position":"center center","background-size":"auto","background-attachment":"scroll","background-type":"","background-media":"","overlay-type":"","overlay-color":"","overlay-opacity":"","overlay-gradient":""},"mobile":{"background-color":"var(--ast-global-color-5)","background-image":"","background-repeat":"repeat","background-position":"center center","background-size":"auto","background-attachment":"scroll","background-type":"","background-media":"","overlay-type":"","overlay-color":"","overlay-opacity":"","overlay-gradient":""}},"footnotes":""},"class_list":["post-1814","page","type-page","status-publish","hentry"],"_links":{"self":[{"href":"https:\/\/www.airpressureswitch.com\/de\/wp-json\/wp\/v2\/pages\/1814","targetHints":{"allow":["GET"]}}],"collection":[{"href":"https:\/\/www.airpressureswitch.com\/de\/wp-json\/wp\/v2\/pages"}],"about":[{"href":"https:\/\/www.airpressureswitch.com\/de\/wp-json\/wp\/v2\/types\/page"}],"author":[{"embeddable":true,"href":"https:\/\/www.airpressureswitch.com\/de\/wp-json\/wp\/v2\/users\/1"}],"replies":[{"embeddable":true,"href":"https:\/\/www.airpressureswitch.com\/de\/wp-json\/wp\/v2\/comments?post=1814"}],"version-history":[{"count":22,"href":"https:\/\/www.airpressureswitch.com\/de\/wp-json\/wp\/v2\/pages\/1814\/revisions"}],"predecessor-version":[{"id":1843,"href":"https:\/\/www.airpressureswitch.com\/de\/wp-json\/wp\/v2\/pages\/1814\/revisions\/1843"}],"wp:attachment":[{"href":"https:\/\/www.airpressureswitch.com\/de\/wp-json\/wp\/v2\/media?parent=1814"}],"curies":[{"name":"wp","href":"https:\/\/api.w.org\/{rel}","templated":true}]}}