{"id":50,"date":"2022-11-04T05:43:34","date_gmt":"2022-11-04T05:43:34","guid":{"rendered":"https:\/\/www.airpressureswitch.com\/?page_id=50"},"modified":"2023-11-03T03:34:15","modified_gmt":"2023-11-03T03:34:15","slug":"blog","status":"publish","type":"page","link":"https:\/\/www.airpressureswitch.com\/de\/blog","title":{"rendered":"Nachricht"},"content":{"rendered":"<div data-elementor-type=\"wp-page\" data-elementor-id=\"50\" class=\"elementor elementor-50\" data-elementor-post-type=\"page\">\n\t\t\t\t\t\t<section class=\"elementor-section elementor-top-section elementor-element elementor-element-51fffd03 elementor-section-boxed elementor-section-height-default elementor-section-height-default\" data-id=\"51fffd03\" data-element_type=\"section\" data-e-type=\"section\">\n\t\t\t\t\t\t<div class=\"elementor-container elementor-column-gap-default\">\n\t\t\t\t\t<div class=\"elementor-column elementor-col-100 elementor-top-column elementor-element elementor-element-6d2411a3\" data-id=\"6d2411a3\" data-element_type=\"column\" data-e-type=\"column\">\n\t\t\t<div class=\"elementor-widget-wrap elementor-element-populated\">\n\t\t\t\t\t\t<div class=\"elementor-element elementor-element-4880cd44 elementor-widget elementor-widget-theme-post-title elementor-page-title elementor-widget-heading\" data-id=\"4880cd44\" data-element_type=\"widget\" data-e-type=\"widget\" data-widget_type=\"theme-post-title.default\">\n\t\t\t\t<div class=\"elementor-widget-container\">\n\t\t\t\t\t<h1 class=\"elementor-heading-title elementor-size-default\">Nachricht<\/h1>\t\t\t\t<\/div>\n\t\t\t\t<\/div>\n\t\t\t\t\t<\/div>\n\t\t<\/div>\n\t\t\t\t\t<\/div>\n\t\t<\/section>\n\t\t\t\t<section class=\"elementor-section elementor-top-section elementor-element elementor-element-81a57c6 elementor-section-boxed elementor-section-height-default elementor-section-height-default\" data-id=\"81a57c6\" data-element_type=\"section\" data-e-type=\"section\">\n\t\t\t\t\t\t<div class=\"elementor-container elementor-column-gap-default\">\n\t\t\t\t\t<div class=\"elementor-column elementor-col-100 elementor-top-column elementor-element elementor-element-8c1f04b\" data-id=\"8c1f04b\" data-element_type=\"column\" data-e-type=\"column\">\n\t\t\t<div class=\"elementor-widget-wrap elementor-element-populated\">\n\t\t\t\t\t\t<div class=\"elementor-element elementor-element-2fcff42 elementor-widget elementor-widget-text-editor\" data-id=\"2fcff42\" data-element_type=\"widget\" data-e-type=\"widget\" data-widget_type=\"text-editor.default\">\n\t\t\t\t<div class=\"elementor-widget-container\">\n\t\t\t\t\t\t\t\t\t<p>Diese Seite vermittelt Wissen und praktische Erfahrung, beispielsweise zur Installation von Luftdruckschaltern, zur Bestimmung der Wasserstandsparameter, zur Auswahl von Durchflusssensoren und zur Reparatur von Luftdrucksensoren an Gasheizkesseln. Ziel ist es, Nutzern das Verst\u00e4ndnis von REGAL-Produkten zu erleichtern.<\/p>\t\t\t\t\t\t\t\t<\/div>\n\t\t\t\t<\/div>\n\t\t\t\t\t<\/div>\n\t\t<\/div>\n\t\t\t\t\t<\/div>\n\t\t<\/section>\n\t\t\t\t<section class=\"elementor-section elementor-top-section elementor-element elementor-element-ae7f92a elementor-section-boxed elementor-section-height-default elementor-section-height-default\" data-id=\"ae7f92a\" data-element_type=\"section\" data-e-type=\"section\">\n\t\t\t\t\t\t<div class=\"elementor-container elementor-column-gap-default\">\n\t\t\t\t\t<div class=\"elementor-column elementor-col-100 elementor-top-column elementor-element elementor-element-210c434\" data-id=\"210c434\" data-element_type=\"column\" data-e-type=\"column\">\n\t\t\t<div class=\"elementor-widget-wrap elementor-element-populated\">\n\t\t\t\t\t\t<div class=\"elementor-element elementor-element-82ccf4b elementor-grid-4 elementor-grid-tablet-2 elementor-grid-mobile-1 elementor-posts--thumbnail-top elementor-widget elementor-widget-posts\" data-id=\"82ccf4b\" data-element_type=\"widget\" data-e-type=\"widget\" data-settings=\"{&quot;classic_columns&quot;:&quot;4&quot;,&quot;classic_row_gap&quot;:{&quot;unit&quot;:&quot;px&quot;,&quot;size&quot;:15,&quot;sizes&quot;:[]},&quot;pagination_type&quot;:&quot;numbers_and_prev_next&quot;,&quot;classic_columns_tablet&quot;:&quot;2&quot;,&quot;classic_columns_mobile&quot;:&quot;1&quot;,&quot;classic_row_gap_tablet&quot;:{&quot;unit&quot;:&quot;px&quot;,&quot;size&quot;:&quot;&quot;,&quot;sizes&quot;:[]},&quot;classic_row_gap_mobile&quot;:{&quot;unit&quot;:&quot;px&quot;,&quot;size&quot;:&quot;&quot;,&quot;sizes&quot;:[]}}\" data-widget_type=\"posts.classic\">\n\t\t\t\t<div class=\"elementor-widget-container\">\n\t\t\t\t\t\t\t<div class=\"elementor-posts-container elementor-posts elementor-posts--skin-classic elementor-grid\" role=\"list\">\n\t\t\t\t<article class=\"elementor-post elementor-grid-item post-2271 post type-post status-publish format-standard hentry category-company-news\" role=\"listitem\">\n\t\t\t\t<div class=\"elementor-post__text\">\n\t\t\t\t<h3 class=\"elementor-post__title\">\n\t\t\t<a href=\"https:\/\/www.airpressureswitch.com\/de\/archives\/2271\" >\n\t\t\t\tWesentliche Sicherheitskomponente: Der Luftdruckschalter-Kesselsensor erkl\u00e4rt\t\t\t<\/a>\n\t\t<\/h3>\n\t\t\t\t<div class=\"elementor-post__meta-data\">\n\t\t\t\t\t<span class=\"elementor-post-date\">\n\t\t\t31\/03\/2026\t\t<\/span>\n\t\t\t\t<\/div>\n\t\t\t\t<div class=\"elementor-post__excerpt\">\n\t\t\t<p>In der komplexen Welt moderner Heizsysteme gehen Sicherheit und Effizienz Hand in Hand. Ein entscheidender Faktor, der beides gew\u00e4hrleistet, ist der Luftdruck.<\/p>\n\t\t<\/div>\n\t\t\n\t\t<a class=\"elementor-post__read-more\" href=\"https:\/\/www.airpressureswitch.com\/de\/archives\/2271\" aria-label=\"Mehr \u00fcber Essential Safety Component: The Air Pressure Switch Boiler Sensor Explained\" tabindex=\"-1\" >\n\t\t\tMehr lesen &quot;\u00bb\t\t<\/a>\n\n\t\t\t\t<\/div>\n\t\t\t\t<\/article>\n\t\t\t\t<article class=\"elementor-post elementor-grid-item post-2227 post type-post status-publish format-standard hentry category-company-news\" role=\"listitem\">\n\t\t\t\t<div class=\"elementor-post__text\">\n\t\t\t\t<h3 class=\"elementor-post__title\">\n\t\t\t<a href=\"https:\/\/www.airpressureswitch.com\/de\/archives\/2227\" >\n\t\t\t\tWinddruckschaltererkennung und -steuerung: Ein Leitfaden f\u00fcr industrielle Pr\u00e4zision\t\t\t<\/a>\n\t\t<\/h3>\n\t\t\t\t<div class=\"elementor-post__meta-data\">\n\t\t\t\t\t<span class=\"elementor-post-date\">\n\t\t\t25\/03\/2026\t\t<\/span>\n\t\t\t\t<\/div>\n\t\t\t\t<div class=\"elementor-post__excerpt\">\n\t\t\t<p>In modernen HLK-Systemen, Industriekesseln und Gasger\u00e4ten h\u00e4ngen Sicherheit und Effizienz von einem entscheidenden Faktor ab: der pr\u00e4zisen Luftdruck\u00fcberwachung. Der Winddruckschalter<\/p>\n\t\t<\/div>\n\t\t\n\t\t<a class=\"elementor-post__read-more\" href=\"https:\/\/www.airpressureswitch.com\/de\/archives\/2227\" aria-label=\"Mehr \u00fcber Wind Pressure Switch Detection and Control: A Guide to Industrial Precision\" tabindex=\"-1\" >\n\t\t\tMehr lesen &quot;\u00bb\t\t<\/a>\n\n\t\t\t\t<\/div>\n\t\t\t\t<\/article>\n\t\t\t\t<article class=\"elementor-post elementor-grid-item post-2225 post type-post status-publish format-standard hentry category-company-news\" role=\"listitem\">\n\t\t\t\t<div class=\"elementor-post__text\">\n\t\t\t\t<h3 class=\"elementor-post__title\">\n\t\t\t<a href=\"https:\/\/www.airpressureswitch.com\/de\/archives\/2225\" >\n\t\t\t\tHochwertige Wasserdruckschalter: Warum die Wahl eines f\u00fchrenden chinesischen Lieferanten wichtig ist\t\t\t<\/a>\n\t\t<\/h3>\n\t\t\t\t<div class=\"elementor-post__meta-data\">\n\t\t\t\t\t<span class=\"elementor-post-date\">\n\t\t\t24\/03\/2026\t\t<\/span>\n\t\t\t\t<\/div>\n\t\t\t\t<div class=\"elementor-post__excerpt\">\n\t\t\t<p>In jedem Fluidsteuerungssystem \u2013 von Druckerh\u00f6hungspumpen in Wohnh\u00e4usern bis hin zu gro\u00dfen industriellen Klimaanlagen \u2013 fungiert der Wasserdruckschalter als das \u201cGehirn\u201d des Systems. Er gew\u00e4hrleistet<\/p>\n\t\t<\/div>\n\t\t\n\t\t<a class=\"elementor-post__read-more\" href=\"https:\/\/www.airpressureswitch.com\/de\/archives\/2225\" aria-label=\"Mehr \u00fcber Top-Quality Water Pressure Switches: Why Choosing a Leading China Supplier Matters\" tabindex=\"-1\" >\n\t\t\tMehr lesen &quot;\u00bb\t\t<\/a>\n\n\t\t\t\t<\/div>\n\t\t\t\t<\/article>\n\t\t\t\t<article class=\"elementor-post elementor-grid-item post-2223 post type-post status-publish format-standard hentry category-company-news\" role=\"listitem\">\n\t\t\t\t<div class=\"elementor-post__text\">\n\t\t\t\t<h3 class=\"elementor-post__title\">\n\t\t\t<a href=\"https:\/\/www.airpressureswitch.com\/de\/archives\/2223\" >\n\t\t\t\tUnverzichtbarer Leitfaden f\u00fcr Kesseldruckschalter: Sicherheit und Effizienz gew\u00e4hrleisten\t\t\t<\/a>\n\t\t<\/h3>\n\t\t\t\t<div class=\"elementor-post__meta-data\">\n\t\t\t\t\t<span class=\"elementor-post-date\">\n\t\t\t23\/03\/2026\t\t<\/span>\n\t\t\t\t<\/div>\n\t\t\t\t<div class=\"elementor-post__excerpt\">\n\t\t\t<p>In der Welt der industriellen Heizungsanlagen und der Heizkesselanlagen f\u00fcr Privathaushalte hat Sicherheit oberste Priorit\u00e4t. Eine kleine, aber entscheidende Komponente kann den reibungslosen Betrieb eines Systems beeintr\u00e4chtigen.<\/p>\n\t\t<\/div>\n\t\t\n\t\t<a class=\"elementor-post__read-more\" href=\"https:\/\/www.airpressureswitch.com\/de\/archives\/2223\" aria-label=\"Mehr \u00fcber Essential Guide to Boiler Air Pressure Switches: Ensuring Safety and Efficiency\" tabindex=\"-1\" >\n\t\t\tMehr lesen &quot;\u00bb\t\t<\/a>\n\n\t\t\t\t<\/div>\n\t\t\t\t<\/article>\n\t\t\t\t<article class=\"elementor-post elementor-grid-item post-1993 post type-post status-publish format-standard hentry category-industry-news\" role=\"listitem\">\n\t\t\t\t<div class=\"elementor-post__text\">\n\t\t\t\t<h3 class=\"elementor-post__title\">\n\t\t\t<a href=\"https:\/\/www.airpressureswitch.com\/de\/archives\/1993\" >\n\t\t\t\tWie man Wasserdruckschalter ausw\u00e4hlt\t\t\t<\/a>\n\t\t<\/h3>\n\t\t\t\t<div class=\"elementor-post__meta-data\">\n\t\t\t\t\t<span class=\"elementor-post-date\">\n\t\t\t18\/04\/2025\t\t<\/span>\n\t\t\t\t<\/div>\n\t\t\t\t<div class=\"elementor-post__excerpt\">\n\t\t\t<p>Die Wahl des richtigen Wasserdruckschalters h\u00e4ngt von verschiedenen Faktoren ab, die Ihre spezifische Anwendung und Ihre Anforderungen beeinflussen. Hier finden Sie einen Leitfaden, der Ihnen bei der Auswahl hilft.<\/p>\n\t\t<\/div>\n\t\t\n\t\t<a class=\"elementor-post__read-more\" href=\"https:\/\/www.airpressureswitch.com\/de\/archives\/1993\" aria-label=\"Mehr \u00fcber How To Choose Water Pressure Switches\" tabindex=\"-1\" >\n\t\t\tMehr lesen &quot;\u00bb\t\t<\/a>\n\n\t\t\t\t<\/div>\n\t\t\t\t<\/article>\n\t\t\t\t<article class=\"elementor-post elementor-grid-item post-1997 post type-post status-publish format-standard hentry category-industry-news\" role=\"listitem\">\n\t\t\t\t<div class=\"elementor-post__text\">\n\t\t\t\t<h3 class=\"elementor-post__title\">\n\t\t\t<a href=\"https:\/\/www.airpressureswitch.com\/de\/archives\/1997\" >\n\t\t\t\tWelche Funktion hat der Luftdruckschalter?\t\t\t<\/a>\n\t\t<\/h3>\n\t\t\t\t<div class=\"elementor-post__meta-data\">\n\t\t\t\t\t<span class=\"elementor-post-date\">\n\t\t\t18\/04\/2025\t\t<\/span>\n\t\t\t\t<\/div>\n\t\t\t\t<div class=\"elementor-post__excerpt\">\n\t\t\t<p>Ein Luftdruckschalter ist ein Ger\u00e4t, das in verschiedenen Anwendungen zur \u00dcberwachung des Luftdrucks in einem System eingesetzt wird. Seine Funktion besteht haupts\u00e4chlich darin, \u2026<\/p>\n\t\t<\/div>\n\t\t\n\t\t<a class=\"elementor-post__read-more\" href=\"https:\/\/www.airpressureswitch.com\/de\/archives\/1997\" aria-label=\"Mehr \u00fcber What is the function of the air pressure switch?\" tabindex=\"-1\" >\n\t\t\tMehr lesen &quot;\u00bb\t\t<\/a>\n\n\t\t\t\t<\/div>\n\t\t\t\t<\/article>\n\t\t\t\t<article class=\"elementor-post elementor-grid-item post-2005 post type-post status-publish format-standard hentry category-industry-news\" role=\"listitem\">\n\t\t\t\t<div class=\"elementor-post__text\">\n\t\t\t\t<h3 class=\"elementor-post__title\">\n\t\t\t<a href=\"https:\/\/www.airpressureswitch.com\/de\/archives\/2005\" >\n\t\t\t\tWo finde ich Druckbegrenzungsventile f\u00fcr wandh\u00e4ngende Heizkessel?\t\t\t<\/a>\n\t\t<\/h3>\n\t\t\t\t<div class=\"elementor-post__meta-data\">\n\t\t\t\t\t<span class=\"elementor-post-date\">\n\t\t\t18\/04\/2025\t\t<\/span>\n\t\t\t\t<\/div>\n\t\t\t\t<div class=\"elementor-post__excerpt\">\n\t\t\t<p>Wo wir gerade von wandh\u00e4ngenden Heizkesseln sprechen: Ich denke, wir alle wissen, dass wandh\u00e4ngende Heizkessel die Bewohner mit Warmwasser versorgen und im Badezimmer installiert sind, das zum Baden genutzt werden kann.,<\/p>\n\t\t<\/div>\n\t\t\n\t\t<a class=\"elementor-post__read-more\" href=\"https:\/\/www.airpressureswitch.com\/de\/archives\/2005\" aria-label=\"Mehr \u00fcber Where to find WALL HUNG BOILER pressure relief valves\" tabindex=\"-1\" >\n\t\t\tMehr lesen &quot;\u00bb\t\t<\/a>\n\n\t\t\t\t<\/div>\n\t\t\t\t<\/article>\n\t\t\t\t<article class=\"elementor-post elementor-grid-item post-2002 post type-post status-publish format-standard hentry category-industry-news\" role=\"listitem\">\n\t\t\t\t<div class=\"elementor-post__text\">\n\t\t\t\t<h3 class=\"elementor-post__title\">\n\t\t\t<a href=\"https:\/\/www.airpressureswitch.com\/de\/archives\/2002\" >\n\t\t\t\tWasserstandssensorfunktion\t\t\t<\/a>\n\t\t<\/h3>\n\t\t\t\t<div class=\"elementor-post__meta-data\">\n\t\t\t\t\t<span class=\"elementor-post-date\">\n\t\t\t18\/04\/2025\t\t<\/span>\n\t\t\t\t<\/div>\n\t\t\t\t<div class=\"elementor-post__excerpt\">\n\t\t\t<p>Der Wasserstandssensor ist ein wichtiges Ger\u00e4t, das in vielen Bereichen weit verbreitet ist, darunter, aber nicht beschr\u00e4nkt auf Haushaltsger\u00e4te, industrielle Automatisierung und st\u00e4dtische Wasserversorgung.<\/p>\n\t\t<\/div>\n\t\t\n\t\t<a class=\"elementor-post__read-more\" href=\"https:\/\/www.airpressureswitch.com\/de\/archives\/2002\" aria-label=\"Mehr \u00fcber Water level sensor function\" tabindex=\"-1\" >\n\t\t\tMehr lesen &quot;\u00bb\t\t<\/a>\n\n\t\t\t\t<\/div>\n\t\t\t\t<\/article>\n\t\t\t\t<article class=\"elementor-post elementor-grid-item post-2009 post type-post status-publish format-standard hentry category-industry-news\" role=\"listitem\">\n\t\t\t\t<div class=\"elementor-post__text\">\n\t\t\t\t<h3 class=\"elementor-post__title\">\n\t\t\t<a href=\"https:\/\/www.airpressureswitch.com\/de\/archives\/2009\" >\n\t\t\t\t4 Merkmale von Wasserdruckschaltern, Funktionsweise von Wasserdruckschaltern\t\t\t<\/a>\n\t\t<\/h3>\n\t\t\t\t<div class=\"elementor-post__meta-data\">\n\t\t\t\t\t<span class=\"elementor-post-date\">\n\t\t\t18\/04\/2025\t\t<\/span>\n\t\t\t\t<\/div>\n\t\t\t\t<div class=\"elementor-post__excerpt\">\n\t\t\t<p>Ein Wasserdruckschalter nutzt, wie der Name schon sagt, den Wasserdruck zur Steuerung des Schalters; er unterscheidet sich daher von gew\u00f6hnlichen Schaltern.,<\/p>\n\t\t<\/div>\n\t\t\n\t\t<a class=\"elementor-post__read-more\" href=\"https:\/\/www.airpressureswitch.com\/de\/archives\/2009\" aria-label=\"Mehr \u00fcber 4 Features of Water Pressure Switches, How Water Pressure Switches Work\" tabindex=\"-1\" >\n\t\t\tMehr lesen &quot;\u00bb\t\t<\/a>\n\n\t\t\t\t<\/div>\n\t\t\t\t<\/article>\n\t\t\t\t<article class=\"elementor-post elementor-grid-item post-2011 post type-post status-publish format-standard hentry category-industry-news\" role=\"listitem\">\n\t\t\t\t<div class=\"elementor-post__text\">\n\t\t\t\t<h3 class=\"elementor-post__title\">\n\t\t\t<a href=\"https:\/\/www.airpressureswitch.com\/de\/archives\/2011\" >\n\t\t\t\tWelche Haupttypen von Druckschaltern gibt es? Welche Vorsichtsma\u00dfnahmen sind beim Einsatz von Druckschaltern zu beachten?\t\t\t<\/a>\n\t\t<\/h3>\n\t\t\t\t<div class=\"elementor-post__meta-data\">\n\t\t\t\t\t<span class=\"elementor-post-date\">\n\t\t\t18\/04\/2025\t\t<\/span>\n\t\t\t\t<\/div>\n\t\t\t\t<div class=\"elementor-post__excerpt\">\n\t\t\t<p>Beim Kauf von Druckschaltern interessieren sich manche Menschen vor allem f\u00fcr die verschiedenen Arten von Druckschaltern, um diese zu verstehen.<\/p>\n\t\t<\/div>\n\t\t\n\t\t<a class=\"elementor-post__read-more\" href=\"https:\/\/www.airpressureswitch.com\/de\/archives\/2011\" aria-label=\"Mehr \u00fcber What are the main types of pressure switches? What are the precautions for the use of pressure switches?\" tabindex=\"-1\" >\n\t\t\tMehr lesen &quot;\u00bb\t\t<\/a>\n\n\t\t\t\t<\/div>\n\t\t\t\t<\/article>\n\t\t\t\t<article class=\"elementor-post elementor-grid-item post-2014 post type-post status-publish format-standard hentry category-industry-news\" role=\"listitem\">\n\t\t\t\t<div class=\"elementor-post__text\">\n\t\t\t\t<h3 class=\"elementor-post__title\">\n\t\t\t<a href=\"https:\/\/www.airpressureswitch.com\/de\/archives\/2014\" >\n\t\t\t\tDruckschalter-Pumpensteuerungsschaltung\t\t\t<\/a>\n\t\t<\/h3>\n\t\t\t\t<div class=\"elementor-post__meta-data\">\n\t\t\t\t\t<span class=\"elementor-post-date\">\n\t\t\t18\/04\/2025\t\t<\/span>\n\t\t\t\t<\/div>\n\t\t\t\t<div class=\"elementor-post__excerpt\">\n\t\t\t<p>Ein Druckschalter ist ein Ger\u00e4t, das den Wasserdruck in einem Tank erfassen und den Pumpenmotor bei Bedarf einschalten kann.<\/p>\n\t\t<\/div>\n\t\t\n\t\t<a class=\"elementor-post__read-more\" href=\"https:\/\/www.airpressureswitch.com\/de\/archives\/2014\" aria-label=\"Mehr \u00fcber Pressure Switch Pump Controller Circuit\" tabindex=\"-1\" >\n\t\t\tMehr lesen &quot;\u00bb\t\t<\/a>\n\n\t\t\t\t<\/div>\n\t\t\t\t<\/article>\n\t\t\t\t<article class=\"elementor-post elementor-grid-item post-2018 post type-post status-publish format-standard hentry category-industry-news\" role=\"listitem\">\n\t\t\t\t<div class=\"elementor-post__text\">\n\t\t\t\t<h3 class=\"elementor-post__title\">\n\t\t\t<a href=\"https:\/\/www.airpressureswitch.com\/de\/archives\/2018\" >\n\t\t\t\t4 Merkmale von Wasserdruckschaltern Funktionsweise von Wasserdruckschaltern\t\t\t<\/a>\n\t\t<\/h3>\n\t\t\t\t<div class=\"elementor-post__meta-data\">\n\t\t\t\t\t<span class=\"elementor-post-date\">\n\t\t\t18\/04\/2025\t\t<\/span>\n\t\t\t\t<\/div>\n\t\t\t\t<div class=\"elementor-post__excerpt\">\n\t\t\t<p>Ein Wasserdruckschalter nutzt, wie der Name schon sagt, den Wasserdruck zur Steuerung des Schalters; er unterscheidet sich daher von gew\u00f6hnlichen Schaltern.,<\/p>\n\t\t<\/div>\n\t\t\n\t\t<a class=\"elementor-post__read-more\" href=\"https:\/\/www.airpressureswitch.com\/de\/archives\/2018\" aria-label=\"Mehr \u00fcber 4 Features of Water Pressure Switches How Water Pressure Switches Work\" tabindex=\"-1\" >\n\t\t\tMehr lesen &quot;\u00bb\t\t<\/a>\n\n\t\t\t\t<\/div>\n\t\t\t\t<\/article>\n\t\t\t\t<\/div>\n\t\t\n\t\t\t\t<div class=\"e-load-more-anchor\" data-page=\"1\" data-max-page=\"12\" data-next-page=\"https:\/\/www.airpressureswitch.com\/de\/wp-json\/wp\/v2\/pages\/50\/page\/2\"><\/div>\n\t\t\t\t<nav class=\"elementor-pagination\" aria-label=\"Seitennummerierung\">\n\t\t\t<span class=\"page-numbers prev\">\u00ab&quot; Vorherige<\/span>\n<span aria-current=\"page\" class=\"page-numbers current\"><span class=\"elementor-screen-only\">Seite<\/span>1<\/span>\n<a class=\"page-numbers\" href=\"https:\/\/www.airpressureswitch.com\/de\/wp-json\/wp\/v2\/pages\/50\/page\/2\"><span class=\"elementor-screen-only\">Seite<\/span>2<\/a>\n<a class=\"page-numbers\" href=\"https:\/\/www.airpressureswitch.com\/de\/wp-json\/wp\/v2\/pages\/50\/page\/3\"><span class=\"elementor-screen-only\">Seite<\/span>3<\/a>\n<a class=\"page-numbers\" href=\"https:\/\/www.airpressureswitch.com\/de\/wp-json\/wp\/v2\/pages\/50\/page\/4\"><span class=\"elementor-screen-only\">Seite<\/span>4<\/a>\n<a class=\"page-numbers\" href=\"https:\/\/www.airpressureswitch.com\/de\/wp-json\/wp\/v2\/pages\/50\/page\/5\"><span class=\"elementor-screen-only\">Seite<\/span>5<\/a>\n<a class=\"page-numbers next\" href=\"https:\/\/www.airpressureswitch.com\/de\/wp-json\/wp\/v2\/pages\/50\/page\/2\">N\u00e4chste &quot;\u00bb<\/a>\t\t<\/nav>\n\t\t\t\t\t\t<\/div>\n\t\t\t\t<\/div>\n\t\t\t\t\t<\/div>\n\t\t<\/div>\n\t\t\t\t\t<\/div>\n\t\t<\/section>\n\t\t\t\t<section class=\"elementor-section elementor-top-section elementor-element elementor-element-911a418 elementor-section-boxed elementor-section-height-default elementor-section-height-default\" data-id=\"911a418\" data-element_type=\"section\" data-e-type=\"section\">\n\t\t\t\t\t\t<div class=\"elementor-container elementor-column-gap-default\">\n\t\t\t\t\t<div class=\"elementor-column elementor-col-100 elementor-top-column elementor-element elementor-element-b55a0bd\" data-id=\"b55a0bd\" data-element_type=\"column\" data-e-type=\"column\">\n\t\t\t<div class=\"elementor-widget-wrap\">\n\t\t\t\t\t\t\t<\/div>\n\t\t<\/div>\n\t\t\t\t\t<\/div>\n\t\t<\/section>\n\t\t\t\t<\/div>","protected":false},"excerpt":{"rendered":"<p>Diese Seite vermittelt Wissen und praktische Erfahrung, beispielsweise zur Installation von Luftdruckschaltern, zur Bestimmung der Wasserstandsparameter, zur Auswahl von Durchflusssensoren und zur Reparatur von Luftdrucksensoren an Gasheizkesseln. Ziel ist es, Nutzern das Verst\u00e4ndnis von REGAL-Produkten zu erleichtern.<\/p>","protected":false},"author":1,"featured_media":0,"parent":0,"menu_order":5,"comment_status":"closed","ping_status":"closed","template":"","meta":{"site-sidebar-layout":"no-sidebar","site-content-layout":"page-builder","ast-site-content-layout":"full-width-container","site-content-style":"unboxed","site-sidebar-style":"unboxed","ast-global-header-display":"","ast-banner-title-visibility":"","ast-main-header-display":"","ast-hfb-above-header-display":"","ast-hfb-below-header-display":"","ast-hfb-mobile-header-display":"","site-post-title":"disabled","ast-breadcrumbs-content":"","ast-featured-img":"disabled","footer-sml-layout":"","ast-disable-related-posts":"","theme-transparent-header-meta":"default","adv-header-id-meta":"","stick-header-meta":"","header-above-stick-meta":"","header-main-stick-meta":"","header-below-stick-meta":"","astra-migrate-meta-layouts":"set","ast-page-background-enabled":"default","ast-page-background-meta":{"desktop":{"background-color":"var(--ast-global-color-4)","background-image":"","background-repeat":"repeat","background-position":"center center","background-size":"auto","background-attachment":"scroll","background-type":"","background-media":"","overlay-type":"","overlay-color":"","overlay-opacity":"","overlay-gradient":""},"tablet":{"background-color":"","background-image":"","background-repeat":"repeat","background-position":"center center","background-size":"auto","background-attachment":"scroll","background-type":"","background-media":"","overlay-type":"","overlay-color":"","overlay-opacity":"","overlay-gradient":""},"mobile":{"background-color":"","background-image":"","background-repeat":"repeat","background-position":"center center","background-size":"auto","background-attachment":"scroll","background-type":"","background-media":"","overlay-type":"","overlay-color":"","overlay-opacity":"","overlay-gradient":""}},"ast-content-background-meta":{"desktop":{"background-color":"var(--ast-global-color-5)","background-image":"","background-repeat":"repeat","background-position":"center center","background-size":"auto","background-attachment":"scroll","background-type":"","background-media":"","overlay-type":"","overlay-color":"","overlay-opacity":"","overlay-gradient":""},"tablet":{"background-color":"var(--ast-global-color-5)","background-image":"","background-repeat":"repeat","background-position":"center center","background-size":"auto","background-attachment":"scroll","background-type":"","background-media":"","overlay-type":"","overlay-color":"","overlay-opacity":"","overlay-gradient":""},"mobile":{"background-color":"var(--ast-global-color-5)","background-image":"","background-repeat":"repeat","background-position":"center center","background-size":"auto","background-attachment":"scroll","background-type":"","background-media":"","overlay-type":"","overlay-color":"","overlay-opacity":"","overlay-gradient":""}},"footnotes":""},"class_list":["post-50","page","type-page","status-publish","hentry"],"_links":{"self":[{"href":"https:\/\/www.airpressureswitch.com\/de\/wp-json\/wp\/v2\/pages\/50","targetHints":{"allow":["GET"]}}],"collection":[{"href":"https:\/\/www.airpressureswitch.com\/de\/wp-json\/wp\/v2\/pages"}],"about":[{"href":"https:\/\/www.airpressureswitch.com\/de\/wp-json\/wp\/v2\/types\/page"}],"author":[{"embeddable":true,"href":"https:\/\/www.airpressureswitch.com\/de\/wp-json\/wp\/v2\/users\/1"}],"replies":[{"embeddable":true,"href":"https:\/\/www.airpressureswitch.com\/de\/wp-json\/wp\/v2\/comments?post=50"}],"version-history":[{"count":7,"href":"https:\/\/www.airpressureswitch.com\/de\/wp-json\/wp\/v2\/pages\/50\/revisions"}],"predecessor-version":[{"id":1602,"href":"https:\/\/www.airpressureswitch.com\/de\/wp-json\/wp\/v2\/pages\/50\/revisions\/1602"}],"wp:attachment":[{"href":"https:\/\/www.airpressureswitch.com\/de\/wp-json\/wp\/v2\/media?parent=50"}],"curies":[{"name":"wp","href":"https:\/\/api.w.org\/{rel}","templated":true}]}}