{"id":76,"date":"2022-11-04T06:20:14","date_gmt":"2022-11-04T06:20:14","guid":{"rendered":"https:\/\/www.airpressureswitch.com\/?page_id=76"},"modified":"2022-12-12T02:26:52","modified_gmt":"2022-12-12T02:26:52","slug":"teile","status":"publish","type":"page","link":"https:\/\/www.airpressureswitch.com\/de\/parts","title":{"rendered":"Teile"},"content":{"rendered":"<div data-elementor-type=\"wp-page\" data-elementor-id=\"76\" class=\"elementor elementor-76\" data-elementor-post-type=\"page\">\n\t\t\t\t\t\t<section class=\"elementor-section elementor-top-section elementor-element elementor-element-5880ada8 elementor-section-full_width elementor-section-height-default elementor-section-height-default\" data-id=\"5880ada8\" data-element_type=\"section\" data-e-type=\"section\">\n\t\t\t\t\t\t<div class=\"elementor-container elementor-column-gap-no\">\n\t\t\t\t\t<div class=\"elementor-column elementor-col-100 elementor-top-column elementor-element elementor-element-64238ae5\" data-id=\"64238ae5\" data-element_type=\"column\" data-e-type=\"column\">\n\t\t\t<div class=\"elementor-widget-wrap elementor-element-populated\">\n\t\t\t\t\t\t<div class=\"elementor-element elementor-element-a18ae1f elementor-widget elementor-widget-shortcode\" data-id=\"a18ae1f\" data-element_type=\"widget\" data-e-type=\"widget\" data-widget_type=\"shortcode.default\">\n\t\t\t\t<div class=\"elementor-widget-container\">\n\t\t\t\t\t\t\t<div class=\"elementor-shortcode\">\t\t<div data-elementor-type=\"section\" data-elementor-id=\"357\" class=\"elementor elementor-357\" data-elementor-post-type=\"elementor_library\">\n\t\t\t\t\t<section class=\"elementor-section elementor-top-section elementor-element elementor-element-c24beee elementor-section-boxed elementor-section-height-default elementor-section-height-default\" data-id=\"c24beee\" data-element_type=\"section\" data-e-type=\"section\" data-settings=\"{&quot;background_background&quot;:&quot;classic&quot;,&quot;shape_divider_bottom&quot;:&quot;curve&quot;}\">\n\t\t\t\t\t\t\t<div class=\"elementor-background-overlay\"><\/div>\n\t\t\t\t\t\t<div class=\"elementor-shape elementor-shape-bottom\" aria-hidden=\"true\" data-negative=\"false\">\n\t\t\t<svg xmlns=\"http:\/\/www.w3.org\/2000\/svg\" viewbox=\"0 0 1000 100\" preserveaspectratio=\"none\">\n    <path class=\"elementor-shape-fill\" d=\"M1000,4.3V0H0v4.3C0.9,23.1,126.7,99.2,500,100S1000,22.7,1000,4.3z\"\/>\n<\/svg>\t\t<\/div>\n\t\t\t\t\t<div class=\"elementor-container elementor-column-gap-default\">\n\t\t\t\t\t<div class=\"elementor-column elementor-col-100 elementor-top-column elementor-element elementor-element-ed1f280\" data-id=\"ed1f280\" data-element_type=\"column\" data-e-type=\"column\">\n\t\t\t<div class=\"elementor-widget-wrap elementor-element-populated\">\n\t\t\t\t\t\t<div class=\"elementor-element elementor-element-24f9ccd elementor-widget elementor-widget-woocommerce-breadcrumb\" data-id=\"24f9ccd\" data-element_type=\"widget\" data-e-type=\"widget\" data-widget_type=\"woocommerce-breadcrumb.default\">\n\t\t\t\t<div class=\"elementor-widget-container\">\n\t\t\t\t\t<nav class=\"woocommerce-breadcrumb\" aria-label=\"Breadcrumb\" data-no-translation=\"\" data-trp-gettext=\"\">Start<\/nav>\t\t\t\t<\/div>\n\t\t\t\t<\/div>\n\t\t\t\t\t<\/div>\n\t\t<\/div>\n\t\t\t\t\t<\/div>\n\t\t<\/section>\n\t\t\t\t<\/div>\n\t\t<\/div>\n\t\t\t\t\t\t<\/div>\n\t\t\t\t<\/div>\n\t\t\t\t\t<\/div>\n\t\t<\/div>\n\t\t\t\t\t<\/div>\n\t\t<\/section>\n\t\t\t\t<section class=\"elementor-section elementor-top-section elementor-element elementor-element-24f93155 elementor-section-boxed elementor-section-height-default elementor-section-height-default\" data-id=\"24f93155\" data-element_type=\"section\" data-e-type=\"section\">\n\t\t\t\t\t\t<div class=\"elementor-container elementor-column-gap-default\">\n\t\t\t\t\t<div class=\"elementor-column elementor-col-100 elementor-top-column elementor-element elementor-element-4a8cdb1b\" data-id=\"4a8cdb1b\" data-element_type=\"column\" data-e-type=\"column\">\n\t\t\t<div class=\"elementor-widget-wrap elementor-element-populated\">\n\t\t\t\t\t\t<div class=\"elementor-element elementor-element-16346295 elementor-widget elementor-widget-text-editor\" data-id=\"16346295\" data-element_type=\"widget\" data-e-type=\"widget\" data-widget_type=\"text-editor.default\">\n\t\t\t\t<div class=\"elementor-widget-container\">\n\t\t\t\t\t\t\t\t\t<p>Unsere Luftdruckschalter sind preisg\u00fcnstig und von hoher Qualit\u00e4t. Im Gegensatz zu anderen Herstellern halten wir die Luftdrucktoleranzen in einem engen Bereich. Regal bietet Ihnen zudem eine gro\u00dfe Auswahl an Luftdruckschaltern verschiedener Typen, darunter A2, A4S, A40, A5, A6, A7, U3 und viele mehr.<\/p>\t\t\t\t\t\t\t\t<\/div>\n\t\t\t\t<\/div>\n\t\t\t\t\t<\/div>\n\t\t<\/div>\n\t\t\t\t\t<\/div>\n\t\t<\/section>\n\t\t\t\t<section class=\"elementor-section elementor-top-section elementor-element elementor-element-4e8fc8c2 elementor-section-boxed elementor-section-height-default elementor-section-height-default\" data-id=\"4e8fc8c2\" data-element_type=\"section\" data-e-type=\"section\">\n\t\t\t\t\t\t<div class=\"elementor-container elementor-column-gap-default\">\n\t\t\t\t\t<div class=\"elementor-column elementor-col-50 elementor-top-column elementor-element elementor-element-100e79b4 elementor-hidden-mobile\" data-id=\"100e79b4\" data-element_type=\"column\" data-e-type=\"column\">\n\t\t\t<div class=\"elementor-widget-wrap elementor-element-populated\">\n\t\t\t\t\t\t<div class=\"elementor-element elementor-element-13635028 elementor-widget elementor-widget-sidebar\" data-id=\"13635028\" data-element_type=\"widget\" data-e-type=\"widget\" data-widget_type=\"sidebar.default\">\n\t\t\t\t<div class=\"elementor-widget-container\">\n\t\t\t\t\t<aside id=\"maxmegamenu-2\" class=\"widget widget_maxmegamenu\"><div id=\"mega-menu-wrap-max_mega_menu_1\" class=\"mega-menu-wrap\"><div class=\"mega-menu-toggle\"><div class=\"mega-toggle-blocks-left\"><\/div><div class=\"mega-toggle-blocks-center\"><\/div><div class=\"mega-toggle-blocks-right\"><div class='mega-toggle-block mega-menu-toggle-animated-block mega-toggle-block-0' id='mega-toggle-block-0'><button aria-label=\"Men\u00fc umschalten\" class=\"mega-toggle-animated mega-toggle-animated-slider\" type=\"button\" aria-expanded=\"false\">\n                  <span class=\"mega-toggle-animated-box\">\n                    <span class=\"mega-toggle-animated-inner\"><\/span>\n                  <\/span>\n                <\/button><\/div><\/div><\/div><ul id=\"mega-menu-max_mega_menu_1\" class=\"mega-menu max-mega-menu mega-menu-accordion mega-no-js\" data-event=\"click\" data-effect=\"fade_up\" data-effect-speed=\"200\" data-effect-mobile=\"disabled\" data-effect-speed-mobile=\"0\" data-mobile-force-width=\"false\" data-second-click=\"go\" data-document-click=\"disabled\" data-vertical-behaviour=\"standard\" data-breakpoint=\"768\" data-unbind=\"true\" data-mobile-state=\"collapse_all\" data-mobile-direction=\"vertical\" data-hover-intent-timeout=\"300\" data-hover-intent-interval=\"100\"><li class=\"mega-menu-item mega-menu-item-type-post_type mega-menu-item-object-page mega-align-bottom-left mega-menu-flyout mega-menu-item-356\" id=\"mega-menu-item-356\"><a class=\"mega-menu-link\" href=\"https:\/\/www.airpressureswitch.com\/de\/air-pressure-switch\" tabindex=\"0\">Luftdruckschalter<\/a><\/li><li class=\"mega-menu-item mega-menu-item-type-post_type mega-menu-item-object-page mega-align-bottom-left mega-menu-flyout mega-menu-item-355\" id=\"mega-menu-item-355\"><a class=\"mega-menu-link\" href=\"https:\/\/www.airpressureswitch.com\/de\/water-pressure-switch\" tabindex=\"0\">Wasserdruckschalter<\/a><\/li><li class=\"mega-menu-item mega-menu-item-type-post_type mega-menu-item-object-page mega-align-bottom-left mega-menu-flyout mega-menu-item-354\" id=\"mega-menu-item-354\"><a class=\"mega-menu-link\" href=\"https:\/\/www.airpressureswitch.com\/de\/water-level-switch\" tabindex=\"0\">Wasserstandsschalter<\/a><\/li><li class=\"mega-menu-item mega-menu-item-type-post_type mega-menu-item-object-page mega-align-bottom-left mega-menu-flyout mega-menu-item-605\" id=\"mega-menu-item-605\"><a class=\"mega-menu-link\" href=\"https:\/\/www.airpressureswitch.com\/de\/water-level-sensor\" tabindex=\"0\">Wasserstandssensor<\/a><\/li><li class=\"mega-menu-item mega-menu-item-type-post_type mega-menu-item-object-page mega-align-bottom-left mega-menu-flyout mega-menu-item-353\" id=\"mega-menu-item-353\"><a class=\"mega-menu-link\" href=\"https:\/\/www.airpressureswitch.com\/de\/flow-sensor\" tabindex=\"0\">Durchflusssensor<\/a><\/li><li class=\"mega-menu-item mega-menu-item-type-post_type mega-menu-item-object-page mega-align-bottom-left mega-menu-flyout mega-menu-item-352\" id=\"mega-menu-item-352\"><a class=\"mega-menu-link\" href=\"https:\/\/www.airpressureswitch.com\/de\/safety-relief-valve\" tabindex=\"0\">Sicherheitsventil<\/a><\/li><li class=\"mega-menu-item mega-menu-item-type-post_type mega-menu-item-object-page mega-align-bottom-left mega-menu-flyout mega-menu-item-351\" id=\"mega-menu-item-351\"><a class=\"mega-menu-link\" href=\"https:\/\/www.airpressureswitch.com\/de\/parts\" tabindex=\"0\">Teile<\/a><\/li><\/ul><\/div><\/aside>\t\t\t\t<\/div>\n\t\t\t\t<\/div>\n\t\t\t\t\t<\/div>\n\t\t<\/div>\n\t\t\t\t<div class=\"elementor-column elementor-col-50 elementor-top-column elementor-element elementor-element-20f6953a\" data-id=\"20f6953a\" data-element_type=\"column\" data-e-type=\"column\">\n\t\t\t<div class=\"elementor-widget-wrap elementor-element-populated\">\n\t\t\t\t\t\t<div class=\"elementor-element elementor-element-52c77a00 elementor-grid-4 elementor-grid-mobile-2 elementor-grid-tablet-2 elementor-posts--thumbnail-top elementor-widget elementor-widget-posts\" data-id=\"52c77a00\" data-element_type=\"widget\" data-e-type=\"widget\" data-settings=\"{&quot;classic_columns&quot;:&quot;4&quot;,&quot;classic_columns_mobile&quot;:&quot;2&quot;,&quot;classic_row_gap&quot;:{&quot;unit&quot;:&quot;px&quot;,&quot;size&quot;:8,&quot;sizes&quot;:[]},&quot;classic_row_gap_mobile&quot;:{&quot;unit&quot;:&quot;px&quot;,&quot;size&quot;:2,&quot;sizes&quot;:[]},&quot;pagination_type&quot;:&quot;numbers_and_prev_next&quot;,&quot;classic_columns_tablet&quot;:&quot;2&quot;,&quot;classic_row_gap_tablet&quot;:{&quot;unit&quot;:&quot;px&quot;,&quot;size&quot;:&quot;&quot;,&quot;sizes&quot;:[]}}\" data-widget_type=\"posts.classic\">\n\t\t\t\t<div class=\"elementor-widget-container\">\n\t\t\t\t\t\t\t<div class=\"elementor-posts-container elementor-posts elementor-posts--skin-classic elementor-grid\" role=\"list\">\n\t\t\t\t<article class=\"elementor-post elementor-grid-item post-2096 product type-product status-publish has-post-thumbnail product_cat-parts desktop-align-left tablet-align-left mobile-align-left first instock shipping-taxable product-type-simple\" role=\"listitem\">\n\t\t\t\t<a class=\"elementor-post__thumbnail__link\" href=\"https:\/\/www.airpressureswitch.com\/de\/product\/jq-02-commercial-dishwasher-gas-collector-box\" tabindex=\"-1\" >\n\t\t\t<div class=\"elementor-post__thumbnail\"><img fetchpriority=\"high\" decoding=\"async\" width=\"800\" height=\"800\" src=\"https:\/\/www.airpressureswitch.com\/wp-content\/uploads\/2024\/10\/1-1.jpg\" class=\"attachment-full size-full wp-image-2098\" alt=\"\" srcset=\"https:\/\/www.airpressureswitch.com\/wp-content\/uploads\/2024\/10\/1-1.jpg 800w, https:\/\/www.airpressureswitch.com\/wp-content\/uploads\/2024\/10\/1-1-300x300.jpg 300w, https:\/\/www.airpressureswitch.com\/wp-content\/uploads\/2024\/10\/1-1-150x150.jpg 150w, https:\/\/www.airpressureswitch.com\/wp-content\/uploads\/2024\/10\/1-1-768x768.jpg 768w, https:\/\/www.airpressureswitch.com\/wp-content\/uploads\/2024\/10\/1-1-600x600.jpg 600w, https:\/\/www.airpressureswitch.com\/wp-content\/uploads\/2024\/10\/1-1-100x100.jpg 100w\" sizes=\"(max-width: 800px) 100vw, 800px\"><\/div>\n\t\t<\/a>\n\t\t\t\t<div class=\"elementor-post__text\">\n\t\t\t\t<h3 class=\"elementor-post__title\">\n\t\t\t<a href=\"https:\/\/www.airpressureswitch.com\/de\/product\/jq-02-commercial-dishwasher-gas-collector-box\" >\n\t\t\t\tJQ-02 Serie gewerblicher Geschirrsp\u00fcler Gaskasten Einbauzubeh\u00f6r Hersteller gro\u00dfer Geschirrsp\u00fclerger\u00e4te Druckschalter\t\t\t<\/a>\n\t\t<\/h3>\n\t\t\t\t<\/div>\n\t\t\t\t<\/article>\n\t\t\t\t<article class=\"elementor-post elementor-grid-item post-2089 product type-product status-publish has-post-thumbnail product_cat-parts desktop-align-left tablet-align-left mobile-align-left  instock shipping-taxable product-type-simple\" role=\"listitem\">\n\t\t\t\t<a class=\"elementor-post__thumbnail__link\" href=\"https:\/\/www.airpressureswitch.com\/de\/product\/commercial-dishwasher-gas-box\" tabindex=\"-1\" >\n\t\t\t<div class=\"elementor-post__thumbnail\"><img decoding=\"async\" width=\"800\" height=\"800\" src=\"https:\/\/www.airpressureswitch.com\/wp-content\/uploads\/2024\/10\/1.jpg\" class=\"attachment-full size-full wp-image-2090\" alt=\"\" srcset=\"https:\/\/www.airpressureswitch.com\/wp-content\/uploads\/2024\/10\/1.jpg 800w, https:\/\/www.airpressureswitch.com\/wp-content\/uploads\/2024\/10\/1-300x300.jpg 300w, https:\/\/www.airpressureswitch.com\/wp-content\/uploads\/2024\/10\/1-150x150.jpg 150w, https:\/\/www.airpressureswitch.com\/wp-content\/uploads\/2024\/10\/1-768x768.jpg 768w, https:\/\/www.airpressureswitch.com\/wp-content\/uploads\/2024\/10\/1-600x600.jpg 600w, https:\/\/www.airpressureswitch.com\/wp-content\/uploads\/2024\/10\/1-100x100.jpg 100w\" sizes=\"(max-width: 800px) 100vw, 800px\"><\/div>\n\t\t<\/a>\n\t\t\t\t<div class=\"elementor-post__text\">\n\t\t\t\t<h3 class=\"elementor-post__title\">\n\t\t\t<a href=\"https:\/\/www.airpressureswitch.com\/de\/product\/commercial-dishwasher-gas-box\" >\n\t\t\t\tHersteller liefern die Dichtungsmutter JQ-01 f\u00fcr die Gaskastenmutter von gewerblichen Geschirrsp\u00fclern sowie externes Zubeh\u00f6r, den Druckschalter f\u00fcr Geschirrsp\u00fcler.\t\t\t<\/a>\n\t\t<\/h3>\n\t\t\t\t<\/div>\n\t\t\t\t<\/article>\n\t\t\t\t<article class=\"elementor-post elementor-grid-item post-939 product type-product status-publish has-post-thumbnail product_cat-parts desktop-align-left tablet-align-left mobile-align-left  instock shipping-taxable product-type-simple\" role=\"listitem\">\n\t\t\t\t<a class=\"elementor-post__thumbnail__link\" href=\"https:\/\/www.airpressureswitch.com\/de\/product\/steam-condensate-separator\" tabindex=\"-1\" >\n\t\t\t<div class=\"elementor-post__thumbnail\"><img decoding=\"async\" width=\"800\" height=\"800\" src=\"https:\/\/www.airpressureswitch.com\/wp-content\/uploads\/2022\/12\/Steam-Condensate-Separator-Wall-Hanging-Gas-Boiler-13.9-mm-3.jpg\" class=\"attachment-full size-full wp-image-942\" alt=\"Dampf-Kondensat-Abscheider Wandh\u00e4ngender Gaskessel 13,9 mm (3)\" srcset=\"https:\/\/www.airpressureswitch.com\/wp-content\/uploads\/2022\/12\/Steam-Condensate-Separator-Wall-Hanging-Gas-Boiler-13.9-mm-3.jpg 800w, https:\/\/www.airpressureswitch.com\/wp-content\/uploads\/2022\/12\/Steam-Condensate-Separator-Wall-Hanging-Gas-Boiler-13.9-mm-3-300x300.jpg 300w, https:\/\/www.airpressureswitch.com\/wp-content\/uploads\/2022\/12\/Steam-Condensate-Separator-Wall-Hanging-Gas-Boiler-13.9-mm-3-150x150.jpg 150w, https:\/\/www.airpressureswitch.com\/wp-content\/uploads\/2022\/12\/Steam-Condensate-Separator-Wall-Hanging-Gas-Boiler-13.9-mm-3-768x768.jpg 768w, https:\/\/www.airpressureswitch.com\/wp-content\/uploads\/2022\/12\/Steam-Condensate-Separator-Wall-Hanging-Gas-Boiler-13.9-mm-3-600x600.jpg 600w, https:\/\/www.airpressureswitch.com\/wp-content\/uploads\/2022\/12\/Steam-Condensate-Separator-Wall-Hanging-Gas-Boiler-13.9-mm-3-100x100.jpg 100w\" sizes=\"(max-width: 800px) 100vw, 800px\" \/><\/div>\n\t\t<\/a>\n\t\t\t\t<div class=\"elementor-post__text\">\n\t\t\t\t<h3 class=\"elementor-post__title\">\n\t\t\t<a href=\"https:\/\/www.airpressureswitch.com\/de\/product\/steam-condensate-separator\" >\n\t\t\t\tS11 Dampf-Kondensat-Abscheider, wandh\u00e4ngend, Gaskessel, 13,9 mm\t\t\t<\/a>\n\t\t<\/h3>\n\t\t\t\t<\/div>\n\t\t\t\t<\/article>\n\t\t\t\t<article class=\"elementor-post elementor-grid-item post-740 product type-product status-publish has-post-thumbnail product_cat-parts desktop-align-left tablet-align-left mobile-align-left last instock shipping-taxable product-type-simple\" role=\"listitem\">\n\t\t\t\t<a class=\"elementor-post__thumbnail__link\" href=\"https:\/\/www.airpressureswitch.com\/de\/product\/condensate-separator\" tabindex=\"-1\" >\n\t\t\t<div class=\"elementor-post__thumbnail\"><img loading=\"lazy\" decoding=\"async\" width=\"800\" height=\"800\" src=\"https:\/\/www.airpressureswitch.com\/wp-content\/uploads\/2022\/11\/Condensate-Separator-Air-Pressure-Switch-Accessory-S12-7.jpg\" class=\"attachment-full size-full wp-image-745\" alt=\"Zubeh\u00f6r S12 (7) f\u00fcr Kondensatabscheider-Luftdruckschalter\" srcset=\"https:\/\/www.airpressureswitch.com\/wp-content\/uploads\/2022\/11\/Condensate-Separator-Air-Pressure-Switch-Accessory-S12-7.jpg 800w, https:\/\/www.airpressureswitch.com\/wp-content\/uploads\/2022\/11\/Condensate-Separator-Air-Pressure-Switch-Accessory-S12-7-300x300.jpg 300w, https:\/\/www.airpressureswitch.com\/wp-content\/uploads\/2022\/11\/Condensate-Separator-Air-Pressure-Switch-Accessory-S12-7-150x150.jpg 150w, https:\/\/www.airpressureswitch.com\/wp-content\/uploads\/2022\/11\/Condensate-Separator-Air-Pressure-Switch-Accessory-S12-7-768x768.jpg 768w, https:\/\/www.airpressureswitch.com\/wp-content\/uploads\/2022\/11\/Condensate-Separator-Air-Pressure-Switch-Accessory-S12-7-600x600.jpg 600w, https:\/\/www.airpressureswitch.com\/wp-content\/uploads\/2022\/11\/Condensate-Separator-Air-Pressure-Switch-Accessory-S12-7-100x100.jpg 100w\" sizes=\"(max-width: 800px) 100vw, 800px\" \/><\/div>\n\t\t<\/a>\n\t\t\t\t<div class=\"elementor-post__text\">\n\t\t\t\t<h3 class=\"elementor-post__title\">\n\t\t\t<a href=\"https:\/\/www.airpressureswitch.com\/de\/product\/condensate-separator\" >\n\t\t\t\tZubeh\u00f6r S12 f\u00fcr Kondensatabscheider-Luftdruckschalter\t\t\t<\/a>\n\t\t<\/h3>\n\t\t\t\t<\/div>\n\t\t\t\t<\/article>\n\t\t\t\t<\/div>\n\t\t\n\t\t\t\t\t\t<\/div>\n\t\t\t\t<\/div>\n\t\t\t\t\t<\/div>\n\t\t<\/div>\n\t\t\t\t\t<\/div>\n\t\t<\/section>\n\t\t\t\t<\/div>","protected":false},"excerpt":{"rendered":"<p>Our air pressure switch price is competitive and the quality is good. Unlike the other factories, we control the air pressure tolerance in a small<\/p>","protected":false},"author":1,"featured_media":0,"parent":0,"menu_order":14,"comment_status":"closed","ping_status":"closed","template":"","meta":{"site-sidebar-layout":"no-sidebar","site-content-layout":"page-builder","ast-site-content-layout":"default","site-content-style":"default","site-sidebar-style":"default","ast-global-header-display":"","ast-banner-title-visibility":"","ast-main-header-display":"","ast-hfb-above-header-display":"","ast-hfb-below-header-display":"","ast-hfb-mobile-header-display":"","site-post-title":"disabled","ast-breadcrumbs-content":"","ast-featured-img":"disabled","footer-sml-layout":"","ast-disable-related-posts":"","theme-transparent-header-meta":"default","adv-header-id-meta":"","stick-header-meta":"","header-above-stick-meta":"","header-main-stick-meta":"","header-below-stick-meta":"","astra-migrate-meta-layouts":"default","ast-page-background-enabled":"default","ast-page-background-meta":{"desktop":{"background-color":"var(--ast-global-color-4)","background-image":"","background-repeat":"repeat","background-position":"center center","background-size":"auto","background-attachment":"scroll","background-type":"","background-media":"","overlay-type":"","overlay-color":"","overlay-opacity":"","overlay-gradient":""},"tablet":{"background-color":"","background-image":"","background-repeat":"repeat","background-position":"center center","background-size":"auto","background-attachment":"scroll","background-type":"","background-media":"","overlay-type":"","overlay-color":"","overlay-opacity":"","overlay-gradient":""},"mobile":{"background-color":"","background-image":"","background-repeat":"repeat","background-position":"center center","background-size":"auto","background-attachment":"scroll","background-type":"","background-media":"","overlay-type":"","overlay-color":"","overlay-opacity":"","overlay-gradient":""}},"ast-content-background-meta":{"desktop":{"background-color":"var(--ast-global-color-5)","background-image":"","background-repeat":"repeat","background-position":"center center","background-size":"auto","background-attachment":"scroll","background-type":"","background-media":"","overlay-type":"","overlay-color":"","overlay-opacity":"","overlay-gradient":""},"tablet":{"background-color":"var(--ast-global-color-5)","background-image":"","background-repeat":"repeat","background-position":"center center","background-size":"auto","background-attachment":"scroll","background-type":"","background-media":"","overlay-type":"","overlay-color":"","overlay-opacity":"","overlay-gradient":""},"mobile":{"background-color":"var(--ast-global-color-5)","background-image":"","background-repeat":"repeat","background-position":"center center","background-size":"auto","background-attachment":"scroll","background-type":"","background-media":"","overlay-type":"","overlay-color":"","overlay-opacity":"","overlay-gradient":""}},"footnotes":""},"class_list":["post-76","page","type-page","status-publish","hentry","desktop-align-left","tablet-align-left","mobile-align-left"],"_links":{"self":[{"href":"https:\/\/www.airpressureswitch.com\/de\/wp-json\/wp\/v2\/pages\/76","targetHints":{"allow":["GET"]}}],"collection":[{"href":"https:\/\/www.airpressureswitch.com\/de\/wp-json\/wp\/v2\/pages"}],"about":[{"href":"https:\/\/www.airpressureswitch.com\/de\/wp-json\/wp\/v2\/types\/page"}],"author":[{"embeddable":true,"href":"https:\/\/www.airpressureswitch.com\/de\/wp-json\/wp\/v2\/users\/1"}],"replies":[{"embeddable":true,"href":"https:\/\/www.airpressureswitch.com\/de\/wp-json\/wp\/v2\/comments?post=76"}],"version-history":[{"count":1,"href":"https:\/\/www.airpressureswitch.com\/de\/wp-json\/wp\/v2\/pages\/76\/revisions"}],"predecessor-version":[{"id":898,"href":"https:\/\/www.airpressureswitch.com\/de\/wp-json\/wp\/v2\/pages\/76\/revisions\/898"}],"wp:attachment":[{"href":"https:\/\/www.airpressureswitch.com\/de\/wp-json\/wp\/v2\/media?parent=76"}],"curies":[{"name":"wp","href":"https:\/\/api.w.org\/{rel}","templated":true}]}}