{"id":1089,"date":"2023-02-14T06:07:01","date_gmt":"2023-02-14T06:07:01","guid":{"rendered":"https:\/\/www.airpressureswitch.com\/?post_type=product&#038;p=1089"},"modified":"2024-01-26T08:37:29","modified_gmt":"2024-01-26T08:37:29","slug":"luftdruckschalter-kessel","status":"publish","type":"product","link":"https:\/\/www.airpressureswitch.com\/de\/product\/air-pressure-switch-boiler","title":{"rendered":"Luftdruckschalter Kesselsensor 5 mA 5 V DC"},"content":{"rendered":"<h3>C5 Luftdruckschalter Kesselsensorfunktion<\/h3>\n<p class=\"tgt\" data-section=\"0\"><span class=\"tgt highlight\" data-section=\"0\" data-sentence=\"0\" data-group=\"0-0\">Der Luftdruckschalter des Gas-Wassererhitzers (eigentlich der Luftdrucksensor), der sich \u00fcblicherweise in der oberen rechten Ecke des Wassererhitzers befindet, ist ein scheibenf\u00f6rmiges Bauteil von etwa der Gr\u00f6\u00dfe eines Teetassendeckels, das mit drei Dr\u00e4hten und einem hohlen Kunststoffrohr verbunden ist.<\/span><\/p>\n<h4 class=\"tgt\" data-section=\"2\"><span class=\"tgt\" data-section=\"2\" data-sentence=\"0\" data-group=\"2-0\">Der Luftdrucksensor funktioniert ungef\u00e4hr so:<\/span><\/h4>\n<p class=\"tgt\" data-section=\"4\"><span class=\"tgt\" data-section=\"4\" data-sentence=\"0\" data-group=\"4-0\">Die Wasser-Gas-Kopplungseinrichtung des Gaswarmwasserbereiters wird durch den Wasserdurchfluss aktiviert, nachdem der Warmwasserhahn ge\u00f6ffnet wurde. Die dadurch entstehende mechanische Bewegung bet\u00e4tigt den Mikroschalter, \u00f6ffnet das Magnetventil zur Gaszufuhr und z\u00fcndet den Z\u00fcndkreis.<\/span><\/p>\n<p class=\"tgt\" data-section=\"4\"><span class=\"tgt\" data-section=\"4\" data-sentence=\"1\" data-group=\"4-1\">Gleichzeitig startet der Mikroschalter auch den starken Abluftventilator, der das Zwangsabluftsystem in Gang setzt. Der starke Abluftventilator verf\u00fcgt \u00fcber einen Bypass, der \u00fcber ein kleines Kunststoffrohr den Winddrucksensor mit Luft versorgt. Der Winddrucksensor ist mit einer eingebauten Folie ausgestattet, die auf einer Seite dem Winddruck (Luftdruck) ausgesetzt ist. Das Sensorsignal wird kontinuierlich und stabil an den Z\u00fcndregelkreis weitergeleitet. Sobald das Sensorsignal unterbrochen wird,<\/span><span class=\"tgt\" data-section=\"4\" data-sentence=\"2\" data-group=\"4-2\"> Die Maschinenlogik unterbricht automatisch den Z\u00fcndkreis und schlie\u00dft das Luftventil.<\/span><span class=\"tgt\" data-section=\"4\" data-sentence=\"3\" data-group=\"4-3\"> Letztendlich f\u00fchrt dies dazu, dass der Warmwasserbereiter passiv seine Funktion einstellt.<\/span><\/p>\n<p><img fetchpriority=\"high\" decoding=\"async\" class=\"size-full wp-image-1094\" src=\"https:\/\/www.airpressureswitch.com\/wp-content\/uploads\/2023\/02\/Air-Pressure-Switch-Boiler-Sensor-5mA-5VDC-1116.jpg\" alt=\"Luftdruckschalter Kesselsensor 5mA 5VDC (1116)\" width=\"1000\" height=\"388\" srcset=\"https:\/\/www.airpressureswitch.com\/wp-content\/uploads\/2023\/02\/Air-Pressure-Switch-Boiler-Sensor-5mA-5VDC-1116.jpg 1000w, https:\/\/www.airpressureswitch.com\/wp-content\/uploads\/2023\/02\/Air-Pressure-Switch-Boiler-Sensor-5mA-5VDC-1116-300x116.jpg 300w, https:\/\/www.airpressureswitch.com\/wp-content\/uploads\/2023\/02\/Air-Pressure-Switch-Boiler-Sensor-5mA-5VDC-1116-768x298.jpg 768w, https:\/\/www.airpressureswitch.com\/wp-content\/uploads\/2023\/02\/Air-Pressure-Switch-Boiler-Sensor-5mA-5VDC-1116-600x233.jpg 600w\" sizes=\"(max-width: 1000px) 100vw, 1000px\" \/><\/p>\n<h3 class=\"elementor-heading-title elementor-size-default\"><a href=\"https:\/\/www.airpressureswitch.com\/de\/archiv\/1795\/\" target=\"_blank\" rel=\"noopener\">Was ist ein Druckschalter f\u00fcr einen Gaswarmwasserbereiter?<\/a><\/h3>\n<h4 class=\"tgt\" data-section=\"0\"><span class=\"tgt\" data-section=\"0\" data-sentence=\"0\" data-group=\"0-0\">Hauptparameter des Luftdruckschalterkessels<\/span><\/h4>\n<p class=\"tgt\" data-section=\"1\"><span class=\"tgt\" data-section=\"1\" data-sentence=\"0\" data-group=\"1-0\">(1) Linearit\u00e4t: Luftdruckschalterkessel bezieht sich auf den Grad, in dem die tats\u00e4chliche Beziehungskurve zwischen Sensorausgang und -eingang von der Ausgleichsgeraden abweicht.<\/span><span class=\"tgt\" data-section=\"1\" data-sentence=\"1\" data-group=\"1-1\"> Definiert als das Verh\u00e4ltnis der maximalen Abweichung zwischen der tats\u00e4chlichen Kennlinie und der Ausgleichsgeraden im Vollausschlagbereich zum Ausgabewert des Vollausschlags.<\/span><\/p>\n<p class=\"tgt\" data-section=\"3\"><span class=\"tgt\" data-section=\"3\" data-sentence=\"0\" data-group=\"3-0\">(2) Empfindlichkeit: Die Empfindlichkeit ist ein wichtiger Indikator f\u00fcr die statischen Eigenschaften des Sensors.<\/span><span class=\"tgt\" data-section=\"3\" data-sentence=\"1\" data-group=\"3-1\"> Sie ist definiert als das Verh\u00e4ltnis einer Zunahme der Ausgabegr\u00f6\u00dfe zu der entsprechenden Zunahme der Eingabegr\u00f6\u00dfe, die diese Zunahme verursacht.<\/span><span class=\"tgt\" data-section=\"3\" data-sentence=\"2\" data-group=\"3-2\"> Die Empfindlichkeit wird mit S angegeben.<\/span><\/p>\n<p class=\"tgt\" data-section=\"5\"><span class=\"tgt\" data-section=\"5\" data-sentence=\"0\" data-group=\"5-0\">(3) Hysterese: Wenn sich die Eingangsgr\u00f6\u00dfe des Sensors von klein auf gro\u00df \u00e4ndert (positiver Hub) und sich die Eingangsgr\u00f6\u00dfe von gro\u00df auf klein \u00e4ndert (r\u00fcckl\u00e4ufiger Hub), stimmen die Eingangs-Ausgangs-Kennlinien nicht \u00fcberein, was zu einer Hysterese f\u00fchrt.<\/span><span class=\"tgt\" data-section=\"5\" data-sentence=\"1\" data-group=\"5-1\"> Bei gleicher Gr\u00f6\u00dfe des Eingangssignals sind die positiven und negativen Ausschl\u00e4ge des Sensorausgangssignals nicht gleich gro\u00df; diese Differenz wird als Hysteresewert bezeichnet.<\/span><\/p>\n<p class=\"tgt\" data-section=\"7\"><span class=\"tgt\" data-section=\"7\" data-sentence=\"0\" data-group=\"7-0\">(4) Wiederholbarkeit: Die Wiederholbarkeit bezieht sich auf den Grad der Ungenauigkeit der Kennlinie, die sich ergibt, wenn sich der Eingang des Sensors kontinuierlich \u00fcber den gesamten Bereich in die gleiche Richtung \u00e4ndert.<\/span><\/p>\n<p class=\"tgt\" data-section=\"9\"><span class=\"tgt\" data-section=\"9\" data-sentence=\"0\" data-group=\"9-0\">(5) Drift: Unter Drift des Sensors versteht man die Ver\u00e4nderung des Sensorausgangs mit der Zeit bei gleichbleibendem Eingang. Dieses zweite Ph\u00e4nomen wird als Drift bezeichnet.<\/span><span class=\"tgt\" data-section=\"9\" data-sentence=\"1\" data-group=\"9-1\"> Es gibt zwei Gr\u00fcnde f\u00fcr die Drift: zum einen die strukturellen Parameter des Sensors selbst;<\/span><span class=\"tgt\" data-section=\"9\" data-sentence=\"2\" data-group=\"9-2\"> Zweitens die Umgebung (wie Temperatur, Luftfeuchtigkeit usw.).<\/span><\/p>\n<h3>C5 Luftdruckschalter-Kesselspezifikation<\/h3>\n<table style=\"height: 411px;\" border=\"1\" width=\"1361\" cellpadding=\"6\">\n<tbody>\n<tr style=\"height: 14.25pt;\">\n<td style=\"height: 14.25pt; width: 140.25pt;\" width=\"187\" height=\"19\">Modellnummer<\/td>\n<td style=\"width: 279.75pt;\" width=\"373\">C5 ohne Kabel und Stecker<\/td>\n<\/tr>\n<tr style=\"height: 14.25pt;\">\n<td style=\"height: 14.25pt; width: 140.25pt;\" width=\"187\" height=\"19\">Arbeitsmedium<\/td>\n<td style=\"width: 279.75pt;\" width=\"373\">Luft oder Gas-Abgas<\/td>\n<\/tr>\n<tr style=\"height: 14.25pt;\">\n<td style=\"height: 14.25pt;\" height=\"19\">Druck standhalten<\/td>\n<td>2000 Pa Max. (Pa in Psi)<\/td>\n<\/tr>\n<tr style=\"height: 14.25pt;\">\n<td style=\"height: 14.25pt;\" height=\"19\">Sensorgenauigkeit<\/td>\n<td>\u00b12%(Hz)<\/td>\n<\/tr>\n<tr style=\"height: 14.25pt;\">\n<td style=\"height: 14.25pt;\" height=\"19\">Durchschlagsfestigkeit<\/td>\n<td>500 V AC (&lt;3 mA)<\/td>\n<\/tr>\n<tr style=\"height: 14.25pt;\">\n<td style=\"height: 14.25pt;\" height=\"19\">Nennspannung<\/td>\n<td><a href=\"https:\/\/en.wikipedia.org\/wiki\/Direct_current\" target=\"_blank\" rel=\"noopener\">DC<\/a>4,75 V \u2013 5,25 V DC<\/td>\n<\/tr>\n<tr style=\"height: 14.25pt;\">\n<td style=\"height: 14.25pt;\" height=\"19\">Nennstrom<\/td>\n<td>5 mA<\/td>\n<\/tr>\n<tr style=\"height: 14.25pt;\">\n<td style=\"height: 14.25pt;\" height=\"19\">Niedrige Auslastung<\/td>\n<td>50%<\/td>\n<\/tr>\n<tr style=\"height: 14.25pt;\">\n<td style=\"height: 14.25pt;\" height=\"19\">Betriebstemperatur<\/td>\n<td>40T90 (-40 bis 90\u2103)<\/td>\n<\/tr>\n<\/tbody>\n<\/table>","protected":false},"excerpt":{"rendered":"<p>Der Luftdruckschalter-Kesselsensor ist ein linearer Drucksensor, der nach dem L\/C-Schwingkreisprinzip arbeitet und in Wandheizkesseln und Warmwasserbereitern eingesetzt wird. Professioneller Service, 10 Jahre Herstellererfahrung.<\/p>\n<h2>Luftdruckschalter Kessel<\/h2>","protected":false},"featured_media":1093,"comment_status":"closed","ping_status":"closed","template":"","meta":{"site-sidebar-layout":"default","site-content-layout":"default","ast-site-content-layout":"default","site-content-style":"default","site-sidebar-style":"default","ast-global-header-display":"","ast-banner-title-visibility":"","ast-main-header-display":"","ast-hfb-above-header-display":"","ast-hfb-below-header-display":"","ast-hfb-mobile-header-display":"","site-post-title":"","ast-breadcrumbs-content":"","ast-featured-img":"","footer-sml-layout":"","ast-disable-related-posts":"","theme-transparent-header-meta":"default","adv-header-id-meta":"","stick-header-meta":"","header-above-stick-meta":"","header-main-stick-meta":"","header-below-stick-meta":"","astra-migrate-meta-layouts":"set","ast-page-background-enabled":"default","ast-page-background-meta":{"desktop":{"background-color":"var(--ast-global-color-4)","background-image":"","background-repeat":"repeat","background-position":"center center","background-size":"auto","background-attachment":"scroll","background-type":"","background-media":"","overlay-type":"","overlay-color":"","overlay-opacity":"","overlay-gradient":""},"tablet":{"background-color":"","background-image":"","background-repeat":"repeat","background-position":"center center","background-size":"auto","background-attachment":"scroll","background-type":"","background-media":"","overlay-type":"","overlay-color":"","overlay-opacity":"","overlay-gradient":""},"mobile":{"background-color":"","background-image":"","background-repeat":"repeat","background-position":"center center","background-size":"auto","background-attachment":"scroll","background-type":"","background-media":"","overlay-type":"","overlay-color":"","overlay-opacity":"","overlay-gradient":""}},"ast-content-background-meta":{"desktop":{"background-color":"var(--ast-global-color-5)","background-image":"","background-repeat":"repeat","background-position":"center center","background-size":"auto","background-attachment":"scroll","background-type":"","background-media":"","overlay-type":"","overlay-color":"","overlay-opacity":"","overlay-gradient":""},"tablet":{"background-color":"var(--ast-global-color-5)","background-image":"","background-repeat":"repeat","background-position":"center center","background-size":"auto","background-attachment":"scroll","background-type":"","background-media":"","overlay-type":"","overlay-color":"","overlay-opacity":"","overlay-gradient":""},"mobile":{"background-color":"var(--ast-global-color-5)","background-image":"","background-repeat":"repeat","background-position":"center center","background-size":"auto","background-attachment":"scroll","background-type":"","background-media":"","overlay-type":"","overlay-color":"","overlay-opacity":"","overlay-gradient":""}}},"product_brand":[],"product_cat":[23],"product_tag":[],"class_list":{"0":"post-1089","1":"product","2":"type-product","3":"status-publish","4":"has-post-thumbnail","6":"product_cat-air-pressure-switch","7":"desktop-align-left","8":"tablet-align-left","9":"mobile-align-left","11":"first","12":"instock","13":"shipping-taxable","14":"product-type-simple"},"_links":{"self":[{"href":"https:\/\/www.airpressureswitch.com\/de\/wp-json\/wp\/v2\/product\/1089","targetHints":{"allow":["GET"]}}],"collection":[{"href":"https:\/\/www.airpressureswitch.com\/de\/wp-json\/wp\/v2\/product"}],"about":[{"href":"https:\/\/www.airpressureswitch.com\/de\/wp-json\/wp\/v2\/types\/product"}],"replies":[{"embeddable":true,"href":"https:\/\/www.airpressureswitch.com\/de\/wp-json\/wp\/v2\/comments?post=1089"}],"wp:featuredmedia":[{"embeddable":true,"href":"https:\/\/www.airpressureswitch.com\/de\/wp-json\/wp\/v2\/media\/1093"}],"wp:attachment":[{"href":"https:\/\/www.airpressureswitch.com\/de\/wp-json\/wp\/v2\/media?parent=1089"}],"wp:term":[{"taxonomy":"product_brand","embeddable":true,"href":"https:\/\/www.airpressureswitch.com\/de\/wp-json\/wp\/v2\/product_brand?post=1089"},{"taxonomy":"product_cat","embeddable":true,"href":"https:\/\/www.airpressureswitch.com\/de\/wp-json\/wp\/v2\/product_cat?post=1089"},{"taxonomy":"product_tag","embeddable":true,"href":"https:\/\/www.airpressureswitch.com\/de\/wp-json\/wp\/v2\/product_tag?post=1089"}],"curies":[{"name":"wp","href":"https:\/\/api.w.org\/{rel}","templated":true}]}}