{"id":740,"date":"2022-11-30T06:42:21","date_gmt":"2022-11-30T06:42:21","guid":{"rendered":"https:\/\/www.airpressureswitch.com\/?post_type=product&#038;p=740"},"modified":"2022-11-30T07:13:22","modified_gmt":"2022-11-30T07:13:22","slug":"kondensatabscheider","status":"publish","type":"product","link":"https:\/\/www.airpressureswitch.com\/de\/product\/condensate-separator","title":{"rendered":"Zubeh\u00f6r S12 f\u00fcr Kondensatabscheider-Luftdruckschalter"},"content":{"rendered":"<p>Dadurch wird verhindert, dass der Druckschalter seine Funktionsf\u00e4higkeit verliert. Gleichzeitig ist dieses Bauteil so konstruiert, dass es das Wasser automatisch trennt; eine manuelle Bedienung ist nicht erforderlich.<\/p>\n<h3>Merkmale des S12 17,85-mm-Kondensatabscheiders<\/h3>\n<p>&nbsp;<\/p>\n<ul>\n<li>Es handelt sich um ein ideales Bauteil zur Verbindung mit dem Luftdruckschalter in einem Wandheizkessel. Da sich im Heizkessel Wassertropfen bilden k\u00f6nnen, die zum Druckschalter oder zum Gebl\u00e4se zur\u00fcckflie\u00dfen, kann dies zu Funktionsst\u00f6rungen des Heizkessels f\u00fchren.<\/li>\n<li>Mit diesem Separatorteil k\u00f6nnen die fl\u00fcssigen Gastr\u00f6pfchen automatisch nach au\u00dfen abgeleitet werden. Dadurch entfallen die Kosten f\u00fcr die manuelle Wartung.<\/li>\n<li>Dieser Kondensatabscheider von uns ist auch mit Rohrspaltweiten von 13,9 mm und 17,85 mm erh\u00e4ltlich. Kontaktieren Sie uns gerne f\u00fcr weitere Informationen.<\/li>\n<li>Au\u00dferdem, falls Sie ben\u00f6tigen <a href=\"https:\/\/www.airpressureswitch.com\/de\/teile\/\">mehr Teile des Drucks oder flie\u00dfende Produkte<\/a>, Klicken Sie auf den Link, um mehr zu erfahren. Neben dem Separator bieten wir auch den Begrenzungskern an. Weitere Produktinformationen finden Sie auf unserer Website. <a href=\"https:\/\/www.airpressureswitch.com\/de\/produkte\/\">Produktseite<\/a>.<\/li>\n<li>Dar\u00fcber hinaus, falls Sie den OEM ben\u00f6tigen oder <a href=\"https:\/\/en.wikipedia.org\/wiki\/Original_design_manufacturer\" target=\"_blank\" rel=\"noopener\">ODM<\/a>, Sprechen Sie uns gerne darauf an.<\/li>\n<\/ul>\n<p>&nbsp;<\/p>\n<h3>Spezifikation f\u00fcr Kondensatabscheider<\/h3>\n<table style=\"height: 411px;\" border=\"1\" width=\"1361\" cellpadding=\"6\">\n<tbody>\n<tr style=\"height: 14.25pt;\">\n<td style=\"height: 14.25pt; width: 140.25pt;\" width=\"187\" height=\"19\">Modellnummer<\/td>\n<td style=\"width: 279.75pt;\" width=\"373\">S12 Kondensatabscheider<\/td>\n<\/tr>\n<tr style=\"height: 14.25pt;\">\n<td style=\"height: 14.25pt; width: 140.25pt;\" width=\"187\" height=\"19\">Arbeitsdruckbereich<\/td>\n<td style=\"width: 279.75pt;\" width=\"373\">0 bis 500 Pa<\/td>\n<\/tr>\n<tr style=\"height: 14.25pt;\">\n<td style=\"height: 14.25pt; width: 140.25pt;\" width=\"187\" height=\"19\">Druckverlust<\/td>\n<td style=\"width: 279.75pt;\" width=\"373\">&lt;5Pa @500Pa<\/td>\n<\/tr>\n<tr style=\"height: 14.25pt;\">\n<td style=\"height: 14.25pt;\" height=\"19\">Mittlere Temperatur<\/td>\n<td>0\u2103 bis 85\u2103<\/td>\n<\/tr>\n<tr style=\"height: 14.25pt;\">\n<td style=\"height: 14.25pt;\" height=\"19\">Gr\u00f6\u00dfe<\/td>\n<td>13,9\/17,85 mm<\/td>\n<\/tr>\n<\/tbody>\n<\/table>","protected":false},"excerpt":{"rendered":"<h2>Beschreibung des Kondensatabscheiders S12<\/h2>\n<p>Der Kondensatabscheider ist eine Art Zubeh\u00f6rteil eines Luftdruckschalters, um das austretende Gaswasser bei der Dampfverfl\u00fcssigung aufgrund des Temperaturunterschieds abzutrennen.<\/p>","protected":false},"featured_media":745,"comment_status":"closed","ping_status":"closed","template":"","meta":{"site-sidebar-layout":"default","site-content-layout":"default","ast-site-content-layout":"default","site-content-style":"default","site-sidebar-style":"default","ast-global-header-display":"","ast-banner-title-visibility":"","ast-main-header-display":"","ast-hfb-above-header-display":"","ast-hfb-below-header-display":"","ast-hfb-mobile-header-display":"","site-post-title":"","ast-breadcrumbs-content":"","ast-featured-img":"","footer-sml-layout":"","ast-disable-related-posts":"","theme-transparent-header-meta":"default","adv-header-id-meta":"","stick-header-meta":"","header-above-stick-meta":"","header-main-stick-meta":"","header-below-stick-meta":"","astra-migrate-meta-layouts":"default","ast-page-background-enabled":"default","ast-page-background-meta":{"desktop":{"background-color":"var(--ast-global-color-4)","background-image":"","background-repeat":"repeat","background-position":"center center","background-size":"auto","background-attachment":"scroll","background-type":"","background-media":"","overlay-type":"","overlay-color":"","overlay-opacity":"","overlay-gradient":""},"tablet":{"background-color":"","background-image":"","background-repeat":"repeat","background-position":"center center","background-size":"auto","background-attachment":"scroll","background-type":"","background-media":"","overlay-type":"","overlay-color":"","overlay-opacity":"","overlay-gradient":""},"mobile":{"background-color":"","background-image":"","background-repeat":"repeat","background-position":"center center","background-size":"auto","background-attachment":"scroll","background-type":"","background-media":"","overlay-type":"","overlay-color":"","overlay-opacity":"","overlay-gradient":""}},"ast-content-background-meta":{"desktop":{"background-color":"var(--ast-global-color-5)","background-image":"","background-repeat":"repeat","background-position":"center center","background-size":"auto","background-attachment":"scroll","background-type":"","background-media":"","overlay-type":"","overlay-color":"","overlay-opacity":"","overlay-gradient":""},"tablet":{"background-color":"var(--ast-global-color-5)","background-image":"","background-repeat":"repeat","background-position":"center center","background-size":"auto","background-attachment":"scroll","background-type":"","background-media":"","overlay-type":"","overlay-color":"","overlay-opacity":"","overlay-gradient":""},"mobile":{"background-color":"var(--ast-global-color-5)","background-image":"","background-repeat":"repeat","background-position":"center center","background-size":"auto","background-attachment":"scroll","background-type":"","background-media":"","overlay-type":"","overlay-color":"","overlay-opacity":"","overlay-gradient":""}}},"product_brand":[],"product_cat":[31],"product_tag":[],"class_list":{"0":"post-740","1":"product","2":"type-product","3":"status-publish","4":"has-post-thumbnail","6":"product_cat-parts","7":"desktop-align-left","8":"tablet-align-left","9":"mobile-align-left","11":"first","12":"instock","13":"shipping-taxable","14":"product-type-simple"},"_links":{"self":[{"href":"https:\/\/www.airpressureswitch.com\/de\/wp-json\/wp\/v2\/product\/740","targetHints":{"allow":["GET"]}}],"collection":[{"href":"https:\/\/www.airpressureswitch.com\/de\/wp-json\/wp\/v2\/product"}],"about":[{"href":"https:\/\/www.airpressureswitch.com\/de\/wp-json\/wp\/v2\/types\/product"}],"replies":[{"embeddable":true,"href":"https:\/\/www.airpressureswitch.com\/de\/wp-json\/wp\/v2\/comments?post=740"}],"wp:featuredmedia":[{"embeddable":true,"href":"https:\/\/www.airpressureswitch.com\/de\/wp-json\/wp\/v2\/media\/745"}],"wp:attachment":[{"href":"https:\/\/www.airpressureswitch.com\/de\/wp-json\/wp\/v2\/media?parent=740"}],"wp:term":[{"taxonomy":"product_brand","embeddable":true,"href":"https:\/\/www.airpressureswitch.com\/de\/wp-json\/wp\/v2\/product_brand?post=740"},{"taxonomy":"product_cat","embeddable":true,"href":"https:\/\/www.airpressureswitch.com\/de\/wp-json\/wp\/v2\/product_cat?post=740"},{"taxonomy":"product_tag","embeddable":true,"href":"https:\/\/www.airpressureswitch.com\/de\/wp-json\/wp\/v2\/product_tag?post=740"}],"curies":[{"name":"wp","href":"https:\/\/api.w.org\/{rel}","templated":true}]}}