{"id":964,"date":"2022-12-29T09:40:46","date_gmt":"2022-12-29T09:40:46","guid":{"rendered":"https:\/\/www.airpressureswitch.com\/?post_type=product&#038;p=964"},"modified":"2022-12-29T09:40:46","modified_gmt":"2022-12-29T09:40:46","slug":"high-low-water-level-sensor","status":"publish","type":"product","link":"https:\/\/www.airpressureswitch.com\/de\/product\/high-low-water-level-sensor","title":{"rendered":"Hoch-\/Niedrigwasserstandssensorschalter 20 bis 200 mmW.C."},"content":{"rendered":"<h2>High Low Water Level Sensor Switch Description<\/h2>\n<p>The high low water level sensor switch can control 2 water levels in the same time, and one is the low water level which range is 20~100mmw.c., and another one is 60~200mmw.c.. So, user can decide how much the low &amp; high water level is when in manufacturing.<\/p>\n<p>Meanwhile, this B2 water level switch is also suitable for the electronic control or electronic &amp; mechanical Mix-control ways. So, not matter what your desin of your dishwasher, it can work for your design, which has a good compatibility. Besides, the overflow protection function design in this high low water level sensor switch will let it has a natural advantage on the market. So that it will has a great working performance in commercial dishwasher, or medical device washer.<\/p>\n<p>What&#8217;s more, the switch shell material is used the <a href=\"https:\/\/en.wikipedia.org\/wiki\/UL_94\" target=\"_blank\" rel=\"noopener\">UL94-V0<\/a> engineering plastics which is the fire resist material. Difference with the cheap-price water level switch, it can control the water column in a high degree, which is +\/-5mmw.c.<\/p>\n<p><span class=\"tgt color_text_1\" data-section=\"0\" data-sentence=\"1\" data-group=\"0-1\">Welcome to click the link to see <a href=\"https:\/\/www.airpressureswitch.com\/de\/wasserstandsschalter\/\">more water level switches information,<\/a>\u00a0o<\/span>r check <a href=\"https:\/\/www.airpressureswitch.com\/de\/produkte\/\">another pressure switch or flow sensor.<\/a><\/p>\n<h3>High Low Water Level Sensor Switch Specification<\/h3>\n<table style=\"height: 411px;\" border=\"1\" width=\"1361\" cellpadding=\"6\">\n<tbody>\n<tr style=\"height: 14.25pt;\">\n<td style=\"height: 14.25pt; width: 140.25pt;\" width=\"187\" height=\"19\">Modellnummer<\/td>\n<td style=\"width: 279.75pt;\" width=\"373\">B2G Water Level Switch Washer<\/td>\n<\/tr>\n<tr style=\"height: 14.25pt;\">\n<td style=\"height: 14.25pt; width: 140.25pt;\" width=\"187\" height=\"19\">Schaltung<\/td>\n<td style=\"width: 279.75pt;\" width=\"373\">SPST-NO oder SPDT<\/td>\n<\/tr>\n<tr style=\"height: 14.25pt;\">\n<td style=\"height: 14.25pt; width: 140.25pt;\" width=\"187\" height=\"19\">Arbeitsmedium<\/td>\n<td style=\"width: 279.75pt;\" width=\"373\">Air or non-corrosive gas<\/td>\n<\/tr>\n<tr style=\"height: 14.25pt;\">\n<td style=\"height: 14.25pt; width: 140.25pt;\" width=\"187\" height=\"19\">Bewertung<\/td>\n<td style=\"width: 279.75pt;\" width=\"373\"><span class=\"tgt color_text_0\" data-section=\"0\" data-sentence=\"0\" data-group=\"0-0\">L11-L12(3): 1(0.5) @ 125\/250 VAC;<\/span><span class=\"tgt color_text_0\" data-section=\"0\" data-sentence=\"1\" data-group=\"0-1\"> L21-L22(3): 1(0.5) @ 125\/250 VAC L11-L12(3): 1(0.5) @ 125\/250 VAC; L21-L22(3): 1(0.5) @ 125\/250 VAC<\/span><\/td>\n<\/tr>\n<tr style=\"height: 14.25pt;\">\n<td style=\"height: 14.25pt;\" height=\"19\">Rohrschnittstelle<\/td>\n<td>6,3 mm Au\u00dfendurchmesser, passend f\u00fcr ein Rohr mit 5 mm Innendurchmesser<\/td>\n<\/tr>\n<tr style=\"height: 14.25pt;\">\n<td style=\"height: 14.25pt;\" height=\"19\">Terminals<\/td>\n<td>6.3*0.8 mm (#250)<\/td>\n<\/tr>\n<tr style=\"height: 14.25pt;\">\n<td style=\"height: 14.25pt;\" height=\"19\">Low Water Level<\/td>\n<td>Messbereich: 20\u2013100 mmWS, Toleranz: +\/- 5 mmWS<\/td>\n<\/tr>\n<tr style=\"height: 14.25pt;\">\n<td style=\"height: 14.25pt;\" height=\"19\">High Water Level<\/td>\n<td>Range: 60~200mmw.c., tolerance: +\/-5mmw.c<\/td>\n<\/tr>\n<tr style=\"height: 14.25pt;\">\n<td style=\"height: 14.25pt;\" height=\"19\">\u00dcberlastdruck<\/td>\n<td>760 mmw.c. (7,6 kPa)<\/td>\n<\/tr>\n<tr style=\"height: 14.25pt;\">\n<td style=\"height: 14.25pt;\" height=\"19\">Betriebstemperatur<\/td>\n<td>85\u2103 max.<\/td>\n<\/tr>\n<tr style=\"height: 14.25pt;\">\n<td style=\"height: 14.25pt;\" height=\"19\">Schnittstellengr\u00f6\u00dfe<\/td>\n<td>5,5 mm Au\u00dfendurchmesser, geeignet f\u00fcr Schl\u00e4uche mit 5 mm Innendurchmesser<\/td>\n<\/tr>\n<tr style=\"height: 14.25pt;\">\n<td style=\"height: 14.25pt;\" height=\"19\">Montageanleitung<\/td>\n<td>Das Diaphragma befindet sich in einer vertikalen Ebene.<\/td>\n<\/tr>\n<tr style=\"height: 14.25pt;\">\n<td style=\"height: 14.25pt;\" height=\"19\">Membranmaterial<\/td>\n<td>Hochleistungs-Kieselgel, Langzeit-Einsatztemperatur &gt;150\u2103.<\/td>\n<\/tr>\n<tr style=\"height: 14.25pt;\">\n<td style=\"height: 14.25pt;\" height=\"19\">Geh\u00e4usematerial<\/td>\n<td>Technische Kunststoffe PA+GF (Brandschutzklasse UL94-V0)<\/td>\n<\/tr>\n<tr style=\"height: 14.25pt;\">\n<td style=\"height: 14.25pt;\" height=\"19\">Mechanische Lebensdauer<\/td>\n<td>50.000 Zyklen<\/td>\n<\/tr>\n<tr style=\"height: 14.25pt;\">\n<td style=\"height: 14.25pt;\" height=\"19\">Elektrische Lebensdauer<\/td>\n<td>100.000 Zyklen f\u00fcr den Hauptstromkreis<\/td>\n<\/tr>\n<\/tbody>\n<\/table>\n<p>&nbsp;<\/p>","protected":false},"excerpt":{"rendered":"<p>B2G high low water level sensor switch can control 2 water level in the same time as well as it also has overflow protection function. Which has a natural advantage in the product function and design.<\/p>","protected":false},"featured_media":965,"comment_status":"closed","ping_status":"closed","template":"","meta":{"site-sidebar-layout":"default","site-content-layout":"default","ast-site-content-layout":"default","site-content-style":"default","site-sidebar-style":"default","ast-global-header-display":"","ast-banner-title-visibility":"","ast-main-header-display":"","ast-hfb-above-header-display":"","ast-hfb-below-header-display":"","ast-hfb-mobile-header-display":"","site-post-title":"","ast-breadcrumbs-content":"","ast-featured-img":"","footer-sml-layout":"","ast-disable-related-posts":"","theme-transparent-header-meta":"default","adv-header-id-meta":"","stick-header-meta":"","header-above-stick-meta":"","header-main-stick-meta":"","header-below-stick-meta":"","astra-migrate-meta-layouts":"default","ast-page-background-enabled":"default","ast-page-background-meta":{"desktop":{"background-color":"var(--ast-global-color-4)","background-image":"","background-repeat":"repeat","background-position":"center center","background-size":"auto","background-attachment":"scroll","background-type":"","background-media":"","overlay-type":"","overlay-color":"","overlay-opacity":"","overlay-gradient":""},"tablet":{"background-color":"","background-image":"","background-repeat":"repeat","background-position":"center center","background-size":"auto","background-attachment":"scroll","background-type":"","background-media":"","overlay-type":"","overlay-color":"","overlay-opacity":"","overlay-gradient":""},"mobile":{"background-color":"","background-image":"","background-repeat":"repeat","background-position":"center center","background-size":"auto","background-attachment":"scroll","background-type":"","background-media":"","overlay-type":"","overlay-color":"","overlay-opacity":"","overlay-gradient":""}},"ast-content-background-meta":{"desktop":{"background-color":"var(--ast-global-color-5)","background-image":"","background-repeat":"repeat","background-position":"center center","background-size":"auto","background-attachment":"scroll","background-type":"","background-media":"","overlay-type":"","overlay-color":"","overlay-opacity":"","overlay-gradient":""},"tablet":{"background-color":"var(--ast-global-color-5)","background-image":"","background-repeat":"repeat","background-position":"center center","background-size":"auto","background-attachment":"scroll","background-type":"","background-media":"","overlay-type":"","overlay-color":"","overlay-opacity":"","overlay-gradient":""},"mobile":{"background-color":"var(--ast-global-color-5)","background-image":"","background-repeat":"repeat","background-position":"center center","background-size":"auto","background-attachment":"scroll","background-type":"","background-media":"","overlay-type":"","overlay-color":"","overlay-opacity":"","overlay-gradient":""}}},"product_brand":[],"product_cat":[25],"product_tag":[],"class_list":{"0":"post-964","1":"product","2":"type-product","3":"status-publish","4":"has-post-thumbnail","6":"product_cat-water-level-switch","7":"desktop-align-left","8":"tablet-align-left","9":"mobile-align-left","11":"first","12":"instock","13":"shipping-taxable","14":"product-type-simple"},"_links":{"self":[{"href":"https:\/\/www.airpressureswitch.com\/de\/wp-json\/wp\/v2\/product\/964","targetHints":{"allow":["GET"]}}],"collection":[{"href":"https:\/\/www.airpressureswitch.com\/de\/wp-json\/wp\/v2\/product"}],"about":[{"href":"https:\/\/www.airpressureswitch.com\/de\/wp-json\/wp\/v2\/types\/product"}],"replies":[{"embeddable":true,"href":"https:\/\/www.airpressureswitch.com\/de\/wp-json\/wp\/v2\/comments?post=964"}],"wp:featuredmedia":[{"embeddable":true,"href":"https:\/\/www.airpressureswitch.com\/de\/wp-json\/wp\/v2\/media\/965"}],"wp:attachment":[{"href":"https:\/\/www.airpressureswitch.com\/de\/wp-json\/wp\/v2\/media?parent=964"}],"wp:term":[{"taxonomy":"product_brand","embeddable":true,"href":"https:\/\/www.airpressureswitch.com\/de\/wp-json\/wp\/v2\/product_brand?post=964"},{"taxonomy":"product_cat","embeddable":true,"href":"https:\/\/www.airpressureswitch.com\/de\/wp-json\/wp\/v2\/product_cat?post=964"},{"taxonomy":"product_tag","embeddable":true,"href":"https:\/\/www.airpressureswitch.com\/de\/wp-json\/wp\/v2\/product_tag?post=964"}],"curies":[{"name":"wp","href":"https:\/\/api.w.org\/{rel}","templated":true}]}}