{"id":1814,"date":"2024-01-26T08:46:17","date_gmt":"2024-01-26T08:46:17","guid":{"rendered":"https:\/\/www.airpressureswitch.com\/?page_id=1814"},"modified":"2024-01-29T09:11:22","modified_gmt":"2024-01-29T09:11:22","slug":"control-de-la-presion-del-viento","status":"publish","type":"page","link":"https:\/\/www.airpressureswitch.com\/es\/wind-pressure-control","title":{"rendered":"Control de la presi\u00f3n del viento"},"content":{"rendered":"<div data-elementor-type=\"wp-page\" data-elementor-id=\"1814\" class=\"elementor elementor-1814\" data-elementor-post-type=\"page\">\n\t\t\t\t\t\t<section class=\"elementor-section elementor-top-section elementor-element elementor-element-a182145 elementor-section-boxed elementor-section-height-default elementor-section-height-default\" data-id=\"a182145\" data-element_type=\"section\" data-e-type=\"section\">\n\t\t\t\t\t\t<div class=\"elementor-container elementor-column-gap-default\">\n\t\t\t\t\t<div class=\"elementor-column elementor-col-100 elementor-top-column elementor-element elementor-element-1bd8aeb\" data-id=\"1bd8aeb\" data-element_type=\"column\" data-e-type=\"column\">\n\t\t\t<div class=\"elementor-widget-wrap elementor-element-populated\">\n\t\t\t\t\t\t<div class=\"elementor-element elementor-element-27a942a elementor-widget elementor-widget-heading\" data-id=\"27a942a\" data-element_type=\"widget\" data-e-type=\"widget\" data-widget_type=\"heading.default\">\n\t\t\t\t<div class=\"elementor-widget-container\">\n\t\t\t\t\t<h1 class=\"elementor-heading-title elementor-size-default\">Detecci\u00f3n y control mediante interruptor de presi\u00f3n de viento.<\/h1>\t\t\t\t<\/div>\n\t\t\t\t<\/div>\n\t\t\t\t<div class=\"elementor-element elementor-element-eb07ba3 elementor-widget elementor-widget-text-editor\" data-id=\"eb07ba3\" data-element_type=\"widget\" data-e-type=\"widget\" data-widget_type=\"text-editor.default\">\n\t\t\t\t<div class=\"elementor-widget-container\">\n\t\t\t\t\t\t\t\t\t<p>Viento mec\u00e1nico <a href=\"https:\/\/www.airpressureswitch.com\/es\/\">interruptor de presi\u00f3n<\/a> Es un componente de conmutaci\u00f3n que utiliza la variaci\u00f3n de la presi\u00f3n del aire para impulsar el desplazamiento del diafragma, y este desplazamiento, a su vez, acciona otros componentes de conmutaci\u00f3n. Ofrece una detecci\u00f3n de presi\u00f3n precisa (hasta \u00b15 Pa), una larga vida \u00fatil (250 000 ciclos), bajo costo y un rendimiento fiable.<\/p><p>Entre las aplicaciones t\u00edpicas se incluyen la detecci\u00f3n de calentadores de agua de aire forzado, sistemas de escape de calderas murales de gas en estado de escape, y otras situaciones en las que se requiere detectar el flujo o la presi\u00f3n del aire, como en sistemas de filtraci\u00f3n de aire acondicionado comerciales y sistemas VAV.<\/p>\t\t\t\t\t\t\t\t<\/div>\n\t\t\t\t<\/div>\n\t\t\t\t\t<\/div>\n\t\t<\/div>\n\t\t\t\t\t<\/div>\n\t\t<\/section>\n\t\t\t\t<section class=\"elementor-section elementor-top-section elementor-element elementor-element-6095720 elementor-section-boxed elementor-section-height-default elementor-section-height-default\" data-id=\"6095720\" data-element_type=\"section\" data-e-type=\"section\">\n\t\t\t\t\t\t<div class=\"elementor-container elementor-column-gap-default\">\n\t\t\t\t\t<div class=\"elementor-column elementor-col-100 elementor-top-column elementor-element elementor-element-6bf78f4\" data-id=\"6bf78f4\" data-element_type=\"column\" data-e-type=\"column\">\n\t\t\t<div class=\"elementor-widget-wrap elementor-element-populated\">\n\t\t\t\t\t\t<div class=\"elementor-element elementor-element-e3ad308 elementor-widget elementor-widget-image\" data-id=\"e3ad308\" data-element_type=\"widget\" data-e-type=\"widget\" data-widget_type=\"image.default\">\n\t\t\t\t<div class=\"elementor-widget-container\">\n\t\t\t\t\t\t\t\t\t\t\t\t<figure class=\"wp-caption\">\n\t\t\t\t\t\t\t\t\t\t<img fetchpriority=\"high\" decoding=\"async\" width=\"1024\" height=\"449\" src=\"https:\/\/www.airpressureswitch.com\/wp-content\/uploads\/2024\/01\/b5f2-1024x449.jpg\" class=\"attachment-large size-large wp-image-1817\" alt=\"\" srcset=\"https:\/\/www.airpressureswitch.com\/wp-content\/uploads\/2024\/01\/b5f2-1024x449.jpg 1024w, https:\/\/www.airpressureswitch.com\/wp-content\/uploads\/2024\/01\/b5f2-300x131.jpg 300w, https:\/\/www.airpressureswitch.com\/wp-content\/uploads\/2024\/01\/b5f2-768x337.jpg 768w, https:\/\/www.airpressureswitch.com\/wp-content\/uploads\/2024\/01\/b5f2-1536x673.jpg 1536w, https:\/\/www.airpressureswitch.com\/wp-content\/uploads\/2024\/01\/b5f2-2048x897.jpg 2048w, https:\/\/www.airpressureswitch.com\/wp-content\/uploads\/2024\/01\/b5f2-600x263.jpg 600w\" sizes=\"(max-width: 1024px) 100vw, 1024px\">\t\t\t\t\t\t\t\t\t\t\t<figcaption class=\"widget-image-caption wp-caption-text\">Im\u00e1genes de la aplicaci\u00f3n del interruptor de presi\u00f3n de viento<\/figcaption>\n\t\t\t\t\t\t\t\t\t\t<\/figure>\n\t\t\t\t\t\t\t\t\t<\/div>\n\t\t\t\t<\/div>\n\t\t\t\t\t<\/div>\n\t\t<\/div>\n\t\t\t\t\t<\/div>\n\t\t<\/section>\n\t\t\t\t<section class=\"elementor-section elementor-top-section elementor-element elementor-element-b0ddf76 elementor-section-boxed elementor-section-height-default elementor-section-height-default\" data-id=\"b0ddf76\" data-element_type=\"section\" data-e-type=\"section\">\n\t\t\t\t\t\t<div class=\"elementor-container elementor-column-gap-default\">\n\t\t\t\t\t<div class=\"elementor-column elementor-col-33 elementor-top-column elementor-element elementor-element-43959c0\" data-id=\"43959c0\" data-element_type=\"column\" data-e-type=\"column\">\n\t\t\t<div class=\"elementor-widget-wrap elementor-element-populated\">\n\t\t\t\t\t\t<div class=\"elementor-element elementor-element-dcd172b elementor-widget elementor-widget-image\" data-id=\"dcd172b\" data-element_type=\"widget\" data-e-type=\"widget\" data-widget_type=\"image.default\">\n\t\t\t\t<div class=\"elementor-widget-container\">\n\t\t\t\t\t\t\t\t\t\t\t\t\t\t\t<img decoding=\"async\" width=\"278\" height=\"343\" src=\"https:\/\/www.airpressureswitch.com\/wp-content\/uploads\/2024\/01\/gasbolier.jpg\" class=\"attachment-large size-large wp-image-1836\" alt=\"\" srcset=\"https:\/\/www.airpressureswitch.com\/wp-content\/uploads\/2024\/01\/gasbolier.jpg 278w, https:\/\/www.airpressureswitch.com\/wp-content\/uploads\/2024\/01\/gasbolier-243x300.jpg 243w\" sizes=\"(max-width: 278px) 100vw, 278px\">\t\t\t\t\t\t\t\t\t\t\t\t\t\t\t<\/div>\n\t\t\t\t<\/div>\n\t\t\t\t<div class=\"elementor-element elementor-element-1260335 elementor-widget elementor-widget-text-editor\" data-id=\"1260335\" data-element_type=\"widget\" data-e-type=\"widget\" data-widget_type=\"text-editor.default\">\n\t\t\t\t<div class=\"elementor-widget-container\">\n\t\t\t\t\t\t\t\t\t<h4 class=\"elementor-heading-title elementor-size-default\"><a href=\"https:\/\/www.airpressureswitch.com\/es\/product\/universal-air-pressure-switch\/\">Compresor con interruptor de presi\u00f3n de aire A4S<\/a><br \/><br \/><\/h4><h4 class=\"elementor-heading-title elementor-size-default\"><a href=\"https:\/\/www.airpressureswitch.com\/es\/product\/air-pressure-switch-for-boiler\/\">Interruptor de presi\u00f3n para calentador de agua a gas U3<\/a><\/h4>\t\t\t\t\t\t\t\t<\/div>\n\t\t\t\t<\/div>\n\t\t\t\t\t<\/div>\n\t\t<\/div>\n\t\t\t\t<div class=\"elementor-column elementor-col-33 elementor-top-column elementor-element elementor-element-3654cd4\" data-id=\"3654cd4\" data-element_type=\"column\" data-e-type=\"column\">\n\t\t\t<div class=\"elementor-widget-wrap elementor-element-populated\">\n\t\t\t\t\t\t<div class=\"elementor-element elementor-element-02d7859 elementor-widget elementor-widget-image\" data-id=\"02d7859\" data-element_type=\"widget\" data-e-type=\"widget\" data-widget_type=\"image.default\">\n\t\t\t\t<div class=\"elementor-widget-container\">\n\t\t\t\t\t\t\t\t\t\t\t\t\t\t\t<img decoding=\"async\" width=\"277\" height=\"344\" src=\"https:\/\/www.airpressureswitch.com\/wp-content\/uploads\/2024\/01\/gasoven-1.jpg\" class=\"attachment-large size-large wp-image-1837\" alt=\"\" srcset=\"https:\/\/www.airpressureswitch.com\/wp-content\/uploads\/2024\/01\/gasoven-1.jpg 277w, https:\/\/www.airpressureswitch.com\/wp-content\/uploads\/2024\/01\/gasoven-1-242x300.jpg 242w\" sizes=\"(max-width: 277px) 100vw, 277px\">\t\t\t\t\t\t\t\t\t\t\t\t\t\t\t<\/div>\n\t\t\t\t<\/div>\n\t\t\t\t<div class=\"elementor-element elementor-element-cf68f66 elementor-widget elementor-widget-text-editor\" data-id=\"cf68f66\" data-element_type=\"widget\" data-e-type=\"widget\" data-widget_type=\"text-editor.default\">\n\t\t\t\t<div class=\"elementor-widget-container\">\n\t\t\t\t\t\t\t\t\t<h4 class=\"elementor-heading-title elementor-size-default\"><a href=\"https:\/\/www.airpressureswitch.com\/es\/product\/air-pressure-switch-for-furnace\/\">Interruptor de desconexi\u00f3n del compresor de aire A52G<\/a><br \/><br \/><\/h4><h4 class=\"elementor-heading-title elementor-size-default\"><a href=\"https:\/\/www.airpressureswitch.com\/es\/product\/air-flow-differential-pressure-switch\/\">V\u00e1lvula de control de presi\u00f3n de aire A62<\/a><\/h4>\t\t\t\t\t\t\t\t<\/div>\n\t\t\t\t<\/div>\n\t\t\t\t\t<\/div>\n\t\t<\/div>\n\t\t\t\t<div class=\"elementor-column elementor-col-33 elementor-top-column elementor-element elementor-element-b807306\" data-id=\"b807306\" data-element_type=\"column\" data-e-type=\"column\">\n\t\t\t<div class=\"elementor-widget-wrap elementor-element-populated\">\n\t\t\t\t\t\t<div class=\"elementor-element elementor-element-4cfbebc elementor-widget elementor-widget-image\" data-id=\"4cfbebc\" data-element_type=\"widget\" data-e-type=\"widget\" data-widget_type=\"image.default\">\n\t\t\t\t<div class=\"elementor-widget-container\">\n\t\t\t\t\t\t\t\t\t\t\t\t\t\t\t<img loading=\"lazy\" decoding=\"async\" width=\"275\" height=\"343\" src=\"https:\/\/www.airpressureswitch.com\/wp-content\/uploads\/2024\/01\/coffeemachine.jpg\" class=\"attachment-large size-large wp-image-1834\" alt=\"\" srcset=\"https:\/\/www.airpressureswitch.com\/wp-content\/uploads\/2024\/01\/coffeemachine.jpg 275w, https:\/\/www.airpressureswitch.com\/wp-content\/uploads\/2024\/01\/coffeemachine-241x300.jpg 241w\" sizes=\"(max-width: 275px) 100vw, 275px\">\t\t\t\t\t\t\t\t\t\t\t\t\t\t\t<\/div>\n\t\t\t\t<\/div>\n\t\t\t\t<div class=\"elementor-element elementor-element-75da1ce elementor-widget elementor-widget-text-editor\" data-id=\"75da1ce\" data-element_type=\"widget\" data-e-type=\"widget\" data-widget_type=\"text-editor.default\">\n\t\t\t\t<div class=\"elementor-widget-container\">\n\t\t\t\t\t\t\t\t\t<h4 class=\"elementor-heading-title elementor-size-default\"><a href=\"https:\/\/www.airpressureswitch.com\/es\/product\/air-pressure-sensing-switch\/\">Interruptores de presi\u00f3n para calentadores de agua a gas A401<\/a><br \/><br \/><\/h4><h4 class=\"elementor-heading-title elementor-size-default\"><a href=\"https:\/\/www.airpressureswitch.com\/es\/product\/hvac-air-pressure-switch\/\">Interruptores de presi\u00f3n para calentadores de agua a gas A402<\/a><\/h4>\t\t\t\t\t\t\t\t<\/div>\n\t\t\t\t<\/div>\n\t\t\t\t\t<\/div>\n\t\t<\/div>\n\t\t\t\t\t<\/div>\n\t\t<\/section>\n\t\t\t\t<\/div>","protected":false},"excerpt":{"rendered":"<p>Wind pressure switch detection and control\u200b Mechanical wind pressure switch is a switching component that utilizes air pressure change to push diaphragm displacement and diaphragm displacement to drive switching components. It has accurate pressure detection (up to \u00b15Pa), long service life (250,000 times), low cost and reliable performance. Typical applications include the detection of forced-air [&hellip;]<\/p>\n","protected":false},"author":1,"featured_media":0,"parent":0,"menu_order":0,"comment_status":"closed","ping_status":"closed","template":"","meta":{"site-sidebar-layout":"no-sidebar","site-content-layout":"page-builder","ast-site-content-layout":"full-width-container","site-content-style":"default","site-sidebar-style":"default","ast-global-header-display":"","ast-banner-title-visibility":"","ast-main-header-display":"","ast-hfb-above-header-display":"","ast-hfb-below-header-display":"","ast-hfb-mobile-header-display":"","site-post-title":"disabled","ast-breadcrumbs-content":"","ast-featured-img":"disabled","footer-sml-layout":"","ast-disable-related-posts":"","theme-transparent-header-meta":"default","adv-header-id-meta":"","stick-header-meta":"","header-above-stick-meta":"","header-main-stick-meta":"","header-below-stick-meta":"","astra-migrate-meta-layouts":"set","ast-page-background-enabled":"default","ast-page-background-meta":{"desktop":{"background-color":"var(--ast-global-color-4)","background-image":"","background-repeat":"repeat","background-position":"center center","background-size":"auto","background-attachment":"scroll","background-type":"","background-media":"","overlay-type":"","overlay-color":"","overlay-opacity":"","overlay-gradient":""},"tablet":{"background-color":"","background-image":"","background-repeat":"repeat","background-position":"center center","background-size":"auto","background-attachment":"scroll","background-type":"","background-media":"","overlay-type":"","overlay-color":"","overlay-opacity":"","overlay-gradient":""},"mobile":{"background-color":"","background-image":"","background-repeat":"repeat","background-position":"center center","background-size":"auto","background-attachment":"scroll","background-type":"","background-media":"","overlay-type":"","overlay-color":"","overlay-opacity":"","overlay-gradient":""}},"ast-content-background-meta":{"desktop":{"background-color":"var(--ast-global-color-5)","background-image":"","background-repeat":"repeat","background-position":"center center","background-size":"auto","background-attachment":"scroll","background-type":"","background-media":"","overlay-type":"","overlay-color":"","overlay-opacity":"","overlay-gradient":""},"tablet":{"background-color":"var(--ast-global-color-5)","background-image":"","background-repeat":"repeat","background-position":"center center","background-size":"auto","background-attachment":"scroll","background-type":"","background-media":"","overlay-type":"","overlay-color":"","overlay-opacity":"","overlay-gradient":""},"mobile":{"background-color":"var(--ast-global-color-5)","background-image":"","background-repeat":"repeat","background-position":"center center","background-size":"auto","background-attachment":"scroll","background-type":"","background-media":"","overlay-type":"","overlay-color":"","overlay-opacity":"","overlay-gradient":""}},"footnotes":""},"class_list":["post-1814","page","type-page","status-publish","hentry"],"_links":{"self":[{"href":"https:\/\/www.airpressureswitch.com\/es\/wp-json\/wp\/v2\/pages\/1814","targetHints":{"allow":["GET"]}}],"collection":[{"href":"https:\/\/www.airpressureswitch.com\/es\/wp-json\/wp\/v2\/pages"}],"about":[{"href":"https:\/\/www.airpressureswitch.com\/es\/wp-json\/wp\/v2\/types\/page"}],"author":[{"embeddable":true,"href":"https:\/\/www.airpressureswitch.com\/es\/wp-json\/wp\/v2\/users\/1"}],"replies":[{"embeddable":true,"href":"https:\/\/www.airpressureswitch.com\/es\/wp-json\/wp\/v2\/comments?post=1814"}],"version-history":[{"count":22,"href":"https:\/\/www.airpressureswitch.com\/es\/wp-json\/wp\/v2\/pages\/1814\/revisions"}],"predecessor-version":[{"id":1843,"href":"https:\/\/www.airpressureswitch.com\/es\/wp-json\/wp\/v2\/pages\/1814\/revisions\/1843"}],"wp:attachment":[{"href":"https:\/\/www.airpressureswitch.com\/es\/wp-json\/wp\/v2\/media?parent=1814"}],"curies":[{"name":"wp","href":"https:\/\/api.w.org\/{rel}","templated":true}]}}