{"id":1891,"date":"2024-01-31T07:45:01","date_gmt":"2024-01-31T07:45:01","guid":{"rendered":"https:\/\/www.airpressureswitch.com\/?page_id=1891"},"modified":"2024-01-31T08:22:19","modified_gmt":"2024-01-31T08:22:19","slug":"control-del-nivel-del-agua","status":"publish","type":"page","link":"https:\/\/www.airpressureswitch.com\/es\/water-level-control","title":{"rendered":"control del nivel del agua"},"content":{"rendered":"<div data-elementor-type=\"wp-page\" data-elementor-id=\"1891\" class=\"elementor elementor-1891\" data-elementor-post-type=\"page\">\n\t\t\t\t\t\t<section class=\"elementor-section elementor-top-section elementor-element elementor-element-1d6ac03 elementor-section-boxed elementor-section-height-default elementor-section-height-default\" data-id=\"1d6ac03\" data-element_type=\"section\" data-e-type=\"section\">\n\t\t\t\t\t\t<div class=\"elementor-container elementor-column-gap-default\">\n\t\t\t\t\t<div class=\"elementor-column elementor-col-100 elementor-top-column elementor-element elementor-element-903f980\" data-id=\"903f980\" data-element_type=\"column\" data-e-type=\"column\">\n\t\t\t<div class=\"elementor-widget-wrap elementor-element-populated\">\n\t\t\t\t\t\t<div class=\"elementor-element elementor-element-4598822 elementor-widget elementor-widget-heading\" data-id=\"4598822\" data-element_type=\"widget\" data-e-type=\"widget\" data-widget_type=\"heading.default\">\n\t\t\t\t<div class=\"elementor-widget-container\">\n\t\t\t\t\t<h2 class=\"elementor-heading-title elementor-size-default\">control del nivel del agua<\/h2>\t\t\t\t<\/div>\n\t\t\t\t<\/div>\n\t\t\t\t<div class=\"elementor-element elementor-element-28c376b elementor-widget elementor-widget-image\" data-id=\"28c376b\" data-element_type=\"widget\" data-e-type=\"widget\" data-widget_type=\"image.default\">\n\t\t\t\t<div class=\"elementor-widget-container\">\n\t\t\t\t\t\t\t\t\t\t\t\t\t\t\t<img fetchpriority=\"high\" decoding=\"async\" width=\"1024\" height=\"463\" src=\"https:\/\/www.airpressureswitch.com\/wp-content\/uploads\/2024\/01\/j5tk-1024x463.jpg\" class=\"attachment-large size-large wp-image-1902\" alt=\"\" srcset=\"https:\/\/www.airpressureswitch.com\/wp-content\/uploads\/2024\/01\/j5tk-1024x463.jpg 1024w, https:\/\/www.airpressureswitch.com\/wp-content\/uploads\/2024\/01\/j5tk-300x136.jpg 300w, https:\/\/www.airpressureswitch.com\/wp-content\/uploads\/2024\/01\/j5tk-768x347.jpg 768w, https:\/\/www.airpressureswitch.com\/wp-content\/uploads\/2024\/01\/j5tk-1536x694.jpg 1536w, https:\/\/www.airpressureswitch.com\/wp-content\/uploads\/2024\/01\/j5tk-2048x925.jpg 2048w, https:\/\/www.airpressureswitch.com\/wp-content\/uploads\/2024\/01\/j5tk-600x271.jpg 600w\" sizes=\"(max-width: 1024px) 100vw, 1024px\">\t\t\t\t\t\t\t\t\t\t\t\t\t\t\t<\/div>\n\t\t\t\t<\/div>\n\t\t\t\t<div class=\"elementor-element elementor-element-118afb9 elementor-widget elementor-widget-text-editor\" data-id=\"118afb9\" data-element_type=\"widget\" data-e-type=\"widget\" data-widget_type=\"text-editor.default\">\n\t\t\t\t<div class=\"elementor-widget-container\">\n\t\t\t\t\t\t\t\t\t<p>El interruptor de nivel de agua utiliza un diafragma para detectar cambios en la presi\u00f3n del aire, lo que permite el funcionamiento de los componentes del interruptor. Est\u00e1 dise\u00f1ado para un rango de presi\u00f3n de 10 mm a 500 mm de columna de agua. El interruptor de nivel de agua utiliza la presi\u00f3n del agua vinculada a la presi\u00f3n del aire original para detectar baja presi\u00f3n de agua. Est\u00e1 dise\u00f1ado para una precisi\u00f3n de presi\u00f3n (hasta \u00b1 3 mm de columna de agua), puede soportar una alta corriente de 10 A, tiene una larga vida \u00fatil y es asequible, entre otras ventajas.<\/p><p>Se utiliza ampliamente en lavadoras de tambor, lavavajillas, lavadoras de botellas y otras m\u00e1quinas que utilizan una cantidad fija de agua para un control preciso del flujo de agua; tambi\u00e9n se puede utilizar en otros equipos m\u00e9dicos, fuentes de agua potable y calentadores de agua el\u00e9ctricos.<\/p>\t\t\t\t\t\t\t\t<\/div>\n\t\t\t\t<\/div>\n\t\t\t\t\t<\/div>\n\t\t<\/div>\n\t\t\t\t\t<\/div>\n\t\t<\/section>\n\t\t\t\t<section class=\"elementor-section elementor-top-section elementor-element elementor-element-7279711 elementor-section-boxed elementor-section-height-default elementor-section-height-default\" data-id=\"7279711\" data-element_type=\"section\" data-e-type=\"section\">\n\t\t\t\t\t\t<div class=\"elementor-container elementor-column-gap-default\">\n\t\t\t\t\t<div class=\"elementor-column elementor-col-33 elementor-top-column elementor-element elementor-element-d7d5a59\" data-id=\"d7d5a59\" data-element_type=\"column\" data-e-type=\"column\">\n\t\t\t<div class=\"elementor-widget-wrap elementor-element-populated\">\n\t\t\t\t\t\t<div class=\"elementor-element elementor-element-7f0071d elementor-widget elementor-widget-image\" data-id=\"7f0071d\" data-element_type=\"widget\" data-e-type=\"widget\" data-widget_type=\"image.default\">\n\t\t\t\t<div class=\"elementor-widget-container\">\n\t\t\t\t\t\t\t\t\t\t\t\t\t\t\t<img decoding=\"async\" width=\"278\" height=\"343\" src=\"https:\/\/www.airpressureswitch.com\/wp-content\/uploads\/2024\/01\/gasbolier.jpg\" class=\"attachment-large size-large wp-image-1836\" alt=\"\" srcset=\"https:\/\/www.airpressureswitch.com\/wp-content\/uploads\/2024\/01\/gasbolier.jpg 278w, https:\/\/www.airpressureswitch.com\/wp-content\/uploads\/2024\/01\/gasbolier-243x300.jpg 243w\" sizes=\"(max-width: 278px) 100vw, 278px\">\t\t\t\t\t\t\t\t\t\t\t\t\t\t\t<\/div>\n\t\t\t\t<\/div>\n\t\t\t\t<div class=\"elementor-element elementor-element-fd64c09 elementor-widget elementor-widget-text-editor\" data-id=\"fd64c09\" data-element_type=\"widget\" data-e-type=\"widget\" data-widget_type=\"text-editor.default\">\n\t\t\t\t<div class=\"elementor-widget-container\">\n\t\t\t\t\t\t\t\t\t<h4 class=\"elementor-heading-title elementor-size-default\"><a href=\"https:\/\/www.airpressureswitch.com\/es\/product\/water-level-pressure-switch\/\">B11 Interruptor de nivel de agua de presi\u00f3n absoluta con rebosadero<\/a><\/h4>\t\t\t\t\t\t\t\t<\/div>\n\t\t\t\t<\/div>\n\t\t\t\t\t<\/div>\n\t\t<\/div>\n\t\t\t\t<div class=\"elementor-column elementor-col-33 elementor-top-column elementor-element elementor-element-e399b16\" data-id=\"e399b16\" data-element_type=\"column\" data-e-type=\"column\">\n\t\t\t<div class=\"elementor-widget-wrap elementor-element-populated\">\n\t\t\t\t\t\t<div class=\"elementor-element elementor-element-719b01d elementor-widget elementor-widget-image\" data-id=\"719b01d\" data-element_type=\"widget\" data-e-type=\"widget\" data-widget_type=\"image.default\">\n\t\t\t\t<div class=\"elementor-widget-container\">\n\t\t\t\t\t\t\t\t\t\t\t\t\t\t\t<img decoding=\"async\" width=\"247\" height=\"304\" src=\"https:\/\/www.airpressureswitch.com\/wp-content\/uploads\/2024\/01\/1312.jpg\" class=\"attachment-large size-large wp-image-1861\" alt=\"\" srcset=\"https:\/\/www.airpressureswitch.com\/wp-content\/uploads\/2024\/01\/1312.jpg 247w, https:\/\/www.airpressureswitch.com\/wp-content\/uploads\/2024\/01\/1312-244x300.jpg 244w\" sizes=\"(max-width: 247px) 100vw, 247px\">\t\t\t\t\t\t\t\t\t\t\t\t\t\t\t<\/div>\n\t\t\t\t<\/div>\n\t\t\t\t<div class=\"elementor-element elementor-element-ba62476 elementor-widget elementor-widget-text-editor\" data-id=\"ba62476\" data-element_type=\"widget\" data-e-type=\"widget\" data-widget_type=\"text-editor.default\">\n\t\t\t\t<div class=\"elementor-widget-container\">\n\t\t\t\t\t\t\t\t\t<h4 class=\"elementor-heading-title elementor-size-default\"><a href=\"https:\/\/www.airpressureswitch.com\/es\/product\/water-level-pressure-switch\/\">B11 Interruptor de nivel de agua de presi\u00f3n absoluta con rebosadero<\/a><br \/><br \/><\/h4><h4 class=\"elementor-heading-title elementor-size-default\"><a href=\"https:\/\/www.airpressureswitch.com\/es\/product\/water-pressure-control-switch\/\">Interruptor doble de nivel de aire y agua B12-A<\/a><\/h4>\t\t\t\t\t\t\t\t<\/div>\n\t\t\t\t<\/div>\n\t\t\t\t\t<\/div>\n\t\t<\/div>\n\t\t\t\t<div class=\"elementor-column elementor-col-33 elementor-top-column elementor-element elementor-element-c30e78e\" data-id=\"c30e78e\" data-element_type=\"column\" data-e-type=\"column\">\n\t\t\t<div class=\"elementor-widget-wrap elementor-element-populated\">\n\t\t\t\t\t\t<div class=\"elementor-element elementor-element-969e3ba elementor-widget elementor-widget-image\" data-id=\"969e3ba\" data-element_type=\"widget\" data-e-type=\"widget\" data-widget_type=\"image.default\">\n\t\t\t\t<div class=\"elementor-widget-container\">\n\t\t\t\t\t\t\t\t\t\t\t\t\t\t\t<img loading=\"lazy\" decoding=\"async\" width=\"275\" height=\"343\" src=\"https:\/\/www.airpressureswitch.com\/wp-content\/uploads\/2024\/01\/coffeemachine.jpg\" class=\"attachment-large size-large wp-image-1834\" alt=\"\" srcset=\"https:\/\/www.airpressureswitch.com\/wp-content\/uploads\/2024\/01\/coffeemachine.jpg 275w, https:\/\/www.airpressureswitch.com\/wp-content\/uploads\/2024\/01\/coffeemachine-241x300.jpg 241w\" sizes=\"(max-width: 275px) 100vw, 275px\">\t\t\t\t\t\t\t\t\t\t\t\t\t\t\t<\/div>\n\t\t\t\t<\/div>\n\t\t\t\t<div class=\"elementor-element elementor-element-a35d748 elementor-widget elementor-widget-text-editor\" data-id=\"a35d748\" data-element_type=\"widget\" data-e-type=\"widget\" data-widget_type=\"text-editor.default\">\n\t\t\t\t<div class=\"elementor-widget-container\">\n\t\t\t\t\t\t\t\t\t<h4 class=\"elementor-heading-title elementor-size-default\"><a href=\"https:\/\/www.airpressureswitch.com\/es\/product\/water-level-switch-washer\/\">Interruptor de flotador de agua B2G-1 para tanque<\/a><\/h4>\t\t\t\t\t\t\t\t<\/div>\n\t\t\t\t<\/div>\n\t\t\t\t\t<\/div>\n\t\t<\/div>\n\t\t\t\t\t<\/div>\n\t\t<\/section>\n\t\t\t\t<\/div>","protected":false},"excerpt":{"rendered":"<p>water level control Water level switch, is a use of the diaphragm to sense changes in air pressure, so as to promote the switch switch components, it is designed to pressure range of 10mm water column to 500mm water column. Water level switch using water pressure linkage air pressure of the original so as to [&hellip;]<\/p>\n","protected":false},"author":1,"featured_media":0,"parent":0,"menu_order":0,"comment_status":"closed","ping_status":"closed","template":"","meta":{"site-sidebar-layout":"no-sidebar","site-content-layout":"page-builder","ast-site-content-layout":"full-width-container","site-content-style":"default","site-sidebar-style":"default","ast-global-header-display":"","ast-banner-title-visibility":"","ast-main-header-display":"","ast-hfb-above-header-display":"","ast-hfb-below-header-display":"","ast-hfb-mobile-header-display":"","site-post-title":"disabled","ast-breadcrumbs-content":"","ast-featured-img":"disabled","footer-sml-layout":"","ast-disable-related-posts":"","theme-transparent-header-meta":"default","adv-header-id-meta":"","stick-header-meta":"","header-above-stick-meta":"","header-main-stick-meta":"","header-below-stick-meta":"","astra-migrate-meta-layouts":"set","ast-page-background-enabled":"default","ast-page-background-meta":{"desktop":{"background-color":"var(--ast-global-color-4)","background-image":"","background-repeat":"repeat","background-position":"center center","background-size":"auto","background-attachment":"scroll","background-type":"","background-media":"","overlay-type":"","overlay-color":"","overlay-opacity":"","overlay-gradient":""},"tablet":{"background-color":"","background-image":"","background-repeat":"repeat","background-position":"center center","background-size":"auto","background-attachment":"scroll","background-type":"","background-media":"","overlay-type":"","overlay-color":"","overlay-opacity":"","overlay-gradient":""},"mobile":{"background-color":"","background-image":"","background-repeat":"repeat","background-position":"center center","background-size":"auto","background-attachment":"scroll","background-type":"","background-media":"","overlay-type":"","overlay-color":"","overlay-opacity":"","overlay-gradient":""}},"ast-content-background-meta":{"desktop":{"background-color":"var(--ast-global-color-5)","background-image":"","background-repeat":"repeat","background-position":"center center","background-size":"auto","background-attachment":"scroll","background-type":"","background-media":"","overlay-type":"","overlay-color":"","overlay-opacity":"","overlay-gradient":""},"tablet":{"background-color":"var(--ast-global-color-5)","background-image":"","background-repeat":"repeat","background-position":"center center","background-size":"auto","background-attachment":"scroll","background-type":"","background-media":"","overlay-type":"","overlay-color":"","overlay-opacity":"","overlay-gradient":""},"mobile":{"background-color":"var(--ast-global-color-5)","background-image":"","background-repeat":"repeat","background-position":"center center","background-size":"auto","background-attachment":"scroll","background-type":"","background-media":"","overlay-type":"","overlay-color":"","overlay-opacity":"","overlay-gradient":""}},"footnotes":""},"class_list":["post-1891","page","type-page","status-publish","hentry"],"_links":{"self":[{"href":"https:\/\/www.airpressureswitch.com\/es\/wp-json\/wp\/v2\/pages\/1891","targetHints":{"allow":["GET"]}}],"collection":[{"href":"https:\/\/www.airpressureswitch.com\/es\/wp-json\/wp\/v2\/pages"}],"about":[{"href":"https:\/\/www.airpressureswitch.com\/es\/wp-json\/wp\/v2\/types\/page"}],"author":[{"embeddable":true,"href":"https:\/\/www.airpressureswitch.com\/es\/wp-json\/wp\/v2\/users\/1"}],"replies":[{"embeddable":true,"href":"https:\/\/www.airpressureswitch.com\/es\/wp-json\/wp\/v2\/comments?post=1891"}],"version-history":[{"count":18,"href":"https:\/\/www.airpressureswitch.com\/es\/wp-json\/wp\/v2\/pages\/1891\/revisions"}],"predecessor-version":[{"id":1912,"href":"https:\/\/www.airpressureswitch.com\/es\/wp-json\/wp\/v2\/pages\/1891\/revisions\/1912"}],"wp:attachment":[{"href":"https:\/\/www.airpressureswitch.com\/es\/wp-json\/wp\/v2\/media?parent=1891"}],"curies":[{"name":"wp","href":"https:\/\/api.w.org\/{rel}","templated":true}]}}