{"id":1025,"date":"2023-01-30T03:17:17","date_gmt":"2023-01-30T03:17:17","guid":{"rendered":"https:\/\/www.airpressureswitch.com\/?post_type=product&#038;p=1025"},"modified":"2023-01-30T03:17:17","modified_gmt":"2023-01-30T03:17:17","slug":"air-flow-differential-pressure-switch","status":"publish","type":"product","link":"https:\/\/www.airpressureswitch.com\/es\/product\/air-flow-differential-pressure-switch","title":{"rendered":"Interruptor de presi\u00f3n diferencial de flujo de aire A62, normalmente abierto negativo, 80-300 Pa"},"content":{"rendered":"<h3>Descripci\u00f3n del interruptor de presi\u00f3n de aire normalmente abierto<\/h3>\n<p>&nbsp;<\/p>\n<p>The A62 is an normally open air flow differential pressure switch which is patented product from our own. It use the integrated leaf spring as the switchover element to replace the traditional micro switch type. And the new design had improved the performance of switch so that it had eliminate the effect of temperature on pressure. Therefore, this is why our air pressure can supply to Midea in China.<\/p>\n<p>Meanwhile, its working temperature range is from -40 to 110\u2103 which is wide and suitable for most electric appliances. As well as the A62 air flow differential pressure switch is sealed structure which is dustproof and waterproof. So, it is specially for the poor working condition.<\/p>\n<p>Besides, this series has long life in working, its electrical life is 250,000 cycles with load and its mechanical life is 1,000,000cycles without load. Generally, you can use for a very long time. It belongs to the low presure switch type and its working pressure rane is from 80pa to 300pa, its Max. withstand voltage is 3000Pa (0.5 Psi) which is suitable for gas bolier, water heater, and so on.<\/p>\n<p>As a <a href=\"https:\/\/www.airpressureswitch.com\/es\/\">air pressure switch manufacturer<\/a>, we not only can custom the pressure point in ON and OFF but also we can provide the OEM service. Welcome to contact us for more details. If you need to see more <a href=\"https:\/\/www.airpressureswitch.com\/es\/productos\/\">pressure and flow switches &amp; sensors<\/a>, welcome to visit our product page.<\/p>\n<p>&nbsp;<\/p>\n<h4><strong>A62 Air Flow Differential Pressure Switch Size<\/strong><\/h4>\n<p><img fetchpriority=\"high\" decoding=\"async\" class=\"alignnone size-full wp-image-1026\" src=\"https:\/\/www.airpressureswitch.com\/wp-content\/uploads\/2023\/01\/A6-air-pressure-switch-size.jpg\" alt=\"A6-air-pressure-switch-size\" width=\"800\" height=\"384\" srcset=\"https:\/\/www.airpressureswitch.com\/wp-content\/uploads\/2023\/01\/A6-air-pressure-switch-size.jpg 800w, https:\/\/www.airpressureswitch.com\/wp-content\/uploads\/2023\/01\/A6-air-pressure-switch-size-300x144.jpg 300w, https:\/\/www.airpressureswitch.com\/wp-content\/uploads\/2023\/01\/A6-air-pressure-switch-size-768x369.jpg 768w, https:\/\/www.airpressureswitch.com\/wp-content\/uploads\/2023\/01\/A6-air-pressure-switch-size-600x288.jpg 600w\" sizes=\"(max-width: 800px) 100vw, 800px\" \/><\/p>\n<h3>A62 Air Flow Differential Pressure Switch Specification<\/h3>\n<table style=\"height: 411px;\" border=\"1\" width=\"1361\" cellpadding=\"6\">\n<tbody>\n<tr style=\"height: 14.25pt;\">\n<td style=\"height: 14.25pt; width: 140.25pt;\" width=\"187\" height=\"19\">N\u00famero de modelo<\/td>\n<td style=\"width: 279.75pt;\" width=\"373\">A62<\/td>\n<\/tr>\n<tr style=\"height: 14.25pt;\">\n<td style=\"height: 14.25pt; width: 140.25pt;\" width=\"187\" height=\"19\">Operating Pressure Range<\/td>\n<td style=\"width: 279.75pt;\" width=\"373\">80pa ~ 300pa<\/td>\n<\/tr>\n<tr style=\"height: 14.25pt;\">\n<td style=\"height: 14.25pt; width: 140.25pt;\" width=\"187\" height=\"19\">Accuracy<\/td>\n<td style=\"width: 279.75pt;\" width=\"373\">\u00b18Pa<\/td>\n<\/tr>\n<tr style=\"height: 14.25pt;\">\n<td style=\"height: 14.25pt; width: 140.25pt;\" width=\"187\" height=\"19\">Tipos de terminales<\/td>\n<td style=\"width: 279.75pt;\" width=\"373\">187#(4.8*0.5mm), 250#(6.3*0.5mm), and Special(4.7*0.8mm) Quick Connect<\/td>\n<\/tr>\n<tr style=\"height: 14.25pt;\">\n<td style=\"height: 14.25pt;\" height=\"19\">Medio de trabajo<\/td>\n<td>Aire o gases de escape<\/td>\n<\/tr>\n<tr style=\"height: 14.25pt;\">\n<td style=\"height: 14.25pt;\" height=\"19\">Circuito<\/td>\n<td>SPST NO<\/td>\n<\/tr>\n<tr style=\"height: 14.25pt;\">\n<td style=\"height: 14.25pt;\" height=\"19\">Clasificaci\u00f3n<\/td>\n<td>1A 24V<a href=\"https:\/\/en.wikipedia.org\/wiki\/Direct_current\" target=\"_blank\" rel=\"noopener\">corriente continua<\/a> y 0,5 A 125\/250 VCA<\/td>\n<\/tr>\n<tr style=\"height: 14.25pt;\">\n<td style=\"height: 14.25pt;\" height=\"19\">Voltaje de resistencia<\/td>\n<td>3000 Pa (0,5 psi)<\/td>\n<\/tr>\n<tr style=\"height: 14.25pt;\">\n<td style=\"height: 14.25pt;\" height=\"19\">Vida el\u00e9ctrica<\/td>\n<td>25.000.000 ciclos<\/td>\n<\/tr>\n<tr style=\"height: 14.25pt;\">\n<td style=\"height: 14.25pt;\" height=\"19\">Salida de recuperaci\u00f3n de gas<\/td>\n<td>Negativo<\/td>\n<\/tr>\n<tr style=\"height: 14.25pt;\">\n<td style=\"height: 14.25pt;\" height=\"19\">Temperatura de funcionamiento<\/td>\n<td>-40 a +110 \u2103<\/td>\n<\/tr>\n<\/tbody>\n<\/table>","protected":false},"excerpt":{"rendered":"<p>The A62 is an air flow differential pressure switch that its pressure rane is from 80pa to 300pa which is suitable for gas bolier, water heater, and so on.<\/p>","protected":false},"featured_media":1027,"comment_status":"closed","ping_status":"closed","template":"","meta":{"site-sidebar-layout":"default","site-content-layout":"default","ast-site-content-layout":"default","site-content-style":"default","site-sidebar-style":"default","ast-global-header-display":"","ast-banner-title-visibility":"","ast-main-header-display":"","ast-hfb-above-header-display":"","ast-hfb-below-header-display":"","ast-hfb-mobile-header-display":"","site-post-title":"","ast-breadcrumbs-content":"","ast-featured-img":"","footer-sml-layout":"","ast-disable-related-posts":"","theme-transparent-header-meta":"default","adv-header-id-meta":"","stick-header-meta":"","header-above-stick-meta":"","header-main-stick-meta":"","header-below-stick-meta":"","astra-migrate-meta-layouts":"default","ast-page-background-enabled":"default","ast-page-background-meta":{"desktop":{"background-color":"var(--ast-global-color-4)","background-image":"","background-repeat":"repeat","background-position":"center center","background-size":"auto","background-attachment":"scroll","background-type":"","background-media":"","overlay-type":"","overlay-color":"","overlay-opacity":"","overlay-gradient":""},"tablet":{"background-color":"","background-image":"","background-repeat":"repeat","background-position":"center center","background-size":"auto","background-attachment":"scroll","background-type":"","background-media":"","overlay-type":"","overlay-color":"","overlay-opacity":"","overlay-gradient":""},"mobile":{"background-color":"","background-image":"","background-repeat":"repeat","background-position":"center center","background-size":"auto","background-attachment":"scroll","background-type":"","background-media":"","overlay-type":"","overlay-color":"","overlay-opacity":"","overlay-gradient":""}},"ast-content-background-meta":{"desktop":{"background-color":"var(--ast-global-color-5)","background-image":"","background-repeat":"repeat","background-position":"center center","background-size":"auto","background-attachment":"scroll","background-type":"","background-media":"","overlay-type":"","overlay-color":"","overlay-opacity":"","overlay-gradient":""},"tablet":{"background-color":"var(--ast-global-color-5)","background-image":"","background-repeat":"repeat","background-position":"center center","background-size":"auto","background-attachment":"scroll","background-type":"","background-media":"","overlay-type":"","overlay-color":"","overlay-opacity":"","overlay-gradient":""},"mobile":{"background-color":"var(--ast-global-color-5)","background-image":"","background-repeat":"repeat","background-position":"center center","background-size":"auto","background-attachment":"scroll","background-type":"","background-media":"","overlay-type":"","overlay-color":"","overlay-opacity":"","overlay-gradient":""}}},"product_brand":[],"product_cat":[23],"product_tag":[],"class_list":{"0":"post-1025","1":"product","2":"type-product","3":"status-publish","4":"has-post-thumbnail","6":"product_cat-air-pressure-switch","7":"desktop-align-left","8":"tablet-align-left","9":"mobile-align-left","11":"first","12":"instock","13":"shipping-taxable","14":"product-type-simple"},"_links":{"self":[{"href":"https:\/\/www.airpressureswitch.com\/es\/wp-json\/wp\/v2\/product\/1025","targetHints":{"allow":["GET"]}}],"collection":[{"href":"https:\/\/www.airpressureswitch.com\/es\/wp-json\/wp\/v2\/product"}],"about":[{"href":"https:\/\/www.airpressureswitch.com\/es\/wp-json\/wp\/v2\/types\/product"}],"replies":[{"embeddable":true,"href":"https:\/\/www.airpressureswitch.com\/es\/wp-json\/wp\/v2\/comments?post=1025"}],"wp:featuredmedia":[{"embeddable":true,"href":"https:\/\/www.airpressureswitch.com\/es\/wp-json\/wp\/v2\/media\/1027"}],"wp:attachment":[{"href":"https:\/\/www.airpressureswitch.com\/es\/wp-json\/wp\/v2\/media?parent=1025"}],"wp:term":[{"taxonomy":"product_brand","embeddable":true,"href":"https:\/\/www.airpressureswitch.com\/es\/wp-json\/wp\/v2\/product_brand?post=1025"},{"taxonomy":"product_cat","embeddable":true,"href":"https:\/\/www.airpressureswitch.com\/es\/wp-json\/wp\/v2\/product_cat?post=1025"},{"taxonomy":"product_tag","embeddable":true,"href":"https:\/\/www.airpressureswitch.com\/es\/wp-json\/wp\/v2\/product_tag?post=1025"}],"curies":[{"name":"wp","href":"https:\/\/api.w.org\/{rel}","templated":true}]}}