{"id":958,"date":"2022-12-29T02:30:11","date_gmt":"2022-12-29T02:30:11","guid":{"rendered":"https:\/\/www.airpressureswitch.com\/?post_type=product&#038;p=958"},"modified":"2023-01-02T06:41:49","modified_gmt":"2023-01-02T06:41:49","slug":"interruptor-de-presion-de-aire-normalmente-abierto","status":"publish","type":"product","link":"https:\/\/www.airpressureswitch.com\/es\/product\/normally-open-air-pressure-switch","title":{"rendered":"Interruptor de presi\u00f3n de aire normalmente abierto A412 de 20 a 50 Pa para calentador de agua"},"content":{"rendered":"<h3>Descripci\u00f3n del interruptor de presi\u00f3n de aire normalmente abierto<\/h3>\n<p>&nbsp;<\/p>\n<p>El interruptor de presi\u00f3n de aire normalmente abierto REGAL A412 es adecuado para diversos dispositivos, especialmente para calentadores de agua. Su dise\u00f1o con interruptor y diafragma integrados permite un control de presi\u00f3n de alta precisi\u00f3n de \u00b13 Pa. Adem\u00e1s, contamos con la patente de este dise\u00f1o. Para obtener m\u00e1s informaci\u00f3n, cont\u00e1ctenos.<\/p>\n<p>Adem\u00e1s, si su dise\u00f1o tiene algunos requisitos para la instalaci\u00f3n del interruptor, tambi\u00e9n tenemos diferentes cantidades, tama\u00f1os y orientaciones de terminales para sus opciones. Que pueden adaptarse a diferentes instalaciones. Generalmente, tenemos interruptores de presi\u00f3n negativa y positiva para sus opciones, pero el tipo predeterminado es el negativo, bienvenido haga clic en el enlace para ver m\u00e1s sobre <a href=\"https:\/\/www.airpressureswitch.com\/es\/interruptor-de-presion-de-aire\/\">nuestros interruptores de presi\u00f3n de aire.<\/a><\/p>\n<p>Adem\u00e1s, el interruptor de presi\u00f3n de aire normalmente abierto A412 tiene un amplio rango de temperatura de funcionamiento, de -40 a +110 \u2103, por lo que se puede usar tanto en verano como en invierno. Las condiciones clim\u00e1ticas no afectar\u00e1n a los usuarios.<\/p>\n<p>En definitiva, REGAL es una empresa profesional. <a href=\"https:\/\/www.airpressureswitch.com\/es\/\">Fabricante de interruptores de presi\u00f3n de aire en China<\/a>, Le invitamos a contactarnos. Nos encantar\u00eda conversar sobre una relaci\u00f3n comercial a largo plazo o un proyecto OEM. \u00a1Muchas gracias!<\/p>\n<p>&nbsp;<\/p>\n<h4><strong>Tama\u00f1o del interruptor de presi\u00f3n de aire A4<\/strong><\/h4>\n<p><img fetchpriority=\"high\" decoding=\"async\" class=\"size-full wp-image-952\" src=\"https:\/\/www.airpressureswitch.com\/wp-content\/uploads\/2022\/12\/A4-Air-pressure-switch.jpg\" alt=\"Tama\u00f1o del interruptor de presi\u00f3n de aire A4\" width=\"800\" height=\"357\" srcset=\"https:\/\/www.airpressureswitch.com\/wp-content\/uploads\/2022\/12\/A4-Air-pressure-switch.jpg 800w, https:\/\/www.airpressureswitch.com\/wp-content\/uploads\/2022\/12\/A4-Air-pressure-switch-300x134.jpg 300w, https:\/\/www.airpressureswitch.com\/wp-content\/uploads\/2022\/12\/A4-Air-pressure-switch-768x343.jpg 768w, https:\/\/www.airpressureswitch.com\/wp-content\/uploads\/2022\/12\/A4-Air-pressure-switch-600x268.jpg 600w\" sizes=\"(max-width: 800px) 100vw, 800px\" \/><\/p>\n<h3>Especificaci\u00f3n del interruptor de presi\u00f3n de aire normalmente abierto A412<\/h3>\n<table style=\"height: 411px;\" border=\"1\" width=\"1361\" cellpadding=\"6\">\n<tbody>\n<tr style=\"height: 14.25pt;\">\n<td style=\"height: 14.25pt; width: 140.25pt;\" width=\"187\" height=\"19\">N\u00famero de modelo<\/td>\n<td style=\"width: 279.75pt;\" width=\"373\">Interruptor de presi\u00f3n de aire normalmente abierto A412<\/td>\n<\/tr>\n<tr style=\"height: 14.25pt;\">\n<td style=\"height: 14.25pt; width: 140.25pt;\" width=\"187\" height=\"19\">Medio de trabajo<\/td>\n<td style=\"width: 279.75pt;\" width=\"373\">Aire o gases de escape<\/td>\n<\/tr>\n<tr style=\"height: 14.25pt;\">\n<td style=\"height: 14.25pt; width: 140.25pt;\" width=\"187\" height=\"19\">Tipos de terminales<\/td>\n<td style=\"width: 279.75pt;\" width=\"373\">Conector r\u00e1pido est\u00e1ndar 187 (4,8*0,5 mm)<\/td>\n<\/tr>\n<tr style=\"height: 14.25pt;\">\n<td style=\"height: 14.25pt;\" height=\"19\">Interfaz de tubo<\/td>\n<td>6,3 de di\u00e1metro exterior, adecuado para tubos de 5 mm de di\u00e1metro interior.<\/td>\n<\/tr>\n<tr style=\"height: 14.25pt;\">\n<td style=\"height: 14.25pt;\" height=\"19\">Circuito<\/td>\n<td>SPST NO<\/td>\n<\/tr>\n<tr style=\"height: 14.25pt;\">\n<td style=\"height: 14.25pt;\" height=\"19\">Clasificaci\u00f3n<\/td>\n<td>1A 24V<a href=\"https:\/\/en.wikipedia.org\/wiki\/Direct_current\" target=\"_blank\" rel=\"noopener\">corriente continua<\/a> y 0,5 A 125\/250 VCA<\/td>\n<\/tr>\n<tr style=\"height: 14.25pt;\">\n<td style=\"height: 14.25pt;\" height=\"19\">Voltaje de resistencia<\/td>\n<td>3000 Pa (0,5 psi)<\/td>\n<\/tr>\n<tr style=\"height: 14.25pt;\">\n<td style=\"height: 14.25pt;\" height=\"19\">Vida el\u00e9ctrica<\/td>\n<td>25.000.000 ciclos<\/td>\n<\/tr>\n<tr style=\"height: 14.25pt;\">\n<td style=\"height: 14.25pt;\" height=\"19\">Salida de recuperaci\u00f3n de gas<\/td>\n<td>Negativo<\/td>\n<\/tr>\n<tr style=\"height: 14.25pt;\">\n<td style=\"height: 14.25pt;\" height=\"19\">Temperatura de funcionamiento<\/td>\n<td>-40 a +110 \u2103<\/td>\n<\/tr>\n<\/tbody>\n<\/table>","protected":false},"excerpt":{"rendered":"<p>El A412 es un interruptor de presi\u00f3n de aire normalmente abierto con un rango de presi\u00f3n de trabajo de 20 a 50 Pa. Es de tipo negativo y se utiliza ampliamente en calentadores de agua, calderas murales y sistemas que requieren la detecci\u00f3n del flujo y la presi\u00f3n del aire, como los sistemas de aire acondicionado comerciales y los sistemas VAV.<\/p>\n<h2>Interruptor de presi\u00f3n de aire normalmente abierto A412<\/h2>","protected":false},"featured_media":962,"comment_status":"closed","ping_status":"closed","template":"","meta":{"site-sidebar-layout":"default","site-content-layout":"default","ast-site-content-layout":"default","site-content-style":"default","site-sidebar-style":"default","ast-global-header-display":"","ast-banner-title-visibility":"","ast-main-header-display":"","ast-hfb-above-header-display":"","ast-hfb-below-header-display":"","ast-hfb-mobile-header-display":"","site-post-title":"","ast-breadcrumbs-content":"","ast-featured-img":"","footer-sml-layout":"","ast-disable-related-posts":"","theme-transparent-header-meta":"default","adv-header-id-meta":"","stick-header-meta":"","header-above-stick-meta":"","header-main-stick-meta":"","header-below-stick-meta":"","astra-migrate-meta-layouts":"default","ast-page-background-enabled":"default","ast-page-background-meta":{"desktop":{"background-color":"var(--ast-global-color-4)","background-image":"","background-repeat":"repeat","background-position":"center center","background-size":"auto","background-attachment":"scroll","background-type":"","background-media":"","overlay-type":"","overlay-color":"","overlay-opacity":"","overlay-gradient":""},"tablet":{"background-color":"","background-image":"","background-repeat":"repeat","background-position":"center center","background-size":"auto","background-attachment":"scroll","background-type":"","background-media":"","overlay-type":"","overlay-color":"","overlay-opacity":"","overlay-gradient":""},"mobile":{"background-color":"","background-image":"","background-repeat":"repeat","background-position":"center center","background-size":"auto","background-attachment":"scroll","background-type":"","background-media":"","overlay-type":"","overlay-color":"","overlay-opacity":"","overlay-gradient":""}},"ast-content-background-meta":{"desktop":{"background-color":"var(--ast-global-color-5)","background-image":"","background-repeat":"repeat","background-position":"center center","background-size":"auto","background-attachment":"scroll","background-type":"","background-media":"","overlay-type":"","overlay-color":"","overlay-opacity":"","overlay-gradient":""},"tablet":{"background-color":"var(--ast-global-color-5)","background-image":"","background-repeat":"repeat","background-position":"center center","background-size":"auto","background-attachment":"scroll","background-type":"","background-media":"","overlay-type":"","overlay-color":"","overlay-opacity":"","overlay-gradient":""},"mobile":{"background-color":"var(--ast-global-color-5)","background-image":"","background-repeat":"repeat","background-position":"center center","background-size":"auto","background-attachment":"scroll","background-type":"","background-media":"","overlay-type":"","overlay-color":"","overlay-opacity":"","overlay-gradient":""}}},"product_brand":[],"product_cat":[23],"product_tag":[],"class_list":{"0":"post-958","1":"product","2":"type-product","3":"status-publish","4":"has-post-thumbnail","6":"product_cat-air-pressure-switch","7":"desktop-align-left","8":"tablet-align-left","9":"mobile-align-left","11":"first","12":"instock","13":"shipping-taxable","14":"product-type-simple"},"_links":{"self":[{"href":"https:\/\/www.airpressureswitch.com\/es\/wp-json\/wp\/v2\/product\/958","targetHints":{"allow":["GET"]}}],"collection":[{"href":"https:\/\/www.airpressureswitch.com\/es\/wp-json\/wp\/v2\/product"}],"about":[{"href":"https:\/\/www.airpressureswitch.com\/es\/wp-json\/wp\/v2\/types\/product"}],"replies":[{"embeddable":true,"href":"https:\/\/www.airpressureswitch.com\/es\/wp-json\/wp\/v2\/comments?post=958"}],"wp:featuredmedia":[{"embeddable":true,"href":"https:\/\/www.airpressureswitch.com\/es\/wp-json\/wp\/v2\/media\/962"}],"wp:attachment":[{"href":"https:\/\/www.airpressureswitch.com\/es\/wp-json\/wp\/v2\/media?parent=958"}],"wp:term":[{"taxonomy":"product_brand","embeddable":true,"href":"https:\/\/www.airpressureswitch.com\/es\/wp-json\/wp\/v2\/product_brand?post=958"},{"taxonomy":"product_cat","embeddable":true,"href":"https:\/\/www.airpressureswitch.com\/es\/wp-json\/wp\/v2\/product_cat?post=958"},{"taxonomy":"product_tag","embeddable":true,"href":"https:\/\/www.airpressureswitch.com\/es\/wp-json\/wp\/v2\/product_tag?post=958"}],"curies":[{"name":"wp","href":"https:\/\/api.w.org\/{rel}","templated":true}]}}