{"id":1871,"date":"2024-01-30T03:54:42","date_gmt":"2024-01-30T03:54:42","guid":{"rendered":"https:\/\/www.airpressureswitch.com\/?page_id=1871"},"modified":"2024-01-31T07:33:03","modified_gmt":"2024-01-31T07:33:03","slug":"controle-de-la-pression-de-leau","status":"publish","type":"page","link":"https:\/\/www.airpressureswitch.com\/fr\/water-pressure-control","title":{"rendered":"contr\u00f4le de la pression de l&#039;eau"},"content":{"rendered":"<div data-elementor-type=\"wp-page\" data-elementor-id=\"1871\" class=\"elementor elementor-1871\" data-elementor-post-type=\"page\">\n\t\t\t\t\t\t<section class=\"elementor-section elementor-top-section elementor-element elementor-element-2c6ce08 elementor-section-boxed elementor-section-height-default elementor-section-height-default\" data-id=\"2c6ce08\" data-element_type=\"section\" data-e-type=\"section\">\n\t\t\t\t\t\t<div class=\"elementor-container elementor-column-gap-default\">\n\t\t\t\t\t<div class=\"elementor-column elementor-col-100 elementor-top-column elementor-element elementor-element-6046bcb\" data-id=\"6046bcb\" data-element_type=\"column\" data-e-type=\"column\">\n\t\t\t<div class=\"elementor-widget-wrap elementor-element-populated\">\n\t\t\t\t\t\t<div class=\"elementor-element elementor-element-c8f56d3 elementor-widget elementor-widget-heading\" data-id=\"c8f56d3\" data-element_type=\"widget\" data-e-type=\"widget\" data-widget_type=\"heading.default\">\n\t\t\t\t<div class=\"elementor-widget-container\">\n\t\t\t\t\t<h2 class=\"elementor-heading-title elementor-size-default\">contr\u00f4le de la pression de l&#039;eau <\/h2>\t\t\t\t<\/div>\n\t\t\t\t<\/div>\n\t\t\t\t<div class=\"elementor-element elementor-element-949bd56 elementor-widget elementor-widget-image\" data-id=\"949bd56\" data-element_type=\"widget\" data-e-type=\"widget\" data-widget_type=\"image.default\">\n\t\t\t\t<div class=\"elementor-widget-container\">\n\t\t\t\t\t\t\t\t\t\t\t\t\t\t\t<img fetchpriority=\"high\" decoding=\"async\" width=\"1024\" height=\"410\" src=\"https:\/\/www.airpressureswitch.com\/wp-content\/uploads\/2024\/01\/cdw9-1024x410.jpg\" class=\"attachment-large size-large wp-image-1878\" alt=\"\" srcset=\"https:\/\/www.airpressureswitch.com\/wp-content\/uploads\/2024\/01\/cdw9-1024x410.jpg 1024w, https:\/\/www.airpressureswitch.com\/wp-content\/uploads\/2024\/01\/cdw9-300x120.jpg 300w, https:\/\/www.airpressureswitch.com\/wp-content\/uploads\/2024\/01\/cdw9-768x307.jpg 768w, https:\/\/www.airpressureswitch.com\/wp-content\/uploads\/2024\/01\/cdw9-1536x615.jpg 1536w, https:\/\/www.airpressureswitch.com\/wp-content\/uploads\/2024\/01\/cdw9-2048x820.jpg 2048w, https:\/\/www.airpressureswitch.com\/wp-content\/uploads\/2024\/01\/cdw9-600x240.jpg 600w\" sizes=\"(max-width: 1024px) 100vw, 1024px\">\t\t\t\t\t\t\t\t\t\t\t\t\t\t\t<\/div>\n\t\t\t\t<\/div>\n\t\t\t\t<div class=\"elementor-element elementor-element-9e55f42 elementor-widget elementor-widget-text-editor\" data-id=\"9e55f42\" data-element_type=\"widget\" data-e-type=\"widget\" data-widget_type=\"text-editor.default\">\n\t\t\t\t<div class=\"elementor-widget-container\">\n\t\t\t\t\t\t\t\t\t<p>Le pressostat \u00e0 eau est un capteur de pression simple qui utilise la pression de l&#039;eau pour d\u00e9placer l&#039;\u00e9l\u00e9ment sensible interne, actionnant ainsi l&#039;\u00e9l\u00e9ment de commutation qui convertit et g\u00e9n\u00e8re un signal de commutation. Con\u00e7u pour une plage de pression de 5 \u00e0 200 kPa, il peut \u00eatre adapt\u00e9 \u00e0 une plage plus \u00e9tendue selon les besoins du client. Ses performances sont stables et son co\u00fbt r\u00e9duit, ce qui en fait un produit tr\u00e8s appr\u00e9ci\u00e9 des fabricants d&#039;\u00e9quipements de d\u00e9tection et de contr\u00f4le de pression.<\/p><p>Les applications typiques comprennent la d\u00e9tection des chaudi\u00e8res \u00e0 gaz, des chaudi\u00e8res \u00e9lectriques, des distributeurs d&#039;eau commerciaux, des \u00e9quipements de prise d&#039;eau, des \u00e9quipements de traitement des eaux us\u00e9es et de certains \u00e9quipements m\u00e9dicaux ; ainsi, la d\u00e9tection et la mesure de la pression de l&#039;eau, ainsi que la d\u00e9tection du d\u00e9bit de liquides dans l&#039;\u00e9quipement, peuvent \u00eatre utilis\u00e9es.<\/p>\t\t\t\t\t\t\t\t<\/div>\n\t\t\t\t<\/div>\n\t\t\t\t\t<\/div>\n\t\t<\/div>\n\t\t\t\t\t<\/div>\n\t\t<\/section>\n\t\t\t\t<section class=\"elementor-section elementor-top-section elementor-element elementor-element-6a14a96 elementor-section-boxed elementor-section-height-default elementor-section-height-default\" data-id=\"6a14a96\" data-element_type=\"section\" data-e-type=\"section\">\n\t\t\t\t\t\t<div class=\"elementor-container elementor-column-gap-default\">\n\t\t\t\t\t<div class=\"elementor-column elementor-col-33 elementor-top-column elementor-element elementor-element-a6d183a\" data-id=\"a6d183a\" data-element_type=\"column\" data-e-type=\"column\">\n\t\t\t<div class=\"elementor-widget-wrap elementor-element-populated\">\n\t\t\t\t\t\t<div class=\"elementor-element elementor-element-fa2fa60 elementor-widget elementor-widget-image\" data-id=\"fa2fa60\" data-element_type=\"widget\" data-e-type=\"widget\" data-widget_type=\"image.default\">\n\t\t\t\t<div class=\"elementor-widget-container\">\n\t\t\t\t\t\t\t\t\t\t\t\t\t\t\t<img decoding=\"async\" width=\"278\" height=\"343\" src=\"https:\/\/www.airpressureswitch.com\/wp-content\/uploads\/2024\/01\/gasbolier.jpg\" class=\"attachment-large size-large wp-image-1836\" alt=\"\" srcset=\"https:\/\/www.airpressureswitch.com\/wp-content\/uploads\/2024\/01\/gasbolier.jpg 278w, https:\/\/www.airpressureswitch.com\/wp-content\/uploads\/2024\/01\/gasbolier-243x300.jpg 243w\" sizes=\"(max-width: 278px) 100vw, 278px\">\t\t\t\t\t\t\t\t\t\t\t\t\t\t\t<\/div>\n\t\t\t\t<\/div>\n\t\t\t\t<div class=\"elementor-element elementor-element-3bd1ebc elementor-widget elementor-widget-text-editor\" data-id=\"3bd1ebc\" data-element_type=\"widget\" data-e-type=\"widget\" data-widget_type=\"text-editor.default\">\n\t\t\t\t<div class=\"elementor-widget-container\">\n\t\t\t\t\t\t\t\t\t<h4 class=\"elementor-heading-title elementor-size-default\"><a href=\"https:\/\/www.airpressureswitch.com\/fr\/product\/boiler-water-pressure-switch\/\">Port de connexion rapide pour pressostat d&#039;eau W2<\/a><br \/><br \/><\/h4><h4 class=\"elementor-heading-title elementor-size-default\"><a href=\"https:\/\/www.airpressureswitch.com\/fr\/product\/low-pressure-pump-switch\/\">Interface filet\u00e9e G1\/8 pour pressostat d&#039;eau W11<\/a><\/h4>\t\t\t\t\t\t\t\t<\/div>\n\t\t\t\t<\/div>\n\t\t\t\t\t<\/div>\n\t\t<\/div>\n\t\t\t\t<div class=\"elementor-column elementor-col-33 elementor-top-column elementor-element elementor-element-69c7103\" data-id=\"69c7103\" data-element_type=\"column\" data-e-type=\"column\">\n\t\t\t<div class=\"elementor-widget-wrap elementor-element-populated\">\n\t\t\t\t\t\t<div class=\"elementor-element elementor-element-6d923dd elementor-widget elementor-widget-image\" data-id=\"6d923dd\" data-element_type=\"widget\" data-e-type=\"widget\" data-widget_type=\"image.default\">\n\t\t\t\t<div class=\"elementor-widget-container\">\n\t\t\t\t\t\t\t\t\t\t\t\t\t\t\t<img decoding=\"async\" width=\"277\" height=\"344\" src=\"https:\/\/www.airpressureswitch.com\/wp-content\/uploads\/2024\/01\/gasoven.jpg\" class=\"attachment-large size-large wp-image-1835\" alt=\"\" srcset=\"https:\/\/www.airpressureswitch.com\/wp-content\/uploads\/2024\/01\/gasoven.jpg 277w, https:\/\/www.airpressureswitch.com\/wp-content\/uploads\/2024\/01\/gasoven-242x300.jpg 242w\" sizes=\"(max-width: 277px) 100vw, 277px\">\t\t\t\t\t\t\t\t\t\t\t\t\t\t\t<\/div>\n\t\t\t\t<\/div>\n\t\t\t\t<div class=\"elementor-element elementor-element-3026b0d elementor-widget elementor-widget-text-editor\" data-id=\"3026b0d\" data-element_type=\"widget\" data-e-type=\"widget\" data-widget_type=\"text-editor.default\">\n\t\t\t\t<div class=\"elementor-widget-container\">\n\t\t\t\t\t\t\t\t\t<h4 class=\"elementor-heading-title elementor-size-default\"><a href=\"https:\/\/www.airpressureswitch.com\/fr\/product\/low-pressure-switch\/\">Interface filet\u00e9e G1\/4 pour pressostat d&#039;eau W12<\/a><\/h4>\t\t\t\t\t\t\t\t<\/div>\n\t\t\t\t<\/div>\n\t\t\t\t\t<\/div>\n\t\t<\/div>\n\t\t\t\t<div class=\"elementor-column elementor-col-33 elementor-top-column elementor-element elementor-element-df4f568\" data-id=\"df4f568\" data-element_type=\"column\" data-e-type=\"column\">\n\t\t\t<div class=\"elementor-widget-wrap elementor-element-populated\">\n\t\t\t\t\t\t<div class=\"elementor-element elementor-element-4b1697c elementor-widget elementor-widget-image\" data-id=\"4b1697c\" data-element_type=\"widget\" data-e-type=\"widget\" data-widget_type=\"image.default\">\n\t\t\t\t<div class=\"elementor-widget-container\">\n\t\t\t\t\t\t\t\t\t\t\t\t\t\t\t<img loading=\"lazy\" decoding=\"async\" width=\"275\" height=\"343\" src=\"https:\/\/www.airpressureswitch.com\/wp-content\/uploads\/2024\/01\/coffeemachine.jpg\" class=\"attachment-large size-large wp-image-1834\" alt=\"\" srcset=\"https:\/\/www.airpressureswitch.com\/wp-content\/uploads\/2024\/01\/coffeemachine.jpg 275w, https:\/\/www.airpressureswitch.com\/wp-content\/uploads\/2024\/01\/coffeemachine-241x300.jpg 241w\" sizes=\"(max-width: 275px) 100vw, 275px\">\t\t\t\t\t\t\t\t\t\t\t\t\t\t\t<\/div>\n\t\t\t\t<\/div>\n\t\t\t\t<div class=\"elementor-element elementor-element-36f6e34 elementor-widget elementor-widget-text-editor\" data-id=\"36f6e34\" data-element_type=\"widget\" data-e-type=\"widget\" data-widget_type=\"text-editor.default\">\n\t\t\t\t<div class=\"elementor-widget-container\">\n\t\t\t\t\t\t\t\t\t<h4 class=\"elementor-heading-title elementor-size-default\"><a href=\"https:\/\/www.airpressureswitch.com\/fr\/product\/interrupteur-de-controle-de-pression-deau\/\">Interface rapide du pressostat d&#039;eau W13 1<\/a><\/h4>\t\t\t\t\t\t\t\t<\/div>\n\t\t\t\t<\/div>\n\t\t\t\t\t<\/div>\n\t\t<\/div>\n\t\t\t\t\t<\/div>\n\t\t<\/section>\n\t\t\t\t<\/div>","protected":false},"excerpt":{"rendered":"<p>Water pressure control Water pressure switch is a simple water pressure sensing pressure switch, which utilizes water pressure to push the displacement of the internal sensing element, thus pushing the switching element to convert and output the switching signal. It is designed to sense pressure range (5Kpa-200Kpa) according to customer demand can also be customized [&hellip;]<\/p>\n","protected":false},"author":1,"featured_media":0,"parent":0,"menu_order":0,"comment_status":"closed","ping_status":"closed","template":"","meta":{"site-sidebar-layout":"no-sidebar","site-content-layout":"page-builder","ast-site-content-layout":"full-width-container","site-content-style":"default","site-sidebar-style":"default","ast-global-header-display":"","ast-banner-title-visibility":"","ast-main-header-display":"","ast-hfb-above-header-display":"","ast-hfb-below-header-display":"","ast-hfb-mobile-header-display":"","site-post-title":"disabled","ast-breadcrumbs-content":"","ast-featured-img":"disabled","footer-sml-layout":"","ast-disable-related-posts":"","theme-transparent-header-meta":"default","adv-header-id-meta":"","stick-header-meta":"","header-above-stick-meta":"","header-main-stick-meta":"","header-below-stick-meta":"","astra-migrate-meta-layouts":"set","ast-page-background-enabled":"default","ast-page-background-meta":{"desktop":{"background-color":"var(--ast-global-color-4)","background-image":"","background-repeat":"repeat","background-position":"center center","background-size":"auto","background-attachment":"scroll","background-type":"","background-media":"","overlay-type":"","overlay-color":"","overlay-opacity":"","overlay-gradient":""},"tablet":{"background-color":"","background-image":"","background-repeat":"repeat","background-position":"center center","background-size":"auto","background-attachment":"scroll","background-type":"","background-media":"","overlay-type":"","overlay-color":"","overlay-opacity":"","overlay-gradient":""},"mobile":{"background-color":"","background-image":"","background-repeat":"repeat","background-position":"center center","background-size":"auto","background-attachment":"scroll","background-type":"","background-media":"","overlay-type":"","overlay-color":"","overlay-opacity":"","overlay-gradient":""}},"ast-content-background-meta":{"desktop":{"background-color":"var(--ast-global-color-5)","background-image":"","background-repeat":"repeat","background-position":"center center","background-size":"auto","background-attachment":"scroll","background-type":"","background-media":"","overlay-type":"","overlay-color":"","overlay-opacity":"","overlay-gradient":""},"tablet":{"background-color":"var(--ast-global-color-5)","background-image":"","background-repeat":"repeat","background-position":"center center","background-size":"auto","background-attachment":"scroll","background-type":"","background-media":"","overlay-type":"","overlay-color":"","overlay-opacity":"","overlay-gradient":""},"mobile":{"background-color":"var(--ast-global-color-5)","background-image":"","background-repeat":"repeat","background-position":"center center","background-size":"auto","background-attachment":"scroll","background-type":"","background-media":"","overlay-type":"","overlay-color":"","overlay-opacity":"","overlay-gradient":""}},"footnotes":""},"class_list":["post-1871","page","type-page","status-publish","hentry"],"_links":{"self":[{"href":"https:\/\/www.airpressureswitch.com\/fr\/wp-json\/wp\/v2\/pages\/1871","targetHints":{"allow":["GET"]}}],"collection":[{"href":"https:\/\/www.airpressureswitch.com\/fr\/wp-json\/wp\/v2\/pages"}],"about":[{"href":"https:\/\/www.airpressureswitch.com\/fr\/wp-json\/wp\/v2\/types\/page"}],"author":[{"embeddable":true,"href":"https:\/\/www.airpressureswitch.com\/fr\/wp-json\/wp\/v2\/users\/1"}],"replies":[{"embeddable":true,"href":"https:\/\/www.airpressureswitch.com\/fr\/wp-json\/wp\/v2\/comments?post=1871"}],"version-history":[{"count":13,"href":"https:\/\/www.airpressureswitch.com\/fr\/wp-json\/wp\/v2\/pages\/1871\/revisions"}],"predecessor-version":[{"id":1889,"href":"https:\/\/www.airpressureswitch.com\/fr\/wp-json\/wp\/v2\/pages\/1871\/revisions\/1889"}],"wp:attachment":[{"href":"https:\/\/www.airpressureswitch.com\/fr\/wp-json\/wp\/v2\/media?parent=1871"}],"curies":[{"name":"wp","href":"https:\/\/api.w.org\/{rel}","templated":true}]}}