{"id":50,"date":"2022-11-04T05:43:34","date_gmt":"2022-11-04T05:43:34","guid":{"rendered":"https:\/\/www.airpressureswitch.com\/?page_id=50"},"modified":"2023-11-03T03:34:15","modified_gmt":"2023-11-03T03:34:15","slug":"blog","status":"publish","type":"page","link":"https:\/\/www.airpressureswitch.com\/fr\/blog","title":{"rendered":"Nouvelles"},"content":{"rendered":"<div data-elementor-type=\"wp-page\" data-elementor-id=\"50\" class=\"elementor elementor-50\" data-elementor-post-type=\"page\">\n\t\t\t\t\t\t<section class=\"elementor-section elementor-top-section elementor-element elementor-element-51fffd03 elementor-section-boxed elementor-section-height-default elementor-section-height-default\" data-id=\"51fffd03\" data-element_type=\"section\" data-e-type=\"section\">\n\t\t\t\t\t\t<div class=\"elementor-container elementor-column-gap-default\">\n\t\t\t\t\t<div class=\"elementor-column elementor-col-100 elementor-top-column elementor-element elementor-element-6d2411a3\" data-id=\"6d2411a3\" data-element_type=\"column\" data-e-type=\"column\">\n\t\t\t<div class=\"elementor-widget-wrap elementor-element-populated\">\n\t\t\t\t\t\t<div class=\"elementor-element elementor-element-4880cd44 elementor-widget elementor-widget-theme-post-title elementor-page-title elementor-widget-heading\" data-id=\"4880cd44\" data-element_type=\"widget\" data-e-type=\"widget\" data-widget_type=\"theme-post-title.default\">\n\t\t\t\t<div class=\"elementor-widget-container\">\n\t\t\t\t\t<h1 class=\"elementor-heading-title elementor-size-default\">Nouvelles<\/h1>\t\t\t\t<\/div>\n\t\t\t\t<\/div>\n\t\t\t\t\t<\/div>\n\t\t<\/div>\n\t\t\t\t\t<\/div>\n\t\t<\/section>\n\t\t\t\t<section class=\"elementor-section elementor-top-section elementor-element elementor-element-81a57c6 elementor-section-boxed elementor-section-height-default elementor-section-height-default\" data-id=\"81a57c6\" data-element_type=\"section\" data-e-type=\"section\">\n\t\t\t\t\t\t<div class=\"elementor-container elementor-column-gap-default\">\n\t\t\t\t\t<div class=\"elementor-column elementor-col-100 elementor-top-column elementor-element elementor-element-8c1f04b\" data-id=\"8c1f04b\" data-element_type=\"column\" data-e-type=\"column\">\n\t\t\t<div class=\"elementor-widget-wrap elementor-element-populated\">\n\t\t\t\t\t\t<div class=\"elementor-element elementor-element-2fcff42 elementor-widget elementor-widget-text-editor\" data-id=\"2fcff42\" data-element_type=\"widget\" data-e-type=\"widget\" data-widget_type=\"text-editor.default\">\n\t\t\t\t<div class=\"elementor-widget-container\">\n\t\t\t\t\t\t\t\t\t<p>Cette page pr\u00e9sente des connaissances et des conseils pratiques, notamment sur l&#039;installation d&#039;un pressostat, la compr\u00e9hension du niveau d&#039;eau, le choix d&#039;un capteur de d\u00e9bit, la r\u00e9paration d&#039;un capteur de pression d&#039;air de chaudi\u00e8re \u00e0 gaz, etc. Son objectif principal est d&#039;aider les utilisateurs \u00e0 mieux comprendre les produits REGAL.<\/p>\t\t\t\t\t\t\t\t<\/div>\n\t\t\t\t<\/div>\n\t\t\t\t\t<\/div>\n\t\t<\/div>\n\t\t\t\t\t<\/div>\n\t\t<\/section>\n\t\t\t\t<section class=\"elementor-section elementor-top-section elementor-element elementor-element-ae7f92a elementor-section-boxed elementor-section-height-default elementor-section-height-default\" data-id=\"ae7f92a\" data-element_type=\"section\" data-e-type=\"section\">\n\t\t\t\t\t\t<div class=\"elementor-container elementor-column-gap-default\">\n\t\t\t\t\t<div class=\"elementor-column elementor-col-100 elementor-top-column elementor-element elementor-element-210c434\" data-id=\"210c434\" data-element_type=\"column\" data-e-type=\"column\">\n\t\t\t<div class=\"elementor-widget-wrap elementor-element-populated\">\n\t\t\t\t\t\t<div class=\"elementor-element elementor-element-82ccf4b elementor-grid-4 elementor-grid-tablet-2 elementor-grid-mobile-1 elementor-posts--thumbnail-top elementor-widget elementor-widget-posts\" data-id=\"82ccf4b\" data-element_type=\"widget\" data-e-type=\"widget\" data-settings=\"{&quot;classic_columns&quot;:&quot;4&quot;,&quot;classic_row_gap&quot;:{&quot;unit&quot;:&quot;px&quot;,&quot;size&quot;:15,&quot;sizes&quot;:[]},&quot;pagination_type&quot;:&quot;numbers_and_prev_next&quot;,&quot;classic_columns_tablet&quot;:&quot;2&quot;,&quot;classic_columns_mobile&quot;:&quot;1&quot;,&quot;classic_row_gap_tablet&quot;:{&quot;unit&quot;:&quot;px&quot;,&quot;size&quot;:&quot;&quot;,&quot;sizes&quot;:[]},&quot;classic_row_gap_mobile&quot;:{&quot;unit&quot;:&quot;px&quot;,&quot;size&quot;:&quot;&quot;,&quot;sizes&quot;:[]}}\" data-widget_type=\"posts.classic\">\n\t\t\t\t<div class=\"elementor-widget-container\">\n\t\t\t\t\t\t\t<div class=\"elementor-posts-container elementor-posts elementor-posts--skin-classic elementor-grid\" role=\"list\">\n\t\t\t\t<article class=\"elementor-post elementor-grid-item post-2271 post type-post status-publish format-standard hentry category-company-news\" role=\"listitem\">\n\t\t\t\t<div class=\"elementor-post__text\">\n\t\t\t\t<h3 class=\"elementor-post__title\">\n\t\t\t<a href=\"https:\/\/www.airpressureswitch.com\/fr\/archives\/2271\" >\n\t\t\t\tComposant de s\u00e9curit\u00e9 essentiel\u00a0: Explication du capteur de pression d\u2019air de la chaudi\u00e8re\t\t\t<\/a>\n\t\t<\/h3>\n\t\t\t\t<div class=\"elementor-post__meta-data\">\n\t\t\t\t\t<span class=\"elementor-post-date\">\n\t\t\t31\/03\/2026\t\t<\/span>\n\t\t\t\t<\/div>\n\t\t\t\t<div class=\"elementor-post__excerpt\">\n\t\t\t<p>In the intricate world of modern heating systems, safety and efficiency go hand in hand. A critical component that ensures both is the Air Pressure<\/p>\n\t\t<\/div>\n\t\t\n\t\t<a class=\"elementor-post__read-more\" href=\"https:\/\/www.airpressureswitch.com\/fr\/archives\/2271\" aria-label=\"Read more about Essential Safety Component: The Air Pressure Switch Boiler Sensor Explained\" tabindex=\"-1\" >\n\t\t\tEn savoir plus &quot;\u00bb\t\t<\/a>\n\n\t\t\t\t<\/div>\n\t\t\t\t<\/article>\n\t\t\t\t<article class=\"elementor-post elementor-grid-item post-2227 post type-post status-publish format-standard hentry category-company-news\" role=\"listitem\">\n\t\t\t\t<div class=\"elementor-post__text\">\n\t\t\t\t<h3 class=\"elementor-post__title\">\n\t\t\t<a href=\"https:\/\/www.airpressureswitch.com\/fr\/archives\/2227\" >\n\t\t\t\tD\u00e9tection et contr\u00f4le des pressostats \u00e0 vent : Guide de pr\u00e9cision industrielle\t\t\t<\/a>\n\t\t<\/h3>\n\t\t\t\t<div class=\"elementor-post__meta-data\">\n\t\t\t\t\t<span class=\"elementor-post-date\">\n\t\t\t25\/03\/2026\t\t<\/span>\n\t\t\t\t<\/div>\n\t\t\t\t<div class=\"elementor-post__excerpt\">\n\t\t\t<p>In modern HVAC systems, industrial boilers, and gas appliances, safety and efficiency depend on one critical factor: precise air pressure monitoring. The wind pressure switch<\/p>\n\t\t<\/div>\n\t\t\n\t\t<a class=\"elementor-post__read-more\" href=\"https:\/\/www.airpressureswitch.com\/fr\/archives\/2227\" aria-label=\"Read more about Wind Pressure Switch Detection and Control: A Guide to Industrial Precision\" tabindex=\"-1\" >\n\t\t\tEn savoir plus &quot;\u00bb\t\t<\/a>\n\n\t\t\t\t<\/div>\n\t\t\t\t<\/article>\n\t\t\t\t<article class=\"elementor-post elementor-grid-item post-2225 post type-post status-publish format-standard hentry category-company-news\" role=\"listitem\">\n\t\t\t\t<div class=\"elementor-post__text\">\n\t\t\t\t<h3 class=\"elementor-post__title\">\n\t\t\t<a href=\"https:\/\/www.airpressureswitch.com\/fr\/archives\/2225\" >\n\t\t\t\tPressostats \u00e0 eau de haute qualit\u00e9\u00a0: pourquoi choisir un fournisseur chinois de premier plan est important\t\t\t<\/a>\n\t\t<\/h3>\n\t\t\t\t<div class=\"elementor-post__meta-data\">\n\t\t\t\t\t<span class=\"elementor-post-date\">\n\t\t\t24\/03\/2026\t\t<\/span>\n\t\t\t\t<\/div>\n\t\t\t\t<div class=\"elementor-post__excerpt\">\n\t\t\t<p>In any fluid control system\u2014from residential booster pumps to large-scale industrial HVAC units\u2014the water pressure switch acts as the &#8220;brain&#8221; of the operation. It ensures<\/p>\n\t\t<\/div>\n\t\t\n\t\t<a class=\"elementor-post__read-more\" href=\"https:\/\/www.airpressureswitch.com\/fr\/archives\/2225\" aria-label=\"Read more about Top-Quality Water Pressure Switches: Why Choosing a Leading China Supplier Matters\" tabindex=\"-1\" >\n\t\t\tEn savoir plus &quot;\u00bb\t\t<\/a>\n\n\t\t\t\t<\/div>\n\t\t\t\t<\/article>\n\t\t\t\t<article class=\"elementor-post elementor-grid-item post-2223 post type-post status-publish format-standard hentry category-company-news\" role=\"listitem\">\n\t\t\t\t<div class=\"elementor-post__text\">\n\t\t\t\t<h3 class=\"elementor-post__title\">\n\t\t\t<a href=\"https:\/\/www.airpressureswitch.com\/fr\/archives\/2223\" >\n\t\t\t\tGuide essentiel des pressostats d&#039;air pour chaudi\u00e8res\u00a0: garantir s\u00e9curit\u00e9 et efficacit\u00e9\t\t\t<\/a>\n\t\t<\/h3>\n\t\t\t\t<div class=\"elementor-post__meta-data\">\n\t\t\t\t\t<span class=\"elementor-post-date\">\n\t\t\t23\/03\/2026\t\t<\/span>\n\t\t\t\t<\/div>\n\t\t\t\t<div class=\"elementor-post__excerpt\">\n\t\t\t<p>Dans le monde du chauffage industriel et des chaudi\u00e8res domestiques, la s\u00e9curit\u00e9 est primordiale. Un seul composant, petit mais essentiel, peut garantir le bon fonctionnement du syst\u00e8me.<\/p>\n\t\t<\/div>\n\t\t\n\t\t<a class=\"elementor-post__read-more\" href=\"https:\/\/www.airpressureswitch.com\/fr\/archives\/2223\" aria-label=\"Read more about Essential Guide to Boiler Air Pressure Switches: Ensuring Safety and Efficiency\" tabindex=\"-1\" >\n\t\t\tEn savoir plus &quot;\u00bb\t\t<\/a>\n\n\t\t\t\t<\/div>\n\t\t\t\t<\/article>\n\t\t\t\t<article class=\"elementor-post elementor-grid-item post-1993 post type-post status-publish format-standard hentry category-industry-news\" role=\"listitem\">\n\t\t\t\t<div class=\"elementor-post__text\">\n\t\t\t\t<h3 class=\"elementor-post__title\">\n\t\t\t<a href=\"https:\/\/www.airpressureswitch.com\/fr\/archives\/1993\" >\n\t\t\t\tComment choisir un pressostat d&#039;eau\t\t\t<\/a>\n\t\t<\/h3>\n\t\t\t\t<div class=\"elementor-post__meta-data\">\n\t\t\t\t\t<span class=\"elementor-post-date\">\n\t\t\t18\/04\/2025\t\t<\/span>\n\t\t\t\t<\/div>\n\t\t\t\t<div class=\"elementor-post__excerpt\">\n\t\t\t<p>Choisir le bon pressostat implique de prendre en compte plusieurs facteurs li\u00e9s \u00e0 votre application et \u00e0 vos besoins sp\u00e9cifiques. Voici un guide pour vous aider \u00e0 faire votre choix.<\/p>\n\t\t<\/div>\n\t\t\n\t\t<a class=\"elementor-post__read-more\" href=\"https:\/\/www.airpressureswitch.com\/fr\/archives\/1993\" aria-label=\"Read more about How To Choose Water Pressure Switches\" tabindex=\"-1\" >\n\t\t\tEn savoir plus &quot;\u00bb\t\t<\/a>\n\n\t\t\t\t<\/div>\n\t\t\t\t<\/article>\n\t\t\t\t<article class=\"elementor-post elementor-grid-item post-1997 post type-post status-publish format-standard hentry category-industry-news\" role=\"listitem\">\n\t\t\t\t<div class=\"elementor-post__text\">\n\t\t\t\t<h3 class=\"elementor-post__title\">\n\t\t\t<a href=\"https:\/\/www.airpressureswitch.com\/fr\/archives\/1997\" >\n\t\t\t\tQuel est le r\u00f4le du pressostat ?\t\t\t<\/a>\n\t\t<\/h3>\n\t\t\t\t<div class=\"elementor-post__meta-data\">\n\t\t\t\t\t<span class=\"elementor-post-date\">\n\t\t\t18\/04\/2025\t\t<\/span>\n\t\t\t\t<\/div>\n\t\t\t\t<div class=\"elementor-post__excerpt\">\n\t\t\t<p>Un pressostat est un dispositif utilis\u00e9 dans diverses applications pour surveiller la pression de l&#039;air au sein d&#039;un syst\u00e8me. Sa fonction principale est de\u2026<\/p>\n\t\t<\/div>\n\t\t\n\t\t<a class=\"elementor-post__read-more\" href=\"https:\/\/www.airpressureswitch.com\/fr\/archives\/1997\" aria-label=\"Read more about What is the function of the air pressure switch?\" tabindex=\"-1\" >\n\t\t\tEn savoir plus &quot;\u00bb\t\t<\/a>\n\n\t\t\t\t<\/div>\n\t\t\t\t<\/article>\n\t\t\t\t<article class=\"elementor-post elementor-grid-item post-2005 post type-post status-publish format-standard hentry category-industry-news\" role=\"listitem\">\n\t\t\t\t<div class=\"elementor-post__text\">\n\t\t\t\t<h3 class=\"elementor-post__title\">\n\t\t\t<a href=\"https:\/\/www.airpressureswitch.com\/fr\/archives\/2005\" >\n\t\t\t\tO\u00f9 trouver les soupapes de d\u00e9charge de pression des chaudi\u00e8res murales ?\t\t\t<\/a>\n\t\t<\/h3>\n\t\t\t\t<div class=\"elementor-post__meta-data\">\n\t\t\t\t\t<span class=\"elementor-post-date\">\n\t\t\t18\/04\/2025\t\t<\/span>\n\t\t\t\t<\/div>\n\t\t\t\t<div class=\"elementor-post__excerpt\">\n\t\t\t<p>En parlant de chauffe-eau muraux, je pense que nous savons tous que les chauffe-eau muraux fournissent de l&#039;eau chaude et que, install\u00e9s dans la salle de bain, ils peuvent \u00eatre utilis\u00e9s pour se laver.,<\/p>\n\t\t<\/div>\n\t\t\n\t\t<a class=\"elementor-post__read-more\" href=\"https:\/\/www.airpressureswitch.com\/fr\/archives\/2005\" aria-label=\"Read more about Where to find WALL HUNG BOILER pressure relief valves\" tabindex=\"-1\" >\n\t\t\tEn savoir plus &quot;\u00bb\t\t<\/a>\n\n\t\t\t\t<\/div>\n\t\t\t\t<\/article>\n\t\t\t\t<article class=\"elementor-post elementor-grid-item post-2002 post type-post status-publish format-standard hentry category-industry-news\" role=\"listitem\">\n\t\t\t\t<div class=\"elementor-post__text\">\n\t\t\t\t<h3 class=\"elementor-post__title\">\n\t\t\t<a href=\"https:\/\/www.airpressureswitch.com\/fr\/archives\/2002\" >\n\t\t\t\tfonction du capteur de niveau d&#039;eau\t\t\t<\/a>\n\t\t<\/h3>\n\t\t\t\t<div class=\"elementor-post__meta-data\">\n\t\t\t\t\t<span class=\"elementor-post-date\">\n\t\t\t18\/04\/2025\t\t<\/span>\n\t\t\t\t<\/div>\n\t\t\t\t<div class=\"elementor-post__excerpt\">\n\t\t\t<p>Le capteur de niveau d&#039;eau est un dispositif important largement utilis\u00e9 dans de nombreux domaines, notamment les appareils m\u00e9nagers, l&#039;automatisation industrielle et l&#039;approvisionnement en eau urbain.<\/p>\n\t\t<\/div>\n\t\t\n\t\t<a class=\"elementor-post__read-more\" href=\"https:\/\/www.airpressureswitch.com\/fr\/archives\/2002\" aria-label=\"Read more about Water level sensor function\" tabindex=\"-1\" >\n\t\t\tEn savoir plus &quot;\u00bb\t\t<\/a>\n\n\t\t\t\t<\/div>\n\t\t\t\t<\/article>\n\t\t\t\t<article class=\"elementor-post elementor-grid-item post-2009 post type-post status-publish format-standard hentry category-industry-news\" role=\"listitem\">\n\t\t\t\t<div class=\"elementor-post__text\">\n\t\t\t\t<h3 class=\"elementor-post__title\">\n\t\t\t<a href=\"https:\/\/www.airpressureswitch.com\/fr\/archives\/2009\" >\n\t\t\t\t4 caract\u00e9ristiques des pressostats, fonctionnement des pressostats\t\t\t<\/a>\n\t\t<\/h3>\n\t\t\t\t<div class=\"elementor-post__meta-data\">\n\t\t\t\t\t<span class=\"elementor-post-date\">\n\t\t\t18\/04\/2025\t\t<\/span>\n\t\t\t\t<\/div>\n\t\t\t\t<div class=\"elementor-post__excerpt\">\n\t\t\t<p>Le pressostat, comme son nom l&#039;indique, utilise la pression de l&#039;eau pour actionner un interrupteur\u00a0; il est diff\u00e9rent des interrupteurs ordinaires.,<\/p>\n\t\t<\/div>\n\t\t\n\t\t<a class=\"elementor-post__read-more\" href=\"https:\/\/www.airpressureswitch.com\/fr\/archives\/2009\" aria-label=\"Read more about 4 Features of Water Pressure Switches, How Water Pressure Switches Work\" tabindex=\"-1\" >\n\t\t\tEn savoir plus &quot;\u00bb\t\t<\/a>\n\n\t\t\t\t<\/div>\n\t\t\t\t<\/article>\n\t\t\t\t<article class=\"elementor-post elementor-grid-item post-2011 post type-post status-publish format-standard hentry category-industry-news\" role=\"listitem\">\n\t\t\t\t<div class=\"elementor-post__text\">\n\t\t\t\t<h3 class=\"elementor-post__title\">\n\t\t\t<a href=\"https:\/\/www.airpressureswitch.com\/fr\/archives\/2011\" >\n\t\t\t\tQuels sont les principaux types de pressostats\u00a0? Quelles sont les pr\u00e9cautions \u00e0 prendre lors de l\u2019utilisation de pressostats\u00a0?\t\t\t<\/a>\n\t\t<\/h3>\n\t\t\t\t<div class=\"elementor-post__meta-data\">\n\t\t\t\t\t<span class=\"elementor-post-date\">\n\t\t\t18\/04\/2025\t\t<\/span>\n\t\t\t\t<\/div>\n\t\t\t\t<div class=\"elementor-post__excerpt\">\n\t\t\t<p>Lors de l&#039;achat de pressostats, certaines personnes s&#039;int\u00e9ressent davantage aux principaux types de pressostats, afin de mieux comprendre leurs besoins.<\/p>\n\t\t<\/div>\n\t\t\n\t\t<a class=\"elementor-post__read-more\" href=\"https:\/\/www.airpressureswitch.com\/fr\/archives\/2011\" aria-label=\"Read more about What are the main types of pressure switches? What are the precautions for the use of pressure switches?\" tabindex=\"-1\" >\n\t\t\tEn savoir plus &quot;\u00bb\t\t<\/a>\n\n\t\t\t\t<\/div>\n\t\t\t\t<\/article>\n\t\t\t\t<article class=\"elementor-post elementor-grid-item post-2014 post type-post status-publish format-standard hentry category-industry-news\" role=\"listitem\">\n\t\t\t\t<div class=\"elementor-post__text\">\n\t\t\t\t<h3 class=\"elementor-post__title\">\n\t\t\t<a href=\"https:\/\/www.airpressureswitch.com\/fr\/archives\/2014\" >\n\t\t\t\tCircuit de commande de pompe \u00e0 pressostat\t\t\t<\/a>\n\t\t<\/h3>\n\t\t\t\t<div class=\"elementor-post__meta-data\">\n\t\t\t\t\t<span class=\"elementor-post-date\">\n\t\t\t18\/04\/2025\t\t<\/span>\n\t\t\t\t<\/div>\n\t\t\t\t<div class=\"elementor-post__excerpt\">\n\t\t\t<p>Un pressostat est un dispositif qui permet de d\u00e9tecter la pression de l&#039;eau dans un r\u00e9servoir et de actionner le moteur de la pompe si n\u00e9cessaire.<\/p>\n\t\t<\/div>\n\t\t\n\t\t<a class=\"elementor-post__read-more\" href=\"https:\/\/www.airpressureswitch.com\/fr\/archives\/2014\" aria-label=\"Read more about Pressure Switch Pump Controller Circuit\" tabindex=\"-1\" >\n\t\t\tEn savoir plus &quot;\u00bb\t\t<\/a>\n\n\t\t\t\t<\/div>\n\t\t\t\t<\/article>\n\t\t\t\t<article class=\"elementor-post elementor-grid-item post-2018 post type-post status-publish format-standard hentry category-industry-news\" role=\"listitem\">\n\t\t\t\t<div class=\"elementor-post__text\">\n\t\t\t\t<h3 class=\"elementor-post__title\">\n\t\t\t<a href=\"https:\/\/www.airpressureswitch.com\/fr\/archives\/2018\" >\n\t\t\t\t4 caract\u00e9ristiques des pressostats\u00a0; Fonctionnement des pressostats\t\t\t<\/a>\n\t\t<\/h3>\n\t\t\t\t<div class=\"elementor-post__meta-data\">\n\t\t\t\t\t<span class=\"elementor-post-date\">\n\t\t\t18\/04\/2025\t\t<\/span>\n\t\t\t\t<\/div>\n\t\t\t\t<div class=\"elementor-post__excerpt\">\n\t\t\t<p>Le pressostat, comme son nom l&#039;indique, utilise la pression de l&#039;eau pour actionner un interrupteur\u00a0; il est diff\u00e9rent des interrupteurs ordinaires.,<\/p>\n\t\t<\/div>\n\t\t\n\t\t<a class=\"elementor-post__read-more\" href=\"https:\/\/www.airpressureswitch.com\/fr\/archives\/2018\" aria-label=\"Read more about 4 Features of Water Pressure Switches How Water Pressure Switches Work\" tabindex=\"-1\" >\n\t\t\tEn savoir plus &quot;\u00bb\t\t<\/a>\n\n\t\t\t\t<\/div>\n\t\t\t\t<\/article>\n\t\t\t\t<\/div>\n\t\t\n\t\t\t\t<div class=\"e-load-more-anchor\" data-page=\"1\" data-max-page=\"12\" data-next-page=\"https:\/\/www.airpressureswitch.com\/fr\/wp-json\/wp\/v2\/pages\/50\/page\/2\"><\/div>\n\t\t\t\t<nav class=\"elementor-pagination\" aria-label=\"Pagination\">\n\t\t\t<span class=\"page-numbers prev\">\u00ab&quot; Pr\u00e9c\u00e9dent<\/span>\n<span aria-current=\"page\" class=\"page-numbers current\"><span class=\"elementor-screen-only\">Page<\/span>1<\/span>\n<a class=\"page-numbers\" href=\"https:\/\/www.airpressureswitch.com\/fr\/wp-json\/wp\/v2\/pages\/50\/page\/2\"><span class=\"elementor-screen-only\">Page<\/span>2<\/a>\n<a class=\"page-numbers\" href=\"https:\/\/www.airpressureswitch.com\/fr\/wp-json\/wp\/v2\/pages\/50\/page\/3\"><span class=\"elementor-screen-only\">Page<\/span>3<\/a>\n<a class=\"page-numbers\" href=\"https:\/\/www.airpressureswitch.com\/fr\/wp-json\/wp\/v2\/pages\/50\/page\/4\"><span class=\"elementor-screen-only\">Page<\/span>4<\/a>\n<a class=\"page-numbers\" href=\"https:\/\/www.airpressureswitch.com\/fr\/wp-json\/wp\/v2\/pages\/50\/page\/5\"><span class=\"elementor-screen-only\">Page<\/span>5<\/a>\n<a class=\"page-numbers next\" href=\"https:\/\/www.airpressureswitch.com\/fr\/wp-json\/wp\/v2\/pages\/50\/page\/2\">Suivant &quot;\u00bb<\/a>\t\t<\/nav>\n\t\t\t\t\t\t<\/div>\n\t\t\t\t<\/div>\n\t\t\t\t\t<\/div>\n\t\t<\/div>\n\t\t\t\t\t<\/div>\n\t\t<\/section>\n\t\t\t\t<section class=\"elementor-section elementor-top-section elementor-element elementor-element-911a418 elementor-section-boxed elementor-section-height-default elementor-section-height-default\" data-id=\"911a418\" data-element_type=\"section\" data-e-type=\"section\">\n\t\t\t\t\t\t<div class=\"elementor-container elementor-column-gap-default\">\n\t\t\t\t\t<div class=\"elementor-column elementor-col-100 elementor-top-column elementor-element elementor-element-b55a0bd\" data-id=\"b55a0bd\" data-element_type=\"column\" data-e-type=\"column\">\n\t\t\t<div class=\"elementor-widget-wrap\">\n\t\t\t\t\t\t\t<\/div>\n\t\t<\/div>\n\t\t\t\t\t<\/div>\n\t\t<\/section>\n\t\t\t\t<\/div>","protected":false},"excerpt":{"rendered":"<p>Cette page pr\u00e9sente des connaissances et des conseils pratiques, notamment sur l&#039;installation d&#039;un pressostat, la compr\u00e9hension du niveau d&#039;eau, le choix d&#039;un capteur de d\u00e9bit, la r\u00e9paration d&#039;un capteur de pression d&#039;air de chaudi\u00e8re \u00e0 gaz, etc. Son objectif principal est d&#039;aider les utilisateurs \u00e0 mieux comprendre les produits REGAL.<\/p>","protected":false},"author":1,"featured_media":0,"parent":0,"menu_order":5,"comment_status":"closed","ping_status":"closed","template":"","meta":{"site-sidebar-layout":"no-sidebar","site-content-layout":"page-builder","ast-site-content-layout":"full-width-container","site-content-style":"unboxed","site-sidebar-style":"unboxed","ast-global-header-display":"","ast-banner-title-visibility":"","ast-main-header-display":"","ast-hfb-above-header-display":"","ast-hfb-below-header-display":"","ast-hfb-mobile-header-display":"","site-post-title":"disabled","ast-breadcrumbs-content":"","ast-featured-img":"disabled","footer-sml-layout":"","ast-disable-related-posts":"","theme-transparent-header-meta":"default","adv-header-id-meta":"","stick-header-meta":"","header-above-stick-meta":"","header-main-stick-meta":"","header-below-stick-meta":"","astra-migrate-meta-layouts":"set","ast-page-background-enabled":"default","ast-page-background-meta":{"desktop":{"background-color":"var(--ast-global-color-4)","background-image":"","background-repeat":"repeat","background-position":"center center","background-size":"auto","background-attachment":"scroll","background-type":"","background-media":"","overlay-type":"","overlay-color":"","overlay-opacity":"","overlay-gradient":""},"tablet":{"background-color":"","background-image":"","background-repeat":"repeat","background-position":"center center","background-size":"auto","background-attachment":"scroll","background-type":"","background-media":"","overlay-type":"","overlay-color":"","overlay-opacity":"","overlay-gradient":""},"mobile":{"background-color":"","background-image":"","background-repeat":"repeat","background-position":"center center","background-size":"auto","background-attachment":"scroll","background-type":"","background-media":"","overlay-type":"","overlay-color":"","overlay-opacity":"","overlay-gradient":""}},"ast-content-background-meta":{"desktop":{"background-color":"var(--ast-global-color-5)","background-image":"","background-repeat":"repeat","background-position":"center center","background-size":"auto","background-attachment":"scroll","background-type":"","background-media":"","overlay-type":"","overlay-color":"","overlay-opacity":"","overlay-gradient":""},"tablet":{"background-color":"var(--ast-global-color-5)","background-image":"","background-repeat":"repeat","background-position":"center center","background-size":"auto","background-attachment":"scroll","background-type":"","background-media":"","overlay-type":"","overlay-color":"","overlay-opacity":"","overlay-gradient":""},"mobile":{"background-color":"var(--ast-global-color-5)","background-image":"","background-repeat":"repeat","background-position":"center center","background-size":"auto","background-attachment":"scroll","background-type":"","background-media":"","overlay-type":"","overlay-color":"","overlay-opacity":"","overlay-gradient":""}},"footnotes":""},"class_list":["post-50","page","type-page","status-publish","hentry"],"_links":{"self":[{"href":"https:\/\/www.airpressureswitch.com\/fr\/wp-json\/wp\/v2\/pages\/50","targetHints":{"allow":["GET"]}}],"collection":[{"href":"https:\/\/www.airpressureswitch.com\/fr\/wp-json\/wp\/v2\/pages"}],"about":[{"href":"https:\/\/www.airpressureswitch.com\/fr\/wp-json\/wp\/v2\/types\/page"}],"author":[{"embeddable":true,"href":"https:\/\/www.airpressureswitch.com\/fr\/wp-json\/wp\/v2\/users\/1"}],"replies":[{"embeddable":true,"href":"https:\/\/www.airpressureswitch.com\/fr\/wp-json\/wp\/v2\/comments?post=50"}],"version-history":[{"count":7,"href":"https:\/\/www.airpressureswitch.com\/fr\/wp-json\/wp\/v2\/pages\/50\/revisions"}],"predecessor-version":[{"id":1602,"href":"https:\/\/www.airpressureswitch.com\/fr\/wp-json\/wp\/v2\/pages\/50\/revisions\/1602"}],"wp:attachment":[{"href":"https:\/\/www.airpressureswitch.com\/fr\/wp-json\/wp\/v2\/media?parent=50"}],"curies":[{"name":"wp","href":"https:\/\/api.w.org\/{rel}","templated":true}]}}