{"id":1168,"date":"2023-03-03T09:03:34","date_gmt":"2023-03-03T09:03:34","guid":{"rendered":"https:\/\/www.airpressureswitch.com\/?post_type=product&#038;p=1168"},"modified":"2023-03-03T09:03:35","modified_gmt":"2023-03-03T09:03:35","slug":"water-level-sensor-connected","status":"publish","type":"product","link":"https:\/\/www.airpressureswitch.com\/fr\/product\/water-level-sensor-connected","title":{"rendered":"Capteur de niveau d&#039;eau connect\u00e9 \u00e0 l&#039;alimentation 5 V CC de la machine \u00e0 laver"},"content":{"rendered":"<h2 class=\"prodetail_title\">C32-B Water level sensor connected Features<\/h2>\n<p><span class=\"transSent highlight\" data-group=\"0-0\">The water level sensor acts as a pressure switch.<\/span><span class=\"transSent\" data-group=\"0-1\"> When you set a pressure value, water is injected to produce water pressure, and when the pressure value is reached, electricity is automatically applied.<\/span><span class=\"transSent\" data-group=\"0-2\"> Reach the switch function washing machine water level switch is divided into electronic (adjustable resistance) and switch type two.<\/span><\/p>\n<p>The water level signal sensed by the water level sensor is transmitted to the controller, and the computer in the controller compares the measured water level signal with the set signal. What&#8217;s more, as a professional <a href=\"https:\/\/www.airpressureswitch.com\/fr\/\">manufacturer of pressure &amp; flow products<\/a>, our water level switch, water level sensor, flow sensor, etc are suitable for washing machines, dishwashers, gas boilers, and water heaters. Please click the link to see more.<\/p>\n<h3><img fetchpriority=\"high\" decoding=\"async\" class=\"alignnone size-full wp-image-1173\" src=\"https:\/\/www.airpressureswitch.com\/wp-content\/uploads\/2023\/03\/C32-B-Characteristic.jpg\" alt=\"\" width=\"592\" height=\"357\" srcset=\"https:\/\/www.airpressureswitch.com\/wp-content\/uploads\/2023\/03\/C32-B-Characteristic.jpg 592w, https:\/\/www.airpressureswitch.com\/wp-content\/uploads\/2023\/03\/C32-B-Characteristic-300x181.jpg 300w\" sizes=\"(max-width: 592px) 100vw, 592px\" \/><\/h3>\n<h3>C32-B Water Level Pressure Sensor Specification<\/h3>\n<table style=\"height: 411px;\" border=\"1\" width=\"1361\" cellpadding=\"6\">\n<tbody>\n<tr style=\"height: 14.25pt;\">\n<td style=\"height: 14.25pt; width: 140.25pt;\" width=\"187\" height=\"19\">Num\u00e9ro de mod\u00e8le<\/td>\n<td style=\"width: 279.75pt;\" width=\"373\">C32-B Water Level Pressure Sensor<\/td>\n<\/tr>\n<tr style=\"height: 14.25pt;\">\n<td style=\"height: 14.25pt; width: 140.25pt;\" width=\"187\" height=\"19\">Tension<\/td>\n<td style=\"width: 279.75pt;\" width=\"373\">DC5V\u00b12%<\/td>\n<\/tr>\n<tr style=\"height: 14.25pt;\">\n<td style=\"height: 14.25pt; width: 140.25pt;\" width=\"187\" height=\"19\">Tol\u00e9rance du niveau d&#039;eau<\/td>\n<td style=\"width: 279.75pt;\" width=\"373\">Min. +\/-5 mmWC, Standard +\/-10 mmWC<\/td>\n<\/tr>\n<tr style=\"height: 14.25pt;\">\n<td style=\"height: 14.25pt;\" height=\"19\">Plage\/fr\u00e9quence du niveau d&#039;eau<\/td>\n<td>0~325 mmWC \/ 26~21,4 (kHz)<\/td>\n<\/tr>\n<tr style=\"height: 14.25pt;\">\n<td style=\"height: 14.25pt;\" height=\"19\">Pression admissible<\/td>\n<td>Max. 760 mm WC<\/td>\n<\/tr>\n<tr style=\"height: 14.25pt;\">\n<td style=\"height: 14.25pt;\" height=\"19\">Temp\u00e9rature de fonctionnement<\/td>\n<td>0~50\u00b0C (T50)<\/td>\n<\/tr>\n<tr style=\"height: 14.25pt;\">\n<td style=\"height: 14.25pt;\" height=\"19\">Humidit\u00e9 ambiante<\/td>\n<td>95% humidit\u00e9 relative Max.<\/td>\n<\/tr>\n<tr style=\"height: 14.25pt;\">\n<td style=\"height: 14.25pt;\" height=\"19\">Courant autoris\u00e9<\/td>\n<td>72 mA Max.<\/td>\n<\/tr>\n<tr style=\"height: 14.25pt;\">\n<td style=\"height: 14.25pt;\" height=\"19\">Taille de l&#039;interface<\/td>\n<td>Diam\u00e8tre ext\u00e9rieur : 5,5 mm<\/td>\n<\/tr>\n<tr style=\"height: 14.25pt;\">\n<td style=\"height: 14.25pt;\" height=\"19\">milieu de travail<\/td>\n<td>Air<\/td>\n<\/tr>\n<tr style=\"height: 14.25pt;\">\n<td style=\"height: 14.25pt;\" height=\"19\">Instructions d&#039;installation<\/td>\n<td>Le diaphragme est install\u00e9 dans un plan horizontal et l&#039;interface de pression se situe en dessous.<\/td>\n<\/tr>\n<tr style=\"height: 14.25pt;\">\n<td style=\"height: 14.25pt;\" height=\"19\">Diaphragme<\/td>\n<td>Silicone<\/td>\n<\/tr>\n<tr style=\"height: 14.25pt;\">\n<td style=\"height: 14.25pt;\" height=\"19\">Mat\u00e9riau de la coquille<\/td>\n<td>PP+GF, <a href=\"https:\/\/en.wikipedia.org\/wiki\/UL_94\" target=\"_blank\" rel=\"noopener\">UL94 V-2<\/a><\/td>\n<\/tr>\n<tr style=\"height: 14.25pt;\">\n<td style=\"height: 14.25pt;\" height=\"19\">Bobineur<\/td>\n<td>PA66+GF, GWIT&gt;650\u00b0C<\/td>\n<\/tr>\n<tr style=\"height: 14.25pt;\">\n<td style=\"height: 14.25pt;\" height=\"19\">Dur\u00e9e de vie<\/td>\n<td>50 000 cycles<\/td>\n<\/tr>\n<\/tbody>\n<\/table>","protected":false},"excerpt":{"rendered":"<p>The water level signal sensed by the water level sensor is transmitted to the controller, and the computer in the controller compares the measured water level signal with the set signal.<\/p>","protected":false},"featured_media":1169,"comment_status":"closed","ping_status":"closed","template":"","meta":{"site-sidebar-layout":"default","site-content-layout":"default","ast-site-content-layout":"default","site-content-style":"default","site-sidebar-style":"default","ast-global-header-display":"","ast-banner-title-visibility":"","ast-main-header-display":"","ast-hfb-above-header-display":"","ast-hfb-below-header-display":"","ast-hfb-mobile-header-display":"","site-post-title":"","ast-breadcrumbs-content":"","ast-featured-img":"","footer-sml-layout":"","ast-disable-related-posts":"","theme-transparent-header-meta":"default","adv-header-id-meta":"","stick-header-meta":"","header-above-stick-meta":"","header-main-stick-meta":"","header-below-stick-meta":"","astra-migrate-meta-layouts":"default","ast-page-background-enabled":"default","ast-page-background-meta":{"desktop":{"background-color":"var(--ast-global-color-4)","background-image":"","background-repeat":"repeat","background-position":"center center","background-size":"auto","background-attachment":"scroll","background-type":"","background-media":"","overlay-type":"","overlay-color":"","overlay-opacity":"","overlay-gradient":""},"tablet":{"background-color":"","background-image":"","background-repeat":"repeat","background-position":"center center","background-size":"auto","background-attachment":"scroll","background-type":"","background-media":"","overlay-type":"","overlay-color":"","overlay-opacity":"","overlay-gradient":""},"mobile":{"background-color":"","background-image":"","background-repeat":"repeat","background-position":"center center","background-size":"auto","background-attachment":"scroll","background-type":"","background-media":"","overlay-type":"","overlay-color":"","overlay-opacity":"","overlay-gradient":""}},"ast-content-background-meta":{"desktop":{"background-color":"var(--ast-global-color-5)","background-image":"","background-repeat":"repeat","background-position":"center center","background-size":"auto","background-attachment":"scroll","background-type":"","background-media":"","overlay-type":"","overlay-color":"","overlay-opacity":"","overlay-gradient":""},"tablet":{"background-color":"var(--ast-global-color-5)","background-image":"","background-repeat":"repeat","background-position":"center center","background-size":"auto","background-attachment":"scroll","background-type":"","background-media":"","overlay-type":"","overlay-color":"","overlay-opacity":"","overlay-gradient":""},"mobile":{"background-color":"var(--ast-global-color-5)","background-image":"","background-repeat":"repeat","background-position":"center center","background-size":"auto","background-attachment":"scroll","background-type":"","background-media":"","overlay-type":"","overlay-color":"","overlay-opacity":"","overlay-gradient":""}}},"product_brand":[],"product_cat":[33],"product_tag":[],"class_list":{"0":"post-1168","1":"product","2":"type-product","3":"status-publish","4":"has-post-thumbnail","6":"product_cat-water-level-sensor","7":"desktop-align-left","8":"tablet-align-left","9":"mobile-align-left","11":"first","12":"instock","13":"shipping-taxable","14":"product-type-simple"},"_links":{"self":[{"href":"https:\/\/www.airpressureswitch.com\/fr\/wp-json\/wp\/v2\/product\/1168","targetHints":{"allow":["GET"]}}],"collection":[{"href":"https:\/\/www.airpressureswitch.com\/fr\/wp-json\/wp\/v2\/product"}],"about":[{"href":"https:\/\/www.airpressureswitch.com\/fr\/wp-json\/wp\/v2\/types\/product"}],"replies":[{"embeddable":true,"href":"https:\/\/www.airpressureswitch.com\/fr\/wp-json\/wp\/v2\/comments?post=1168"}],"wp:featuredmedia":[{"embeddable":true,"href":"https:\/\/www.airpressureswitch.com\/fr\/wp-json\/wp\/v2\/media\/1169"}],"wp:attachment":[{"href":"https:\/\/www.airpressureswitch.com\/fr\/wp-json\/wp\/v2\/media?parent=1168"}],"wp:term":[{"taxonomy":"product_brand","embeddable":true,"href":"https:\/\/www.airpressureswitch.com\/fr\/wp-json\/wp\/v2\/product_brand?post=1168"},{"taxonomy":"product_cat","embeddable":true,"href":"https:\/\/www.airpressureswitch.com\/fr\/wp-json\/wp\/v2\/product_cat?post=1168"},{"taxonomy":"product_tag","embeddable":true,"href":"https:\/\/www.airpressureswitch.com\/fr\/wp-json\/wp\/v2\/product_tag?post=1168"}],"curies":[{"name":"wp","href":"https:\/\/api.w.org\/{rel}","templated":true}]}}