{"id":964,"date":"2022-12-29T09:40:46","date_gmt":"2022-12-29T09:40:46","guid":{"rendered":"https:\/\/www.airpressureswitch.com\/?post_type=product&#038;p=964"},"modified":"2022-12-29T09:40:46","modified_gmt":"2022-12-29T09:40:46","slug":"capteur-de-niveau-deau-haut-bas","status":"publish","type":"product","link":"https:\/\/www.airpressureswitch.com\/fr\/product\/high-low-water-level-sensor","title":{"rendered":"Interrupteur de capteur de niveau d&#039;eau haut\/bas 20 \u00e0 200 mm W.C."},"content":{"rendered":"<h2>Description du commutateur du capteur de niveau d&#039;eau haut\/bas<\/h2>\n<p>Le capteur de niveau d&#039;eau haut\/bas permet de contr\u00f4ler simultan\u00e9ment deux niveaux d&#039;eau\u00a0: un niveau bas (de 20 \u00e0 100\u00a0mmHg) et un niveau haut (de 60 \u00e0 200\u00a0mmHg). L&#039;utilisateur peut ainsi d\u00e9finir les seuils de niveau d&#039;eau haut et bas d\u00e8s la fabrication.<\/p>\n<p>Par ailleurs, ce d\u00e9tecteur de niveau d&#039;eau B2 est compatible avec les syst\u00e8mes de commande \u00e9lectronique et les syst\u00e8mes mixtes (\u00e9lectronique et m\u00e9canique). Ainsi, quelle que soit la conception de votre lave-vaisselle, il s&#039;y int\u00e9grera parfaitement. De plus, sa fonction de protection anti-d\u00e9bordement int\u00e9gr\u00e9e lui conf\u00e8re un avantage certain sur le march\u00e9. Il garantit ainsi d&#039;excellentes performances dans les lave-vaisselle professionnels et les lave-appareils m\u00e9dicaux.<\/p>\n<p>De plus, le mat\u00e9riau du bo\u00eetier de l&#039;interrupteur est utilis\u00e9 pour <a href=\"https:\/\/en.wikipedia.org\/wiki\/UL_94\" target=\"_blank\" rel=\"noopener\">UL94-V0<\/a> Fabriqu\u00e9 en plastique technique r\u00e9sistant au feu, ce dispositif se distingue des interrupteurs de niveau d&#039;eau bon march\u00e9 par sa grande pr\u00e9cision de +\/- 5 mm Hg.<\/p>\n<p><span class=\"tgt color_text_1\" data-section=\"0\" data-sentence=\"1\" data-group=\"0-1\">Bienvenue, cliquez sur le lien pour voir <a href=\"https:\/\/www.airpressureswitch.com\/fr\/interrupteur-de-niveau-deau\/\">plus d&#039;informations sur les interrupteurs de niveau d&#039;eau,<\/a>\u00a0o<\/span>v\u00e9rification r <a href=\"https:\/\/www.airpressureswitch.com\/fr\/produits\/\">un autre pressostat ou capteur de d\u00e9bit.<\/a><\/p>\n<h3>Sp\u00e9cifications du commutateur du capteur de niveau d&#039;eau haut\/bas<\/h3>\n<table style=\"height: 411px;\" border=\"1\" width=\"1361\" cellpadding=\"6\">\n<tbody>\n<tr style=\"height: 14.25pt;\">\n<td style=\"height: 14.25pt; width: 140.25pt;\" width=\"187\" height=\"19\">Num\u00e9ro de mod\u00e8le<\/td>\n<td style=\"width: 279.75pt;\" width=\"373\">Laveuse avec interrupteur de niveau d&#039;eau B2G<\/td>\n<\/tr>\n<tr style=\"height: 14.25pt;\">\n<td style=\"height: 14.25pt; width: 140.25pt;\" width=\"187\" height=\"19\">Circuit<\/td>\n<td style=\"width: 279.75pt;\" width=\"373\">SPST-NO ou SPDT<\/td>\n<\/tr>\n<tr style=\"height: 14.25pt;\">\n<td style=\"height: 14.25pt; width: 140.25pt;\" width=\"187\" height=\"19\">Milieu de travail<\/td>\n<td style=\"width: 279.75pt;\" width=\"373\">Air ou gaz non corrosif<\/td>\n<\/tr>\n<tr style=\"height: 14.25pt;\">\n<td style=\"height: 14.25pt; width: 140.25pt;\" width=\"187\" height=\"19\">Notation<\/td>\n<td style=\"width: 279.75pt;\" width=\"373\"><span class=\"tgt color_text_0\" data-section=\"0\" data-sentence=\"0\" data-group=\"0-0\">L11-L12(3): 1(0,5) @ 125\/250 VCA\u00a0;<\/span><span class=\"tgt color_text_0\" data-section=\"0\" data-sentence=\"1\" data-group=\"0-1\"> L21-L22(3)\u00a0: 1(0,5) \u00e0 125\/250\u00a0V CA\u00a0; L11-L12(3)\u00a0: 1(0,5) \u00e0 125\/250\u00a0V CA\u00a0; L21-L22(3)\u00a0: 1(0,5) \u00e0 125\/250\u00a0V CA<\/span><\/td>\n<\/tr>\n<tr style=\"height: 14.25pt;\">\n<td style=\"height: 14.25pt;\" height=\"19\">Interface du tube<\/td>\n<td>6,3 mm de diam\u00e8tre ext\u00e9rieur, ce qui convient \u00e0 un tube de 5 mm de diam\u00e8tre int\u00e9rieur.<\/td>\n<\/tr>\n<tr style=\"height: 14.25pt;\">\n<td style=\"height: 14.25pt;\" height=\"19\">Terminaux<\/td>\n<td>6,3*0,8 mm (#250)<\/td>\n<\/tr>\n<tr style=\"height: 14.25pt;\">\n<td style=\"height: 14.25pt;\" height=\"19\">Niveau d&#039;eau bas<\/td>\n<td>Plage de mesure\u00a0: 20 \u00e0 100\u00a0mmHg, tol\u00e9rance\u00a0: \u00b15\u00a0mmHg<\/td>\n<\/tr>\n<tr style=\"height: 14.25pt;\">\n<td style=\"height: 14.25pt;\" height=\"19\">Niveau des hautes eaux<\/td>\n<td>Plage de mesure\u00a0: 60 \u00e0 200\u00a0mm CE, tol\u00e9rance\u00a0: \u00b15\u00a0mm CE<\/td>\n<\/tr>\n<tr style=\"height: 14.25pt;\">\n<td style=\"height: 14.25pt;\" height=\"19\">Pression de surcharge<\/td>\n<td>760 mm w.c. (7,6 kPa)<\/td>\n<\/tr>\n<tr style=\"height: 14.25pt;\">\n<td style=\"height: 14.25pt;\" height=\"19\">Temp\u00e9rature de fonctionnement<\/td>\n<td>85\u2103 max.<\/td>\n<\/tr>\n<tr style=\"height: 14.25pt;\">\n<td style=\"height: 14.25pt;\" height=\"19\">Taille de l&#039;interface<\/td>\n<td>Diam\u00e8tre ext\u00e9rieur de 5,5 mm, convient aux tuyaux de diam\u00e8tre int\u00e9rieur de 5 mm<\/td>\n<\/tr>\n<tr style=\"height: 14.25pt;\">\n<td style=\"height: 14.25pt;\" height=\"19\">Instructions d&#039;installation<\/td>\n<td>Le diaphragme est dans un plan vertical<\/td>\n<\/tr>\n<tr style=\"height: 14.25pt;\">\n<td style=\"height: 14.25pt;\" height=\"19\">Mat\u00e9riau du diaphragme<\/td>\n<td>Gel de silice haute performance, temp\u00e9rature d&#039;utilisation \u00e0 long terme &gt;150\u2103.<\/td>\n<\/tr>\n<tr style=\"height: 14.25pt;\">\n<td style=\"height: 14.25pt;\" height=\"19\">Mat\u00e9riau de la coquille<\/td>\n<td>Plastiques techniques PA+GF (classement au feu UL94-V0)<\/td>\n<\/tr>\n<tr style=\"height: 14.25pt;\">\n<td style=\"height: 14.25pt;\" height=\"19\">Dur\u00e9e de vie m\u00e9canique<\/td>\n<td>50 000 cycles<\/td>\n<\/tr>\n<tr style=\"height: 14.25pt;\">\n<td style=\"height: 14.25pt;\" height=\"19\">Vie \u00e9lectrique<\/td>\n<td>100 000 cycles pour le circuit principal<\/td>\n<\/tr>\n<\/tbody>\n<\/table>\n<p>&nbsp;<\/p>","protected":false},"excerpt":{"rendered":"<p>Le capteur de niveau d&#039;eau haut\/bas B2G permet de contr\u00f4ler simultan\u00e9ment deux niveaux d&#039;eau et int\u00e8gre une protection contre les d\u00e9bordements, ce qui repr\u00e9sente un avantage certain en termes de fonctionnalit\u00e9s et de conception.<\/p>","protected":false},"featured_media":965,"comment_status":"closed","ping_status":"closed","template":"","meta":{"site-sidebar-layout":"default","site-content-layout":"default","ast-site-content-layout":"default","site-content-style":"default","site-sidebar-style":"default","ast-global-header-display":"","ast-banner-title-visibility":"","ast-main-header-display":"","ast-hfb-above-header-display":"","ast-hfb-below-header-display":"","ast-hfb-mobile-header-display":"","site-post-title":"","ast-breadcrumbs-content":"","ast-featured-img":"","footer-sml-layout":"","ast-disable-related-posts":"","theme-transparent-header-meta":"default","adv-header-id-meta":"","stick-header-meta":"","header-above-stick-meta":"","header-main-stick-meta":"","header-below-stick-meta":"","astra-migrate-meta-layouts":"default","ast-page-background-enabled":"default","ast-page-background-meta":{"desktop":{"background-color":"var(--ast-global-color-4)","background-image":"","background-repeat":"repeat","background-position":"center center","background-size":"auto","background-attachment":"scroll","background-type":"","background-media":"","overlay-type":"","overlay-color":"","overlay-opacity":"","overlay-gradient":""},"tablet":{"background-color":"","background-image":"","background-repeat":"repeat","background-position":"center center","background-size":"auto","background-attachment":"scroll","background-type":"","background-media":"","overlay-type":"","overlay-color":"","overlay-opacity":"","overlay-gradient":""},"mobile":{"background-color":"","background-image":"","background-repeat":"repeat","background-position":"center center","background-size":"auto","background-attachment":"scroll","background-type":"","background-media":"","overlay-type":"","overlay-color":"","overlay-opacity":"","overlay-gradient":""}},"ast-content-background-meta":{"desktop":{"background-color":"var(--ast-global-color-5)","background-image":"","background-repeat":"repeat","background-position":"center center","background-size":"auto","background-attachment":"scroll","background-type":"","background-media":"","overlay-type":"","overlay-color":"","overlay-opacity":"","overlay-gradient":""},"tablet":{"background-color":"var(--ast-global-color-5)","background-image":"","background-repeat":"repeat","background-position":"center center","background-size":"auto","background-attachment":"scroll","background-type":"","background-media":"","overlay-type":"","overlay-color":"","overlay-opacity":"","overlay-gradient":""},"mobile":{"background-color":"var(--ast-global-color-5)","background-image":"","background-repeat":"repeat","background-position":"center center","background-size":"auto","background-attachment":"scroll","background-type":"","background-media":"","overlay-type":"","overlay-color":"","overlay-opacity":"","overlay-gradient":""}}},"product_brand":[],"product_cat":[25],"product_tag":[],"class_list":{"0":"post-964","1":"product","2":"type-product","3":"status-publish","4":"has-post-thumbnail","6":"product_cat-water-level-switch","7":"desktop-align-left","8":"tablet-align-left","9":"mobile-align-left","11":"first","12":"instock","13":"shipping-taxable","14":"product-type-simple"},"_links":{"self":[{"href":"https:\/\/www.airpressureswitch.com\/fr\/wp-json\/wp\/v2\/product\/964","targetHints":{"allow":["GET"]}}],"collection":[{"href":"https:\/\/www.airpressureswitch.com\/fr\/wp-json\/wp\/v2\/product"}],"about":[{"href":"https:\/\/www.airpressureswitch.com\/fr\/wp-json\/wp\/v2\/types\/product"}],"replies":[{"embeddable":true,"href":"https:\/\/www.airpressureswitch.com\/fr\/wp-json\/wp\/v2\/comments?post=964"}],"wp:featuredmedia":[{"embeddable":true,"href":"https:\/\/www.airpressureswitch.com\/fr\/wp-json\/wp\/v2\/media\/965"}],"wp:attachment":[{"href":"https:\/\/www.airpressureswitch.com\/fr\/wp-json\/wp\/v2\/media?parent=964"}],"wp:term":[{"taxonomy":"product_brand","embeddable":true,"href":"https:\/\/www.airpressureswitch.com\/fr\/wp-json\/wp\/v2\/product_brand?post=964"},{"taxonomy":"product_cat","embeddable":true,"href":"https:\/\/www.airpressureswitch.com\/fr\/wp-json\/wp\/v2\/product_cat?post=964"},{"taxonomy":"product_tag","embeddable":true,"href":"https:\/\/www.airpressureswitch.com\/fr\/wp-json\/wp\/v2\/product_tag?post=964"}],"curies":[{"name":"wp","href":"https:\/\/api.w.org\/{rel}","templated":true}]}}