{"id":49,"date":"2022-11-04T05:43:27","date_gmt":"2022-11-04T05:43:27","guid":{"rendered":"https:\/\/www.airpressureswitch.com\/?page_id=49"},"modified":"2024-01-26T07:37:06","modified_gmt":"2024-01-26T07:37:06","slug":"sobre-nos","status":"publish","type":"page","link":"https:\/\/www.airpressureswitch.com\/pt\/about-us","title":{"rendered":"SOBRE N\u00d3S"},"content":{"rendered":"<div data-elementor-type=\"wp-page\" data-elementor-id=\"49\" class=\"elementor elementor-49\" data-elementor-post-type=\"page\">\n\t\t\t\t\t\t<section class=\"elementor-section elementor-top-section elementor-element elementor-element-639242da elementor-section-content-middle elementor-section-boxed elementor-section-height-default elementor-section-height-default\" data-id=\"639242da\" data-element_type=\"section\" data-e-type=\"section\" data-settings=\"{&quot;background_background&quot;:&quot;gradient&quot;}\">\n\t\t\t\t\t\t\t<div class=\"elementor-background-overlay\"><\/div>\n\t\t\t\t\t\t\t<div class=\"elementor-container elementor-column-gap-default\">\n\t\t\t\t\t<div class=\"elementor-column elementor-col-50 elementor-top-column elementor-element elementor-element-5de6b0f0\" data-id=\"5de6b0f0\" data-element_type=\"column\" data-e-type=\"column\">\n\t\t\t<div class=\"elementor-widget-wrap elementor-element-populated\">\n\t\t\t\t\t\t<div class=\"elementor-element elementor-element-2bdb26c elementor-widget elementor-widget-heading\" data-id=\"2bdb26c\" data-element_type=\"widget\" data-e-type=\"widget\" data-widget_type=\"heading.default\">\n\t\t\t\t<div class=\"elementor-widget-container\">\n\t\t\t\t\t<p class=\"elementor-heading-title elementor-size-default\">fabricante profissional de interruptores de press\u00e3o<\/p>\t\t\t\t<\/div>\n\t\t\t\t<\/div>\n\t\t\t\t<div class=\"elementor-element elementor-element-5b592be4 elementor-widget elementor-widget-elementskit-heading\" data-id=\"5b592be4\" data-element_type=\"widget\" data-e-type=\"widget\" data-widget_type=\"elementskit-heading.default\">\n\t\t\t\t<div class=\"elementor-widget-container\">\n\t\t\t\t\t<div class=\"ekit-wid-con\" ><div class=\"ekit-heading elementskit-section-title-wraper text_left   ekit_heading_tablet-   ekit_heading_mobile-\"><h1 class=\"ekit-heading--title elementskit-section-title\">Huizhou Regal Controller Technology Co., Ltd.<\/h1>\t\t\t\t<div class='ekit-heading__description'>\n\t\t\t\t\t<p>Fundada em 2009 e localizada na cidade de Huizhou, prov\u00edncia de Guangdong, pr\u00f3xima a Shenzhen, Guangzhou e Hong Kong, a empresa \u00e9 uma companhia de alta tecnologia focada em componentes e acess\u00f3rios essenciais para eletrodom\u00e9sticos, processos de moldagem e solu\u00e7\u00f5es de controle. Sua principal vantagem reside na capacidade de pesquisa e desenvolvimento (P&amp;D) e produ\u00e7\u00e3o.<\/p>\n\t\t\t\t<\/div>\n\t\t\t<\/div><\/div>\t\t\t\t<\/div>\n\t\t\t\t<\/div>\n\t\t\t\t<div class=\"elementor-element elementor-element-b63fbb5 elementor-widget elementor-widget-button\" data-id=\"b63fbb5\" data-element_type=\"widget\" data-e-type=\"widget\" data-widget_type=\"button.default\">\n\t\t\t\t<div class=\"elementor-widget-container\">\n\t\t\t\t\t\t\t\t\t<div class=\"elementor-button-wrapper\">\n\t\t\t\t\t<a class=\"elementor-button elementor-button-link elementor-size-lg\" href=\"#elementor-action%3Aaction%3Dpopup%3Aopen%26settings%3DeyJpZCI6IjQyIiwidG9nZ2xlIjpmYWxzZX0%3D\">\n\t\t\t\t\t\t<span class=\"elementor-button-content-wrapper\">\n\t\t\t\t\t\t<span class=\"elementor-button-icon\">\n\t\t\t\t<i aria-hidden=\"true\" class=\"far fa-envelope-open\"><\/i>\t\t\t<\/span>\n\t\t\t\t\t\t\t\t\t<span class=\"elementor-button-text\">RECEBA SOLICITA\u00c7\u00d5ES R\u00c1PIDAS<\/span>\n\t\t\t\t\t<\/span>\n\t\t\t\t\t<\/a>\n\t\t\t\t<\/div>\n\t\t\t\t\t\t\t\t<\/div>\n\t\t\t\t<\/div>\n\t\t\t\t\t<\/div>\n\t\t<\/div>\n\t\t\t\t<div class=\"elementor-column elementor-col-50 elementor-top-column elementor-element elementor-element-3023411\" data-id=\"3023411\" data-element_type=\"column\" data-e-type=\"column\">\n\t\t\t<div class=\"elementor-widget-wrap elementor-element-populated\">\n\t\t\t\t\t\t<div class=\"elementor-element elementor-element-909adc8 elementor-widget elementor-widget-image\" data-id=\"909adc8\" data-element_type=\"widget\" data-e-type=\"widget\" data-widget_type=\"image.default\">\n\t\t\t\t<div class=\"elementor-widget-container\">\n\t\t\t\t\t\t\t\t\t\t\t\t\t\t\t<img fetchpriority=\"high\" decoding=\"async\" width=\"1000\" height=\"563\" src=\"https:\/\/www.airpressureswitch.com\/wp-content\/uploads\/2022\/11\/REGAL-Pressure-Controls-Factory.jpg\" class=\"attachment-large size-large wp-image-261\" alt=\"F\u00e1brica de Controles de Press\u00e3o REGAL\" srcset=\"https:\/\/www.airpressureswitch.com\/wp-content\/uploads\/2022\/11\/REGAL-Pressure-Controls-Factory.jpg 1000w, https:\/\/www.airpressureswitch.com\/wp-content\/uploads\/2022\/11\/REGAL-Pressure-Controls-Factory-300x169.jpg 300w, https:\/\/www.airpressureswitch.com\/wp-content\/uploads\/2022\/11\/REGAL-Pressure-Controls-Factory-768x432.jpg 768w, https:\/\/www.airpressureswitch.com\/wp-content\/uploads\/2022\/11\/REGAL-Pressure-Controls-Factory-600x338.jpg 600w\" sizes=\"(max-width: 1000px) 100vw, 1000px\" \/>\t\t\t\t\t\t\t\t\t\t\t\t\t\t\t<\/div>\n\t\t\t\t<\/div>\n\t\t\t\t\t<\/div>\n\t\t<\/div>\n\t\t\t\t\t<\/div>\n\t\t<\/section>\n\t\t\t\t<section class=\"elementor-section elementor-top-section elementor-element elementor-element-4ad032a2 elementor-section-content-middle elementor-section-boxed elementor-section-height-default elementor-section-height-default\" data-id=\"4ad032a2\" data-element_type=\"section\" data-e-type=\"section\">\n\t\t\t\t\t\t<div class=\"elementor-container elementor-column-gap-default\">\n\t\t\t\t\t<div class=\"elementor-column elementor-col-100 elementor-top-column elementor-element elementor-element-44d1fb36\" data-id=\"44d1fb36\" data-element_type=\"column\" data-e-type=\"column\">\n\t\t\t<div class=\"elementor-widget-wrap elementor-element-populated\">\n\t\t\t\t\t\t<section class=\"elementor-section elementor-inner-section elementor-element elementor-element-735c1ac8 elementor-section-full_width elementor-section-height-default elementor-section-height-default\" data-id=\"735c1ac8\" data-element_type=\"section\" data-e-type=\"section\">\n\t\t\t\t\t\t<div class=\"elementor-container elementor-column-gap-default\">\n\t\t\t\t\t<div class=\"elementor-column elementor-col-100 elementor-inner-column elementor-element elementor-element-2953532\" data-id=\"2953532\" data-element_type=\"column\" data-e-type=\"column\">\n\t\t\t<div class=\"elementor-widget-wrap elementor-element-populated\">\n\t\t\t\t\t\t<div class=\"elementor-element elementor-element-472e6333 elementor-widget__width-initial elementor-widget elementor-widget-elementskit-heading\" data-id=\"472e6333\" data-element_type=\"widget\" data-e-type=\"widget\" data-widget_type=\"elementskit-heading.default\">\n\t\t\t\t<div class=\"elementor-widget-container\">\n\t\t\t\t\t<div class=\"ekit-wid-con\" ><div class=\"ekit-heading elementskit-section-title-wraper text_left   ekit_heading_tablet-   ekit_heading_mobile-\"><div class=\"elementskit-section-subtitle\">\n\t\t\t\t\t\tprincipais produtos da REGAL\n\t\t\t\t\t<\/div><h2 class=\"ekit-heading--title elementskit-section-title\">Os interruptores de press\u00e3o e os sensores de fluxo<\/h2>\t\t\t\t<div class='ekit-heading__description'>\n\t\t\t\t\t<p>Adequado para produtos que controlam press\u00e3o, vaz\u00e3o e n\u00edvel de \u00e1gua, como aquecedores de \u00e1gua, caldeiras de parede, lava-lou\u00e7as e outros eletrodom\u00e9sticos. A f\u00e1brica possui capacidade completa de produ\u00e7\u00e3o, incluindo moldagem por inje\u00e7\u00e3o, estampagem, montagem, testes e desenvolvimento de equipamentos de automa\u00e7\u00e3o.<\/p>\n<p>Fundada em 2009, a Regal \u00e9 uma empresa de alta tecnologia focada em componentes e acess\u00f3rios essenciais para eletrodom\u00e9sticos, moldagem e processamento de pl\u00e1sticos, e solu\u00e7\u00f5es de controle. Os principais pontos fortes da Regal residem na pesquisa, desenvolvimento, projeto, fabrica\u00e7\u00e3o e vendas de controle de press\u00e3o e fluxo.<\/p>\n<p>Em 2013, a Regal instalou uma f\u00e1brica na cidade de Huizhou, prov\u00edncia de Guangdong, China, focada na fabrica\u00e7\u00e3o de pressostatos para aquecedores de \u00e1gua, caldeiras de parede e outros produtos de combust\u00e3o e ventila\u00e7\u00e3o. A empresa det\u00e9m tecnologia de ponta no setor e obteve diversas patentes para os primeiros pressostatos da China, e seus produtos conquistaram amplo reconhecimento no mercado.<\/p>\n<p>Em 2017, a Regal entrou em um per\u00edodo de r\u00e1pido desenvolvimento, com a \u00e1rea da f\u00e1brica expandida para 3.000 metros quadrados, mais de 100 funcion\u00e1rios e um conjunto completo de capacidades de fabrica\u00e7\u00e3o, incluindo moldagem por inje\u00e7\u00e3o, estampagem, montagem, testes e desenvolvimento de equipamentos de automa\u00e7\u00e3o. A participa\u00e7\u00e3o de mercado continua a crescer.<\/p>\n<p>Em 2018, a Regal obteve a certifica\u00e7\u00e3o ISO 9001 de sistema de gest\u00e3o da qualidade e implementou um sistema completo de gest\u00e3o da qualidade, abrangendo desde a inspe\u00e7\u00e3o de recebimento de mat\u00e9rias-primas, monitoramento de processos, inspe\u00e7\u00e3o de expedi\u00e7\u00e3o, garantia da confiabilidade do produto e manuten\u00e7\u00e3o do sistema de qualidade. No final do mesmo ano, nossa empresa foi reconhecida como empresa de alta tecnologia e tornou-se uma empresa de alta tecnologia na prov\u00edncia de Guangdong.<\/p>\n\t\t\t\t<\/div>\n\t\t\t<\/div><\/div>\t\t\t\t<\/div>\n\t\t\t\t<\/div>\n\t\t\t\t\t<\/div>\n\t\t<\/div>\n\t\t\t\t\t<\/div>\n\t\t<\/section>\n\t\t\t\t\t<\/div>\n\t\t<\/div>\n\t\t\t\t\t<\/div>\n\t\t<\/section>\n\t\t\t\t<section class=\"elementor-section elementor-top-section elementor-element elementor-element-7e37a726 elementor-section-content-middle elementor-section-boxed elementor-section-height-default elementor-section-height-default\" data-id=\"7e37a726\" data-element_type=\"section\" data-e-type=\"section\">\n\t\t\t\t\t\t<div class=\"elementor-container elementor-column-gap-default\">\n\t\t\t\t\t<div class=\"elementor-column elementor-col-50 elementor-top-column elementor-element elementor-element-140c46df\" data-id=\"140c46df\" data-element_type=\"column\" data-e-type=\"column\">\n\t\t\t<div class=\"elementor-widget-wrap elementor-element-populated\">\n\t\t\t\t\t\t<div class=\"elementor-element elementor-element-1ac4bae2 elementor-widget elementor-widget-image\" data-id=\"1ac4bae2\" data-element_type=\"widget\" data-e-type=\"widget\" data-widget_type=\"image.default\">\n\t\t\t\t<div class=\"elementor-widget-container\">\n\t\t\t\t\t\t\t\t\t\t\t\t\t\t\t<img decoding=\"async\" width=\"839\" height=\"310\" src=\"https:\/\/www.airpressureswitch.com\/wp-content\/uploads\/2022\/11\/Certification.jpg\" class=\"attachment-full size-full wp-image-265\" alt=\"Certifica\u00e7\u00e3o\" srcset=\"https:\/\/www.airpressureswitch.com\/wp-content\/uploads\/2022\/11\/Certification.jpg 839w, https:\/\/www.airpressureswitch.com\/wp-content\/uploads\/2022\/11\/Certification-300x111.jpg 300w, https:\/\/www.airpressureswitch.com\/wp-content\/uploads\/2022\/11\/Certification-768x284.jpg 768w, https:\/\/www.airpressureswitch.com\/wp-content\/uploads\/2022\/11\/Certification-600x222.jpg 600w\" sizes=\"(max-width: 839px) 100vw, 839px\" \/>\t\t\t\t\t\t\t\t\t\t\t\t\t\t\t<\/div>\n\t\t\t\t<\/div>\n\t\t\t\t<div class=\"elementor-element elementor-element-6430edc elementor-widget__width-auto elementor-widget elementor-widget-elementskit-heading\" data-id=\"6430edc\" data-element_type=\"widget\" data-e-type=\"widget\" data-widget_type=\"elementskit-heading.default\">\n\t\t\t\t<div class=\"elementor-widget-container\">\n\t\t\t\t\t<div class=\"ekit-wid-con\" ><div class=\"ekit-heading elementskit-section-title-wraper text_left   ekit_heading_tablet-   ekit_heading_mobile- ekit-heading__title-in-left\">\t\t\t\t<div class='ekit-heading__title-wrapper'>\n\t\t\t<div class=\"ekit-heading--title elementskit-section-title\">2009<\/div>\t\t\t\t<\/div>\n\t\t\t\t<div class='ekit-heading__content-wrapper'>\n\t\t\t\t\t\t\t<div class='ekit-heading__description'>\n\t\t\t\t\t<p>Fundada em<\/p>\n\t\t\t\t<\/div>\n\t\t\t\t\t\t\t<\/div>\n\t\t\t<\/div><\/div>\t\t\t\t<\/div>\n\t\t\t\t<\/div>\n\t\t\t\t\t<\/div>\n\t\t<\/div>\n\t\t\t\t<div class=\"elementor-column elementor-col-50 elementor-top-column elementor-element elementor-element-38565228\" data-id=\"38565228\" data-element_type=\"column\" data-e-type=\"column\">\n\t\t\t<div class=\"elementor-widget-wrap elementor-element-populated\">\n\t\t\t\t\t\t<div class=\"elementor-element elementor-element-9f96d3a elementor-widget elementor-widget-elementskit-heading\" data-id=\"9f96d3a\" data-element_type=\"widget\" data-e-type=\"widget\" data-widget_type=\"elementskit-heading.default\">\n\t\t\t\t<div class=\"elementor-widget-container\">\n\t\t\t\t\t<div class=\"ekit-wid-con\" ><div class=\"ekit-heading elementskit-section-title-wraper text_left   ekit_heading_tablet-   ekit_heading_mobile-\"><h2 class=\"ekit-heading--title elementskit-section-title\">Qualidade garantida<\/h2>\t\t\t\t<div class='ekit-heading__description'>\n\t\t\t\t\t<p>Entretanto, a f\u00e1brica aderiu \u00e0 CGAC em 2017, obteve a certifica\u00e7\u00e3o do sistema de qualidade ISO9001 e tornou-se uma empresa de alta tecnologia na prov\u00edncia de Guangdong em 2018. Nossos produtos passar\u00e3o pela certifica\u00e7\u00e3o CE em 2023.<\/p>\n\t\t\t\t<\/div>\n\t\t\t<\/div><\/div>\t\t\t\t<\/div>\n\t\t\t\t<\/div>\n\t\t\t\t<div class=\"elementor-element elementor-element-691294e6 elementor-widget-divider--view-line elementor-widget elementor-widget-divider\" data-id=\"691294e6\" data-element_type=\"widget\" data-e-type=\"widget\" data-widget_type=\"divider.default\">\n\t\t\t\t<div class=\"elementor-widget-container\">\n\t\t\t\t\t\t\t<div class=\"elementor-divider\">\n\t\t\t<span class=\"elementor-divider-separator\">\n\t\t\t\t\t\t<\/span>\n\t\t<\/div>\n\t\t\t\t\t\t<\/div>\n\t\t\t\t<\/div>\n\t\t\t\t<div class=\"elementor-element elementor-element-21dfb46 elementor-widget elementor-widget-image\" data-id=\"21dfb46\" data-element_type=\"widget\" data-e-type=\"widget\" data-widget_type=\"image.default\">\n\t\t\t\t<div class=\"elementor-widget-container\">\n\t\t\t\t\t\t\t\t\t\t\t\t\t\t\t<img decoding=\"async\" width=\"1017\" height=\"221\" src=\"https:\/\/www.airpressureswitch.com\/wp-content\/uploads\/2023\/12\/Certification.png\" class=\"attachment-large size-large wp-image-1705\" alt=\"\" srcset=\"https:\/\/www.airpressureswitch.com\/wp-content\/uploads\/2023\/12\/Certification.png 1017w, https:\/\/www.airpressureswitch.com\/wp-content\/uploads\/2023\/12\/Certification-300x65.png 300w, https:\/\/www.airpressureswitch.com\/wp-content\/uploads\/2023\/12\/Certification-768x167.png 768w, https:\/\/www.airpressureswitch.com\/wp-content\/uploads\/2023\/12\/Certification-600x130.png 600w\" sizes=\"(max-width: 1017px) 100vw, 1017px\">\t\t\t\t\t\t\t\t\t\t\t\t\t\t\t<\/div>\n\t\t\t\t<\/div>\n\t\t\t\t\t<\/div>\n\t\t<\/div>\n\t\t\t\t\t<\/div>\n\t\t<\/section>\n\t\t\t\t<\/div>","protected":false},"excerpt":{"rendered":"<p>professional pressure switch manufacturer Huizhou Regal Controller Technology Co., Ltd. founded in 2009, located in Huizhou City, Guangdong Province, which is nearby Shenzhen, Guangzhou, and Hongkong.It is a high-tech enterprise focusing on core components and accessories of household appliances, molding processing, and control solutions. The main advantage of the company lies in the R&amp;D and [&hellip;]<\/p>\n","protected":false},"author":1,"featured_media":0,"parent":0,"menu_order":4,"comment_status":"closed","ping_status":"closed","template":"","meta":{"site-sidebar-layout":"no-sidebar","site-content-layout":"page-builder","ast-site-content-layout":"default","site-content-style":"default","site-sidebar-style":"default","ast-global-header-display":"","ast-banner-title-visibility":"","ast-main-header-display":"","ast-hfb-above-header-display":"","ast-hfb-below-header-display":"","ast-hfb-mobile-header-display":"","site-post-title":"disabled","ast-breadcrumbs-content":"","ast-featured-img":"disabled","footer-sml-layout":"","ast-disable-related-posts":"","theme-transparent-header-meta":"default","adv-header-id-meta":"","stick-header-meta":"","header-above-stick-meta":"","header-main-stick-meta":"","header-below-stick-meta":"","astra-migrate-meta-layouts":"default","ast-page-background-enabled":"default","ast-page-background-meta":{"desktop":{"background-color":"var(--ast-global-color-4)","background-image":"","background-repeat":"repeat","background-position":"center center","background-size":"auto","background-attachment":"scroll","background-type":"","background-media":"","overlay-type":"","overlay-color":"","overlay-opacity":"","overlay-gradient":""},"tablet":{"background-color":"","background-image":"","background-repeat":"repeat","background-position":"center center","background-size":"auto","background-attachment":"scroll","background-type":"","background-media":"","overlay-type":"","overlay-color":"","overlay-opacity":"","overlay-gradient":""},"mobile":{"background-color":"","background-image":"","background-repeat":"repeat","background-position":"center center","background-size":"auto","background-attachment":"scroll","background-type":"","background-media":"","overlay-type":"","overlay-color":"","overlay-opacity":"","overlay-gradient":""}},"ast-content-background-meta":{"desktop":{"background-color":"var(--ast-global-color-5)","background-image":"","background-repeat":"repeat","background-position":"center center","background-size":"auto","background-attachment":"scroll","background-type":"","background-media":"","overlay-type":"","overlay-color":"","overlay-opacity":"","overlay-gradient":""},"tablet":{"background-color":"var(--ast-global-color-5)","background-image":"","background-repeat":"repeat","background-position":"center center","background-size":"auto","background-attachment":"scroll","background-type":"","background-media":"","overlay-type":"","overlay-color":"","overlay-opacity":"","overlay-gradient":""},"mobile":{"background-color":"var(--ast-global-color-5)","background-image":"","background-repeat":"repeat","background-position":"center center","background-size":"auto","background-attachment":"scroll","background-type":"","background-media":"","overlay-type":"","overlay-color":"","overlay-opacity":"","overlay-gradient":""}},"footnotes":""},"class_list":["post-49","page","type-page","status-publish","hentry"],"_links":{"self":[{"href":"https:\/\/www.airpressureswitch.com\/pt\/wp-json\/wp\/v2\/pages\/49","targetHints":{"allow":["GET"]}}],"collection":[{"href":"https:\/\/www.airpressureswitch.com\/pt\/wp-json\/wp\/v2\/pages"}],"about":[{"href":"https:\/\/www.airpressureswitch.com\/pt\/wp-json\/wp\/v2\/types\/page"}],"author":[{"embeddable":true,"href":"https:\/\/www.airpressureswitch.com\/pt\/wp-json\/wp\/v2\/users\/1"}],"replies":[{"embeddable":true,"href":"https:\/\/www.airpressureswitch.com\/pt\/wp-json\/wp\/v2\/comments?post=49"}],"version-history":[{"count":10,"href":"https:\/\/www.airpressureswitch.com\/pt\/wp-json\/wp\/v2\/pages\/49\/revisions"}],"predecessor-version":[{"id":1801,"href":"https:\/\/www.airpressureswitch.com\/pt\/wp-json\/wp\/v2\/pages\/49\/revisions\/1801"}],"wp:attachment":[{"href":"https:\/\/www.airpressureswitch.com\/pt\/wp-json\/wp\/v2\/media?parent=49"}],"curies":[{"name":"wp","href":"https:\/\/api.w.org\/{rel}","templated":true}]}}