{"id":50,"date":"2022-11-04T05:43:34","date_gmt":"2022-11-04T05:43:34","guid":{"rendered":"https:\/\/www.airpressureswitch.com\/?page_id=50"},"modified":"2023-11-03T03:34:15","modified_gmt":"2023-11-03T03:34:15","slug":"blog","status":"publish","type":"page","link":"https:\/\/www.airpressureswitch.com\/pt\/blog","title":{"rendered":"Not\u00edcias"},"content":{"rendered":"<div data-elementor-type=\"wp-page\" data-elementor-id=\"50\" class=\"elementor elementor-50\" data-elementor-post-type=\"page\">\n\t\t\t\t\t\t<section class=\"elementor-section elementor-top-section elementor-element elementor-element-51fffd03 elementor-section-boxed elementor-section-height-default elementor-section-height-default\" data-id=\"51fffd03\" data-element_type=\"section\" data-e-type=\"section\">\n\t\t\t\t\t\t<div class=\"elementor-container elementor-column-gap-default\">\n\t\t\t\t\t<div class=\"elementor-column elementor-col-100 elementor-top-column elementor-element elementor-element-6d2411a3\" data-id=\"6d2411a3\" data-element_type=\"column\" data-e-type=\"column\">\n\t\t\t<div class=\"elementor-widget-wrap elementor-element-populated\">\n\t\t\t\t\t\t<div class=\"elementor-element elementor-element-4880cd44 elementor-widget elementor-widget-theme-post-title elementor-page-title elementor-widget-heading\" data-id=\"4880cd44\" data-element_type=\"widget\" data-e-type=\"widget\" data-widget_type=\"theme-post-title.default\">\n\t\t\t\t<div class=\"elementor-widget-container\">\n\t\t\t\t\t<h1 class=\"elementor-heading-title elementor-size-default\">Not\u00edcias<\/h1>\t\t\t\t<\/div>\n\t\t\t\t<\/div>\n\t\t\t\t\t<\/div>\n\t\t<\/div>\n\t\t\t\t\t<\/div>\n\t\t<\/section>\n\t\t\t\t<section class=\"elementor-section elementor-top-section elementor-element elementor-element-81a57c6 elementor-section-boxed elementor-section-height-default elementor-section-height-default\" data-id=\"81a57c6\" data-element_type=\"section\" data-e-type=\"section\">\n\t\t\t\t\t\t<div class=\"elementor-container elementor-column-gap-default\">\n\t\t\t\t\t<div class=\"elementor-column elementor-col-100 elementor-top-column elementor-element elementor-element-8c1f04b\" data-id=\"8c1f04b\" data-element_type=\"column\" data-e-type=\"column\">\n\t\t\t<div class=\"elementor-widget-wrap elementor-element-populated\">\n\t\t\t\t\t\t<div class=\"elementor-element elementor-element-2fcff42 elementor-widget elementor-widget-text-editor\" data-id=\"2fcff42\" data-element_type=\"widget\" data-e-type=\"widget\" data-widget_type=\"text-editor.default\">\n\t\t\t\t<div class=\"elementor-widget-container\">\n\t\t\t\t\t\t\t\t\t<p>Esta p\u00e1gina apresenta conhecimentos e experi\u00eancias sobre a instala\u00e7\u00e3o de pressostatos, a identifica\u00e7\u00e3o dos par\u00e2metros do n\u00edvel da \u00e1gua, a escolha de um sensor de fluxo, o reparo de sensores de press\u00e3o de ar em caldeiras a g\u00e1s, entre outros. O objetivo principal \u00e9 auxiliar os usu\u00e1rios a compreenderem os produtos REGAL.<\/p>\t\t\t\t\t\t\t\t<\/div>\n\t\t\t\t<\/div>\n\t\t\t\t\t<\/div>\n\t\t<\/div>\n\t\t\t\t\t<\/div>\n\t\t<\/section>\n\t\t\t\t<section class=\"elementor-section elementor-top-section elementor-element elementor-element-ae7f92a elementor-section-boxed elementor-section-height-default elementor-section-height-default\" data-id=\"ae7f92a\" data-element_type=\"section\" data-e-type=\"section\">\n\t\t\t\t\t\t<div class=\"elementor-container elementor-column-gap-default\">\n\t\t\t\t\t<div class=\"elementor-column elementor-col-100 elementor-top-column elementor-element elementor-element-210c434\" data-id=\"210c434\" data-element_type=\"column\" data-e-type=\"column\">\n\t\t\t<div class=\"elementor-widget-wrap elementor-element-populated\">\n\t\t\t\t\t\t<div class=\"elementor-element elementor-element-82ccf4b elementor-grid-4 elementor-grid-tablet-2 elementor-grid-mobile-1 elementor-posts--thumbnail-top elementor-widget elementor-widget-posts\" data-id=\"82ccf4b\" data-element_type=\"widget\" data-e-type=\"widget\" data-settings=\"{&quot;classic_columns&quot;:&quot;4&quot;,&quot;classic_row_gap&quot;:{&quot;unit&quot;:&quot;px&quot;,&quot;size&quot;:15,&quot;sizes&quot;:[]},&quot;pagination_type&quot;:&quot;numbers_and_prev_next&quot;,&quot;classic_columns_tablet&quot;:&quot;2&quot;,&quot;classic_columns_mobile&quot;:&quot;1&quot;,&quot;classic_row_gap_tablet&quot;:{&quot;unit&quot;:&quot;px&quot;,&quot;size&quot;:&quot;&quot;,&quot;sizes&quot;:[]},&quot;classic_row_gap_mobile&quot;:{&quot;unit&quot;:&quot;px&quot;,&quot;size&quot;:&quot;&quot;,&quot;sizes&quot;:[]}}\" data-widget_type=\"posts.classic\">\n\t\t\t\t<div class=\"elementor-widget-container\">\n\t\t\t\t\t\t\t<div class=\"elementor-posts-container elementor-posts elementor-posts--skin-classic elementor-grid\" role=\"list\">\n\t\t\t\t<article class=\"elementor-post elementor-grid-item post-2271 post type-post status-publish format-standard hentry category-company-news\" role=\"listitem\">\n\t\t\t\t<div class=\"elementor-post__text\">\n\t\t\t\t<h3 class=\"elementor-post__title\">\n\t\t\t<a href=\"https:\/\/www.airpressureswitch.com\/pt\/archives\/2271\" >\n\t\t\t\tComponente de seguran\u00e7a essencial: o sensor de press\u00e3o de ar da caldeira explicado.\t\t\t<\/a>\n\t\t<\/h3>\n\t\t\t\t<div class=\"elementor-post__meta-data\">\n\t\t\t\t\t<span class=\"elementor-post-date\">\n\t\t\t31\/03\/2026\t\t<\/span>\n\t\t\t\t<\/div>\n\t\t\t\t<div class=\"elementor-post__excerpt\">\n\t\t\t<p>No complexo mundo dos sistemas de aquecimento modernos, seguran\u00e7a e efici\u00eancia caminham juntas. Um componente essencial para garantir ambas \u00e9 a press\u00e3o do ar.<\/p>\n\t\t<\/div>\n\t\t\n\t\t<a class=\"elementor-post__read-more\" href=\"https:\/\/www.airpressureswitch.com\/pt\/archives\/2271\" aria-label=\"Leia mais sobre Componente Essencial de Seguran\u00e7a: O Sensor de Press\u00e3o de Ar da Caldeira Explicado\" tabindex=\"-1\" >\n\t\t\tLeia mais \u00bb\t\t<\/a>\n\n\t\t\t\t<\/div>\n\t\t\t\t<\/article>\n\t\t\t\t<article class=\"elementor-post elementor-grid-item post-2227 post type-post status-publish format-standard hentry category-company-news\" role=\"listitem\">\n\t\t\t\t<div class=\"elementor-post__text\">\n\t\t\t\t<h3 class=\"elementor-post__title\">\n\t\t\t<a href=\"https:\/\/www.airpressureswitch.com\/pt\/archives\/2227\" >\n\t\t\t\tDetec\u00e7\u00e3o e controle de pressostatos de vento: um guia para precis\u00e3o industrial.\t\t\t<\/a>\n\t\t<\/h3>\n\t\t\t\t<div class=\"elementor-post__meta-data\">\n\t\t\t\t\t<span class=\"elementor-post-date\">\n\t\t\t25\/03\/2026\t\t<\/span>\n\t\t\t\t<\/div>\n\t\t\t\t<div class=\"elementor-post__excerpt\">\n\t\t\t<p>Em sistemas modernos de climatiza\u00e7\u00e3o (HVAC), caldeiras industriais e aparelhos a g\u00e1s, a seguran\u00e7a e a efici\u00eancia dependem de um fator cr\u00edtico: o monitoramento preciso da press\u00e3o do ar. O pressostato de vento<\/p>\n\t\t<\/div>\n\t\t\n\t\t<a class=\"elementor-post__read-more\" href=\"https:\/\/www.airpressureswitch.com\/pt\/archives\/2227\" aria-label=\"Leia mais sobre Detec\u00e7\u00e3o e Controle de Interruptores de Press\u00e3o de Vento: Um Guia para Precis\u00e3o Industrial\" tabindex=\"-1\" >\n\t\t\tLeia mais \u00bb\t\t<\/a>\n\n\t\t\t\t<\/div>\n\t\t\t\t<\/article>\n\t\t\t\t<article class=\"elementor-post elementor-grid-item post-2225 post type-post status-publish format-standard hentry category-company-news\" role=\"listitem\">\n\t\t\t\t<div class=\"elementor-post__text\">\n\t\t\t\t<h3 class=\"elementor-post__title\">\n\t\t\t<a href=\"https:\/\/www.airpressureswitch.com\/pt\/archives\/2225\" >\n\t\t\t\tInterruptores de press\u00e3o de \u00e1gua de alta qualidade: por que escolher um fornecedor l\u00edder na China \u00e9 importante?\t\t\t<\/a>\n\t\t<\/h3>\n\t\t\t\t<div class=\"elementor-post__meta-data\">\n\t\t\t\t\t<span class=\"elementor-post-date\">\n\t\t\t24\/03\/2026\t\t<\/span>\n\t\t\t\t<\/div>\n\t\t\t\t<div class=\"elementor-post__excerpt\">\n\t\t\t<p>Em qualquer sistema de controle de fluidos \u2014 desde bombas pressurizadoras residenciais at\u00e9 grandes unidades industriais de climatiza\u00e7\u00e3o \u2014 o pressostato de \u00e1gua atua como o \u201cc\u00e9rebro\u201d da opera\u00e7\u00e3o. Ele garante<\/p>\n\t\t<\/div>\n\t\t\n\t\t<a class=\"elementor-post__read-more\" href=\"https:\/\/www.airpressureswitch.com\/pt\/archives\/2225\" aria-label=\"Leia mais sobre Interruptores de press\u00e3o de \u00e1gua de alta qualidade: Por que escolher um fornecedor l\u00edder na China \u00e9 importante\" tabindex=\"-1\" >\n\t\t\tLeia mais \u00bb\t\t<\/a>\n\n\t\t\t\t<\/div>\n\t\t\t\t<\/article>\n\t\t\t\t<article class=\"elementor-post elementor-grid-item post-2223 post type-post status-publish format-standard hentry category-company-news\" role=\"listitem\">\n\t\t\t\t<div class=\"elementor-post__text\">\n\t\t\t\t<h3 class=\"elementor-post__title\">\n\t\t\t<a href=\"https:\/\/www.airpressureswitch.com\/pt\/archives\/2223\" >\n\t\t\t\tGuia Essencial para Interruptores de Press\u00e3o de Ar em Caldeiras: Garantindo Seguran\u00e7a e Efici\u00eancia\t\t\t<\/a>\n\t\t<\/h3>\n\t\t\t\t<div class=\"elementor-post__meta-data\">\n\t\t\t\t\t<span class=\"elementor-post-date\">\n\t\t\t23\/03\/2026\t\t<\/span>\n\t\t\t\t<\/div>\n\t\t\t\t<div class=\"elementor-post__excerpt\">\n\t\t\t<p>No mundo dos sistemas de aquecimento industrial e caldeiras dom\u00e9sticas, a seguran\u00e7a \u00e9 fundamental. Um componente pequeno, mas crucial, \u00e9 o que impede o bom funcionamento de qualquer sistema.<\/p>\n\t\t<\/div>\n\t\t\n\t\t<a class=\"elementor-post__read-more\" href=\"https:\/\/www.airpressureswitch.com\/pt\/archives\/2223\" aria-label=\"Leia mais sobre Guia Essencial para Interruptores de Press\u00e3o de Ar em Caldeiras: Garantindo Seguran\u00e7a e Efici\u00eancia\" tabindex=\"-1\" >\n\t\t\tLeia mais \u00bb\t\t<\/a>\n\n\t\t\t\t<\/div>\n\t\t\t\t<\/article>\n\t\t\t\t<article class=\"elementor-post elementor-grid-item post-1993 post type-post status-publish format-standard hentry category-industry-news\" role=\"listitem\">\n\t\t\t\t<div class=\"elementor-post__text\">\n\t\t\t\t<h3 class=\"elementor-post__title\">\n\t\t\t<a href=\"https:\/\/www.airpressureswitch.com\/pt\/archives\/1993\" >\n\t\t\t\tComo escolher interruptores de press\u00e3o de \u00e1gua\t\t\t<\/a>\n\t\t<\/h3>\n\t\t\t\t<div class=\"elementor-post__meta-data\">\n\t\t\t\t\t<span class=\"elementor-post-date\">\n\t\t\t18\/04\/2025\t\t<\/span>\n\t\t\t\t<\/div>\n\t\t\t\t<div class=\"elementor-post__excerpt\">\n\t\t\t<p>Escolher o pressostato de \u00e1gua certo envolve considerar diversos fatores relacionados \u00e0 sua aplica\u00e7\u00e3o e requisitos espec\u00edficos. Aqui est\u00e1 um guia para ajud\u00e1-lo a selecionar o melhor pressostato.<\/p>\n\t\t<\/div>\n\t\t\n\t\t<a class=\"elementor-post__read-more\" href=\"https:\/\/www.airpressureswitch.com\/pt\/archives\/1993\" aria-label=\"Leia mais sobre Como escolher interruptores de press\u00e3o de \u00e1gua\" tabindex=\"-1\" >\n\t\t\tLeia mais \u00bb\t\t<\/a>\n\n\t\t\t\t<\/div>\n\t\t\t\t<\/article>\n\t\t\t\t<article class=\"elementor-post elementor-grid-item post-1997 post type-post status-publish format-standard hentry category-industry-news\" role=\"listitem\">\n\t\t\t\t<div class=\"elementor-post__text\">\n\t\t\t\t<h3 class=\"elementor-post__title\">\n\t\t\t<a href=\"https:\/\/www.airpressureswitch.com\/pt\/archives\/1997\" >\n\t\t\t\tQual \u00e9 a fun\u00e7\u00e3o do pressostato de ar?\t\t\t<\/a>\n\t\t<\/h3>\n\t\t\t\t<div class=\"elementor-post__meta-data\">\n\t\t\t\t\t<span class=\"elementor-post-date\">\n\t\t\t18\/04\/2025\t\t<\/span>\n\t\t\t\t<\/div>\n\t\t\t\t<div class=\"elementor-post__excerpt\">\n\t\t\t<p>Um pressostato \u00e9 um dispositivo usado em diversas aplica\u00e7\u00f5es para monitorar a press\u00e3o do ar dentro de um sistema. Sua fun\u00e7\u00e3o principal gira em torno de<\/p>\n\t\t<\/div>\n\t\t\n\t\t<a class=\"elementor-post__read-more\" href=\"https:\/\/www.airpressureswitch.com\/pt\/archives\/1997\" aria-label=\"Leia mais sobre Qual \u00e9 a fun\u00e7\u00e3o do pressostato de ar?\" tabindex=\"-1\" >\n\t\t\tLeia mais \u00bb\t\t<\/a>\n\n\t\t\t\t<\/div>\n\t\t\t\t<\/article>\n\t\t\t\t<article class=\"elementor-post elementor-grid-item post-2005 post type-post status-publish format-standard hentry category-industry-news\" role=\"listitem\">\n\t\t\t\t<div class=\"elementor-post__text\">\n\t\t\t\t<h3 class=\"elementor-post__title\">\n\t\t\t<a href=\"https:\/\/www.airpressureswitch.com\/pt\/archives\/2005\" >\n\t\t\t\tOnde encontrar v\u00e1lvulas de al\u00edvio de press\u00e3o para caldeiras de parede?\t\t\t<\/a>\n\t\t<\/h3>\n\t\t\t\t<div class=\"elementor-post__meta-data\">\n\t\t\t\t\t<span class=\"elementor-post-date\">\n\t\t\t18\/04\/2025\t\t<\/span>\n\t\t\t\t<\/div>\n\t\t\t\t<div class=\"elementor-post__excerpt\">\n\t\t\t<p>Falando em caldeiras de parede, creio que todos sabemos que elas fornecem \u00e1gua quente e, instaladas no banheiro, podem ser usadas para banho.,<\/p>\n\t\t<\/div>\n\t\t\n\t\t<a class=\"elementor-post__read-more\" href=\"https:\/\/www.airpressureswitch.com\/pt\/archives\/2005\" aria-label=\"Leia mais sobre Onde encontrar v\u00e1lvulas de al\u00edvio de press\u00e3o para caldeiras de parede\" tabindex=\"-1\" >\n\t\t\tLeia mais \u00bb\t\t<\/a>\n\n\t\t\t\t<\/div>\n\t\t\t\t<\/article>\n\t\t\t\t<article class=\"elementor-post elementor-grid-item post-2002 post type-post status-publish format-standard hentry category-industry-news\" role=\"listitem\">\n\t\t\t\t<div class=\"elementor-post__text\">\n\t\t\t\t<h3 class=\"elementor-post__title\">\n\t\t\t<a href=\"https:\/\/www.airpressureswitch.com\/pt\/archives\/2002\" >\n\t\t\t\tfun\u00e7\u00e3o do sensor de n\u00edvel de \u00e1gua\t\t\t<\/a>\n\t\t<\/h3>\n\t\t\t\t<div class=\"elementor-post__meta-data\">\n\t\t\t\t\t<span class=\"elementor-post-date\">\n\t\t\t18\/04\/2025\t\t<\/span>\n\t\t\t\t<\/div>\n\t\t\t\t<div class=\"elementor-post__excerpt\">\n\t\t\t<p>O sensor de n\u00edvel de \u00e1gua \u00e9 um dispositivo importante e amplamente utilizado em diversas \u00e1reas, incluindo, entre outras, eletrodom\u00e9sticos, automa\u00e7\u00e3o industrial e sistemas de \u00e1gua urbanos.<\/p>\n\t\t<\/div>\n\t\t\n\t\t<a class=\"elementor-post__read-more\" href=\"https:\/\/www.airpressureswitch.com\/pt\/archives\/2002\" aria-label=\"Leia mais sobre Fun\u00e7\u00e3o do sensor de n\u00edvel de \u00e1gua\" tabindex=\"-1\" >\n\t\t\tLeia mais \u00bb\t\t<\/a>\n\n\t\t\t\t<\/div>\n\t\t\t\t<\/article>\n\t\t\t\t<article class=\"elementor-post elementor-grid-item post-2009 post type-post status-publish format-standard hentry category-industry-news\" role=\"listitem\">\n\t\t\t\t<div class=\"elementor-post__text\">\n\t\t\t\t<h3 class=\"elementor-post__title\">\n\t\t\t<a href=\"https:\/\/www.airpressureswitch.com\/pt\/archives\/2009\" >\n\t\t\t\t4 Caracter\u00edsticas dos Interruptores de Press\u00e3o de \u00c1gua, Como Funcionam os Interruptores de Press\u00e3o de \u00c1gua\t\t\t<\/a>\n\t\t<\/h3>\n\t\t\t\t<div class=\"elementor-post__meta-data\">\n\t\t\t\t\t<span class=\"elementor-post-date\">\n\t\t\t18\/04\/2025\t\t<\/span>\n\t\t\t\t<\/div>\n\t\t\t\t<div class=\"elementor-post__excerpt\">\n\t\t\t<p>O pressostato, como o pr\u00f3prio nome sugere, utiliza a press\u00e3o da \u00e1gua para controlar o funcionamento do interruptor. Ele difere dos interruptores comuns.,<\/p>\n\t\t<\/div>\n\t\t\n\t\t<a class=\"elementor-post__read-more\" href=\"https:\/\/www.airpressureswitch.com\/pt\/archives\/2009\" aria-label=\"Leia mais sobre 4 Caracter\u00edsticas dos Interruptores de Press\u00e3o de \u00c1gua, Como Funcionam os Interruptores de Press\u00e3o de \u00c1gua\" tabindex=\"-1\" >\n\t\t\tLeia mais \u00bb\t\t<\/a>\n\n\t\t\t\t<\/div>\n\t\t\t\t<\/article>\n\t\t\t\t<article class=\"elementor-post elementor-grid-item post-2011 post type-post status-publish format-standard hentry category-industry-news\" role=\"listitem\">\n\t\t\t\t<div class=\"elementor-post__text\">\n\t\t\t\t<h3 class=\"elementor-post__title\">\n\t\t\t<a href=\"https:\/\/www.airpressureswitch.com\/pt\/archives\/2011\" >\n\t\t\t\tQuais s\u00e3o os principais tipos de pressostatos? Quais s\u00e3o as precau\u00e7\u00f5es para o uso de pressostatos?\t\t\t<\/a>\n\t\t<\/h3>\n\t\t\t\t<div class=\"elementor-post__meta-data\">\n\t\t\t\t\t<span class=\"elementor-post-date\">\n\t\t\t18\/04\/2025\t\t<\/span>\n\t\t\t\t<\/div>\n\t\t\t\t<div class=\"elementor-post__excerpt\">\n\t\t\t<p>Ao comprar pressostatos, algumas pessoas se preocupam mais com os principais tipos dispon\u00edveis. Para entender melhor, \u00e9 importante compreender o que s\u00e3o pressostatos.<\/p>\n\t\t<\/div>\n\t\t\n\t\t<a class=\"elementor-post__read-more\" href=\"https:\/\/www.airpressureswitch.com\/pt\/archives\/2011\" aria-label=\"Leia mais sobre Quais s\u00e3o os principais tipos de pressostatos? Quais s\u00e3o as precau\u00e7\u00f5es para o uso de pressostatos?\" tabindex=\"-1\" >\n\t\t\tLeia mais \u00bb\t\t<\/a>\n\n\t\t\t\t<\/div>\n\t\t\t\t<\/article>\n\t\t\t\t<article class=\"elementor-post elementor-grid-item post-2014 post type-post status-publish format-standard hentry category-industry-news\" role=\"listitem\">\n\t\t\t\t<div class=\"elementor-post__text\">\n\t\t\t\t<h3 class=\"elementor-post__title\">\n\t\t\t<a href=\"https:\/\/www.airpressureswitch.com\/pt\/archives\/2014\" >\n\t\t\t\tCircuito controlador da bomba com pressostato\t\t\t<\/a>\n\t\t<\/h3>\n\t\t\t\t<div class=\"elementor-post__meta-data\">\n\t\t\t\t\t<span class=\"elementor-post-date\">\n\t\t\t18\/04\/2025\t\t<\/span>\n\t\t\t\t<\/div>\n\t\t\t\t<div class=\"elementor-post__excerpt\">\n\t\t\t<p>Um pressostato \u00e9 um dispositivo que pode ser usado para detectar a press\u00e3o da \u00e1gua em um tanque e acionar o motor da bomba se a press\u00e3o estiver alta.<\/p>\n\t\t<\/div>\n\t\t\n\t\t<a class=\"elementor-post__read-more\" href=\"https:\/\/www.airpressureswitch.com\/pt\/archives\/2014\" aria-label=\"Leia mais sobre Circuito Controlador da Bomba do Pressostato\" tabindex=\"-1\" >\n\t\t\tLeia mais \u00bb\t\t<\/a>\n\n\t\t\t\t<\/div>\n\t\t\t\t<\/article>\n\t\t\t\t<article class=\"elementor-post elementor-grid-item post-2018 post type-post status-publish format-standard hentry category-industry-news\" role=\"listitem\">\n\t\t\t\t<div class=\"elementor-post__text\">\n\t\t\t\t<h3 class=\"elementor-post__title\">\n\t\t\t<a href=\"https:\/\/www.airpressureswitch.com\/pt\/archives\/2018\" >\n\t\t\t\t4 Caracter\u00edsticas dos Interruptores de Press\u00e3o de \u00c1gua Como Funcionam os Interruptores de Press\u00e3o de \u00c1gua\t\t\t<\/a>\n\t\t<\/h3>\n\t\t\t\t<div class=\"elementor-post__meta-data\">\n\t\t\t\t\t<span class=\"elementor-post-date\">\n\t\t\t18\/04\/2025\t\t<\/span>\n\t\t\t\t<\/div>\n\t\t\t\t<div class=\"elementor-post__excerpt\">\n\t\t\t<p>O pressostato, como o pr\u00f3prio nome sugere, utiliza a press\u00e3o da \u00e1gua para controlar o funcionamento do interruptor. Ele difere dos interruptores comuns.,<\/p>\n\t\t<\/div>\n\t\t\n\t\t<a class=\"elementor-post__read-more\" href=\"https:\/\/www.airpressureswitch.com\/pt\/archives\/2018\" aria-label=\"Leia mais sobre 4 Caracter\u00edsticas dos Interruptores de Press\u00e3o de \u00c1gua Como Funcionam os Interruptores de Press\u00e3o de \u00c1gua\" tabindex=\"-1\" >\n\t\t\tLeia mais \u00bb\t\t<\/a>\n\n\t\t\t\t<\/div>\n\t\t\t\t<\/article>\n\t\t\t\t<\/div>\n\t\t\n\t\t\t\t<div class=\"e-load-more-anchor\" data-page=\"1\" data-max-page=\"12\" data-next-page=\"https:\/\/www.airpressureswitch.com\/pt\/wp-json\/wp\/v2\/pages\/50\/page\/2\"><\/div>\n\t\t\t\t<nav class=\"elementor-pagination\" aria-label=\"Pagina\u00e7\u00e3o\">\n\t\t\t<span class=\"page-numbers prev\">\u00ab&quot; Anterior<\/span>\n<span aria-current=\"page\" class=\"page-numbers current\"><span class=\"elementor-screen-only\">P\u00e1gina<\/span>1<\/span>\n<a class=\"page-numbers\" href=\"https:\/\/www.airpressureswitch.com\/pt\/wp-json\/wp\/v2\/pages\/50\/page\/2\"><span class=\"elementor-screen-only\">P\u00e1gina<\/span>2<\/a>\n<a class=\"page-numbers\" href=\"https:\/\/www.airpressureswitch.com\/pt\/wp-json\/wp\/v2\/pages\/50\/page\/3\"><span class=\"elementor-screen-only\">P\u00e1gina<\/span>3<\/a>\n<a class=\"page-numbers\" href=\"https:\/\/www.airpressureswitch.com\/pt\/wp-json\/wp\/v2\/pages\/50\/page\/4\"><span class=\"elementor-screen-only\">P\u00e1gina<\/span>4<\/a>\n<a class=\"page-numbers\" href=\"https:\/\/www.airpressureswitch.com\/pt\/wp-json\/wp\/v2\/pages\/50\/page\/5\"><span class=\"elementor-screen-only\">P\u00e1gina<\/span>5<\/a>\n<a class=\"page-numbers next\" href=\"https:\/\/www.airpressureswitch.com\/pt\/wp-json\/wp\/v2\/pages\/50\/page\/2\">Pr\u00f3ximo &quot;\u00bb<\/a>\t\t<\/nav>\n\t\t\t\t\t\t<\/div>\n\t\t\t\t<\/div>\n\t\t\t\t\t<\/div>\n\t\t<\/div>\n\t\t\t\t\t<\/div>\n\t\t<\/section>\n\t\t\t\t<section class=\"elementor-section elementor-top-section elementor-element elementor-element-911a418 elementor-section-boxed elementor-section-height-default elementor-section-height-default\" data-id=\"911a418\" data-element_type=\"section\" data-e-type=\"section\">\n\t\t\t\t\t\t<div class=\"elementor-container elementor-column-gap-default\">\n\t\t\t\t\t<div class=\"elementor-column elementor-col-100 elementor-top-column elementor-element elementor-element-b55a0bd\" data-id=\"b55a0bd\" data-element_type=\"column\" data-e-type=\"column\">\n\t\t\t<div class=\"elementor-widget-wrap\">\n\t\t\t\t\t\t\t<\/div>\n\t\t<\/div>\n\t\t\t\t\t<\/div>\n\t\t<\/section>\n\t\t\t\t<\/div>","protected":false},"excerpt":{"rendered":"<p>Esta p\u00e1gina apresenta conhecimentos e experi\u00eancias sobre a instala\u00e7\u00e3o de pressostatos, a identifica\u00e7\u00e3o dos par\u00e2metros do n\u00edvel da \u00e1gua, a escolha de um sensor de fluxo, o reparo de sensores de press\u00e3o de ar em caldeiras a g\u00e1s, entre outros. O objetivo principal \u00e9 auxiliar os usu\u00e1rios a compreenderem os produtos REGAL.<\/p>","protected":false},"author":1,"featured_media":0,"parent":0,"menu_order":5,"comment_status":"closed","ping_status":"closed","template":"","meta":{"site-sidebar-layout":"no-sidebar","site-content-layout":"page-builder","ast-site-content-layout":"full-width-container","site-content-style":"unboxed","site-sidebar-style":"unboxed","ast-global-header-display":"","ast-banner-title-visibility":"","ast-main-header-display":"","ast-hfb-above-header-display":"","ast-hfb-below-header-display":"","ast-hfb-mobile-header-display":"","site-post-title":"disabled","ast-breadcrumbs-content":"","ast-featured-img":"disabled","footer-sml-layout":"","ast-disable-related-posts":"","theme-transparent-header-meta":"default","adv-header-id-meta":"","stick-header-meta":"","header-above-stick-meta":"","header-main-stick-meta":"","header-below-stick-meta":"","astra-migrate-meta-layouts":"set","ast-page-background-enabled":"default","ast-page-background-meta":{"desktop":{"background-color":"var(--ast-global-color-4)","background-image":"","background-repeat":"repeat","background-position":"center center","background-size":"auto","background-attachment":"scroll","background-type":"","background-media":"","overlay-type":"","overlay-color":"","overlay-opacity":"","overlay-gradient":""},"tablet":{"background-color":"","background-image":"","background-repeat":"repeat","background-position":"center center","background-size":"auto","background-attachment":"scroll","background-type":"","background-media":"","overlay-type":"","overlay-color":"","overlay-opacity":"","overlay-gradient":""},"mobile":{"background-color":"","background-image":"","background-repeat":"repeat","background-position":"center center","background-size":"auto","background-attachment":"scroll","background-type":"","background-media":"","overlay-type":"","overlay-color":"","overlay-opacity":"","overlay-gradient":""}},"ast-content-background-meta":{"desktop":{"background-color":"var(--ast-global-color-5)","background-image":"","background-repeat":"repeat","background-position":"center center","background-size":"auto","background-attachment":"scroll","background-type":"","background-media":"","overlay-type":"","overlay-color":"","overlay-opacity":"","overlay-gradient":""},"tablet":{"background-color":"var(--ast-global-color-5)","background-image":"","background-repeat":"repeat","background-position":"center center","background-size":"auto","background-attachment":"scroll","background-type":"","background-media":"","overlay-type":"","overlay-color":"","overlay-opacity":"","overlay-gradient":""},"mobile":{"background-color":"var(--ast-global-color-5)","background-image":"","background-repeat":"repeat","background-position":"center center","background-size":"auto","background-attachment":"scroll","background-type":"","background-media":"","overlay-type":"","overlay-color":"","overlay-opacity":"","overlay-gradient":""}},"footnotes":""},"class_list":["post-50","page","type-page","status-publish","hentry"],"_links":{"self":[{"href":"https:\/\/www.airpressureswitch.com\/pt\/wp-json\/wp\/v2\/pages\/50","targetHints":{"allow":["GET"]}}],"collection":[{"href":"https:\/\/www.airpressureswitch.com\/pt\/wp-json\/wp\/v2\/pages"}],"about":[{"href":"https:\/\/www.airpressureswitch.com\/pt\/wp-json\/wp\/v2\/types\/page"}],"author":[{"embeddable":true,"href":"https:\/\/www.airpressureswitch.com\/pt\/wp-json\/wp\/v2\/users\/1"}],"replies":[{"embeddable":true,"href":"https:\/\/www.airpressureswitch.com\/pt\/wp-json\/wp\/v2\/comments?post=50"}],"version-history":[{"count":7,"href":"https:\/\/www.airpressureswitch.com\/pt\/wp-json\/wp\/v2\/pages\/50\/revisions"}],"predecessor-version":[{"id":1602,"href":"https:\/\/www.airpressureswitch.com\/pt\/wp-json\/wp\/v2\/pages\/50\/revisions\/1602"}],"wp:attachment":[{"href":"https:\/\/www.airpressureswitch.com\/pt\/wp-json\/wp\/v2\/media?parent=50"}],"curies":[{"name":"wp","href":"https:\/\/api.w.org\/{rel}","templated":true}]}}