{"id":1023,"date":"2023-01-31T01:41:58","date_gmt":"2023-01-31T01:41:58","guid":{"rendered":"https:\/\/www.airpressureswitch.com\/?post_type=product&#038;p=1023"},"modified":"2023-01-31T01:41:58","modified_gmt":"2023-01-31T01:41:58","slug":"flow-sensor-turbine","status":"publish","type":"product","link":"https:\/\/www.airpressureswitch.com\/pt\/product\/flow-sensor-turbine","title":{"rendered":"Sensor de fluxo F13 com turbina e conector de cabe\u00e7a dupla, vida \u00fatil de 200.000 ciclos."},"content":{"rendered":"<h2>Flow Sensor Turbine Feature<\/h2>\n<p>The F13 is a flow sensor turbine type and the hall sensor can detect the speed and change it into the square wave frequency so you can use the oscilloscope to read the value. This kind of flow sensor has a high-precision output and works stably as well as the sensor cost is not expensive.\u00a0 And the electromagnetic compatibility<\/p>\n<p>Meanwhile, it requires a very low working voltage that is from 4.75 VDC to 5.25 VDC so that it will be safe for the operator. Its working temperature is from -15 to 85 \u2103, which is a wide range. As well as this flow sensor has a long working life which is more than 200,000 hours.<\/p>\n<p>Besides, the F1 series also has the F11, F12, and F13 sensors for your options, which are dependent on your installation requirement because the port for connection is different. For example, the F11 has 2*G1\/2, the G12 has 1*G\/12 &amp; 1*quickly connect, and the G13 has 2* quickly connect. Welcome to contact us to get more details.<\/p>\n<p>What&#8217;s more, as a professional supplier, we not only supply <a href=\"https:\/\/www.airpressureswitch.com\/pt\/sensor-de-fluxo\/\">different kinds of flow sensors<\/a> but also supply <a href=\"https:\/\/www.airpressureswitch.com\/pt\/products\/\">air pressure switches &amp; sensors<\/a>, <a href=\"https:\/\/www.airpressureswitch.com\/pt\/products\/\">water pressure level switches &amp; sensors<\/a>, and safety valves, etc.<\/p>\n<p><img fetchpriority=\"high\" decoding=\"async\" class=\"size-full wp-image-1031\" src=\"https:\/\/www.airpressureswitch.com\/wp-content\/uploads\/2023\/01\/Flow-sensor-series.jpg\" alt=\"Flow-sensor-series\" width=\"800\" height=\"531\" srcset=\"https:\/\/www.airpressureswitch.com\/wp-content\/uploads\/2023\/01\/Flow-sensor-series.jpg 800w, https:\/\/www.airpressureswitch.com\/wp-content\/uploads\/2023\/01\/Flow-sensor-series-300x199.jpg 300w, https:\/\/www.airpressureswitch.com\/wp-content\/uploads\/2023\/01\/Flow-sensor-series-768x510.jpg 768w, https:\/\/www.airpressureswitch.com\/wp-content\/uploads\/2023\/01\/Flow-sensor-series-600x398.jpg 600w\" sizes=\"(max-width: 800px) 100vw, 800px\" \/><\/p>\n<p>&nbsp;<\/p>\n<h3>Flow Sensor Turbine Specification<\/h3>\n<table style=\"height: 411px;\" border=\"1\" width=\"1361\" cellpadding=\"6\">\n<tbody>\n<tr style=\"height: 14.25pt;\">\n<td style=\"height: 14.25pt; width: 140.25pt;\" width=\"187\" height=\"19\">N\u00famero do modelo<\/td>\n<td style=\"width: 279.75pt;\" width=\"373\">F13 Flow Sensor<\/td>\n<\/tr>\n<tr style=\"height: 14.25pt;\">\n<td style=\"height: 14.25pt; width: 140.25pt;\" width=\"187\" height=\"19\">Tipo de terminal<\/td>\n<td style=\"width: 279.75pt;\" width=\"373\">Conector e fio padr\u00e3o de 3 pinos (padr\u00e3o de 150 mm, tamb\u00e9m personaliz\u00e1vel)<\/td>\n<\/tr>\n<tr style=\"height: 14.25pt;\">\n<td style=\"height: 14.25pt; width: 140.25pt;\" width=\"187\" height=\"19\">Tipo de interface<\/td>\n<td style=\"width: 279.75pt;\" width=\"373\">1*G1\/2 &amp; 1*quickly contact connector<\/td>\n<\/tr>\n<tr style=\"height: 14.25pt;\">\n<td style=\"height: 14.25pt;\" height=\"19\">Intervalo de fluxo operacional<\/td>\n<td>1 L\/min a 30 L\/min<\/td>\n<\/tr>\n<tr style=\"height: 14.25pt;\">\n<td style=\"height: 14.25pt;\" height=\"19\">Rigidez diel\u00e9trica<\/td>\n<td>500 VCA (&lt;3 mA)<\/td>\n<\/tr>\n<tr style=\"height: 14.25pt;\">\n<td style=\"height: 14.25pt;\" height=\"19\">Tens\u00e3o de opera\u00e7\u00e3o<\/td>\n<td>CC 4,75 V a CC 5,25 V<\/td>\n<\/tr>\n<tr style=\"height: 14.25pt;\">\n<td style=\"height: 14.25pt;\" height=\"19\">Corrente operacional<\/td>\n<td>15mA<\/td>\n<\/tr>\n<tr style=\"height: 14.25pt;\">\n<td style=\"height: 14.25pt;\" height=\"19\">\n<p class=\"src grammarSection\" data-group=\"1-1\">Ciclo de trabalho de baixa pot\u00eancia<\/p>\n<\/td>\n<td>50%<\/td>\n<\/tr>\n<tr style=\"height: 14.25pt;\">\n<td style=\"height: 14.25pt;\" height=\"19\">Press\u00e3o de sobrecarga<\/td>\n<td>12Bar (@40\u2103)<\/td>\n<\/tr>\n<tr style=\"height: 14.25pt;\">\n<td style=\"height: 14.25pt;\" height=\"19\">Temperatura de trabalho<\/td>\n<td>-15 a 85\u2103<\/td>\n<\/tr>\n<tr style=\"height: 14.25pt;\">\n<td style=\"height: 14.25pt;\" height=\"19\">Vida \u00fatil com carga<\/td>\n<td>200.000 ciclos<\/td>\n<\/tr>\n<tr style=\"height: 14.25pt;\">\n<td style=\"height: 14.25pt;\" height=\"19\">N\u00edvel de prote\u00e7\u00e3o<\/td>\n<td><a href=\"https:\/\/en.wikipedia.org\/wiki\/IP_code\" target=\"_blank\" rel=\"noopener\">IP20<\/a><\/td>\n<\/tr>\n<\/tbody>\n<\/table>","protected":false},"excerpt":{"rendered":"<p>F13 belongs to the flow sensor turbine type which is designed by the Karman vortex principle. It is widely used in gas boilers, water heaters, water dispensers, washing machines, and dishwashers.<\/p>","protected":false},"featured_media":1032,"comment_status":"closed","ping_status":"closed","template":"","meta":{"site-sidebar-layout":"default","site-content-layout":"default","ast-site-content-layout":"default","site-content-style":"default","site-sidebar-style":"default","ast-global-header-display":"","ast-banner-title-visibility":"","ast-main-header-display":"","ast-hfb-above-header-display":"","ast-hfb-below-header-display":"","ast-hfb-mobile-header-display":"","site-post-title":"","ast-breadcrumbs-content":"","ast-featured-img":"","footer-sml-layout":"","ast-disable-related-posts":"","theme-transparent-header-meta":"default","adv-header-id-meta":"","stick-header-meta":"","header-above-stick-meta":"","header-main-stick-meta":"","header-below-stick-meta":"","astra-migrate-meta-layouts":"default","ast-page-background-enabled":"default","ast-page-background-meta":{"desktop":{"background-color":"var(--ast-global-color-4)","background-image":"","background-repeat":"repeat","background-position":"center center","background-size":"auto","background-attachment":"scroll","background-type":"","background-media":"","overlay-type":"","overlay-color":"","overlay-opacity":"","overlay-gradient":""},"tablet":{"background-color":"","background-image":"","background-repeat":"repeat","background-position":"center center","background-size":"auto","background-attachment":"scroll","background-type":"","background-media":"","overlay-type":"","overlay-color":"","overlay-opacity":"","overlay-gradient":""},"mobile":{"background-color":"","background-image":"","background-repeat":"repeat","background-position":"center center","background-size":"auto","background-attachment":"scroll","background-type":"","background-media":"","overlay-type":"","overlay-color":"","overlay-opacity":"","overlay-gradient":""}},"ast-content-background-meta":{"desktop":{"background-color":"var(--ast-global-color-5)","background-image":"","background-repeat":"repeat","background-position":"center center","background-size":"auto","background-attachment":"scroll","background-type":"","background-media":"","overlay-type":"","overlay-color":"","overlay-opacity":"","overlay-gradient":""},"tablet":{"background-color":"var(--ast-global-color-5)","background-image":"","background-repeat":"repeat","background-position":"center center","background-size":"auto","background-attachment":"scroll","background-type":"","background-media":"","overlay-type":"","overlay-color":"","overlay-opacity":"","overlay-gradient":""},"mobile":{"background-color":"var(--ast-global-color-5)","background-image":"","background-repeat":"repeat","background-position":"center center","background-size":"auto","background-attachment":"scroll","background-type":"","background-media":"","overlay-type":"","overlay-color":"","overlay-opacity":"","overlay-gradient":""}}},"product_brand":[],"product_cat":[26],"product_tag":[],"class_list":{"0":"post-1023","1":"product","2":"type-product","3":"status-publish","4":"has-post-thumbnail","6":"product_cat-flow-sensor","7":"desktop-align-left","8":"tablet-align-left","9":"mobile-align-left","11":"first","12":"instock","13":"shipping-taxable","14":"product-type-simple"},"_links":{"self":[{"href":"https:\/\/www.airpressureswitch.com\/pt\/wp-json\/wp\/v2\/product\/1023","targetHints":{"allow":["GET"]}}],"collection":[{"href":"https:\/\/www.airpressureswitch.com\/pt\/wp-json\/wp\/v2\/product"}],"about":[{"href":"https:\/\/www.airpressureswitch.com\/pt\/wp-json\/wp\/v2\/types\/product"}],"replies":[{"embeddable":true,"href":"https:\/\/www.airpressureswitch.com\/pt\/wp-json\/wp\/v2\/comments?post=1023"}],"wp:featuredmedia":[{"embeddable":true,"href":"https:\/\/www.airpressureswitch.com\/pt\/wp-json\/wp\/v2\/media\/1032"}],"wp:attachment":[{"href":"https:\/\/www.airpressureswitch.com\/pt\/wp-json\/wp\/v2\/media?parent=1023"}],"wp:term":[{"taxonomy":"product_brand","embeddable":true,"href":"https:\/\/www.airpressureswitch.com\/pt\/wp-json\/wp\/v2\/product_brand?post=1023"},{"taxonomy":"product_cat","embeddable":true,"href":"https:\/\/www.airpressureswitch.com\/pt\/wp-json\/wp\/v2\/product_cat?post=1023"},{"taxonomy":"product_tag","embeddable":true,"href":"https:\/\/www.airpressureswitch.com\/pt\/wp-json\/wp\/v2\/product_tag?post=1023"}],"curies":[{"name":"wp","href":"https:\/\/api.w.org\/{rel}","templated":true}]}}