{"id":1112,"date":"2023-02-17T09:29:05","date_gmt":"2023-02-17T09:29:05","guid":{"rendered":"https:\/\/www.airpressureswitch.com\/?post_type=product&#038;p=1112"},"modified":"2023-03-01T06:56:16","modified_gmt":"2023-03-01T06:56:16","slug":"sensor-flow-switch","status":"publish","type":"product","link":"https:\/\/www.airpressureswitch.com\/pt\/product\/sensor-flow-switch","title":{"rendered":"Sensor de fluxo 5 VCC adequado para aquecedor de \u00e1gua"},"content":{"rendered":"<h2>Sensor Flow Switch Description<\/h2>\n<div id=\"fanyiPage\">\n<div id=\"fanyiComponent\" class=\"fanyi t_template\">\n<div class=\"text-translate-top hasDomainSelector\">\n<div class=\"domain-selector-container\">\n<div class=\"domainSelector\" data-v-0c73f603=\"\">\n<div class=\"tiled-domain-contianer\" data-v-0c73f603=\"\">\n<div class=\"tiled-domain-item color_text_3\" data-v-0c73f603=\"\">\n<p class=\"_tgt transPara grammarSection\"><span class=\"transSent\" data-group=\"0-0\">The F23 sensor flow switches flow sensor is also a straight-through turbine-type sensor, which adopts the principle of a spiral flow guide cylinder. When liquid flows through the flow guide cylinder, DC becomes an eddy current. The speed of the magnetic rotor placed in the flow guide cylinder is proportional to the velocity.<\/span><span class=\"transSent\" data-group=\"0-1\"> Hall sensors are installed on the circuit board since the rotation speed and transmit the square wave frequency through the circuit.<\/span><span class=\"transSent\" data-group=\"0-2\"> The hall element and the cavity are packaged as a whole, without screws to avoid cracking.<\/span><span class=\"transSent\" data-group=\"0-3\"> This product is suitable for use in wall-mounted furnaces, water heaters, and drinking water systems. <\/span><\/p>\n<p class=\"_tgt transPara grammarSection\">F23 sensor flow switches flow sensor is characterized by a fast interface mode, working flow range of 1.0L\/Min to 30LMin, high quality, high precision products, good electromagnetic compatibility, wide pressure loss, and excellent sealing performance.<\/p>\n<\/div>\n<\/div>\n<\/div>\n<\/div>\n<\/div>\n<div class=\"target\">\n<div class=\"fix-bottom-action color_webview_bg\">\n<div class=\"opt\">\n<div class=\"opt-right yd-form-container\"><span class=\"transSent\" data-group=\"0-0\">If you are interested in learning more about traffic sensors, please visit the page to learn more about REGAL, please visit our home page.<\/span><span class=\"transSent\" data-group=\"0-1\"> In addition, we also have a <a href=\"https:\/\/www.airpressureswitch.com\/pt\/products\/\">water pressure switch sensor<\/a>, <a href=\"https:\/\/www.airpressureswitch.com\/pt\/safety-relief-valve\/\">safety pressure relief valve<\/a>, water level switch, and sensor.<\/span><span class=\"transSent\" data-group=\"0-2\"> Thank you very much!<\/span><\/div>\n<\/div>\n<\/div>\n<\/div>\n<\/div>\n<\/div>\n<h3>Especifica\u00e7\u00e3o do sensor de vaz\u00e3o<\/h3>\n<table style=\"height: 411px;\" border=\"1\" width=\"1361\" cellpadding=\"6\">\n<tbody>\n<tr style=\"height: 14.25pt;\">\n<td style=\"height: 14.25pt; width: 140.25pt;\" width=\"187\" height=\"19\">N\u00famero do modelo<\/td>\n<td style=\"width: 279.75pt;\" width=\"373\">F23 Flow Rate Sensor<\/td>\n<\/tr>\n<tr style=\"height: 14.25pt;\">\n<td style=\"height: 14.25pt; width: 140.25pt;\" width=\"187\" height=\"19\">Tipo de terminal<\/td>\n<td style=\"width: 279.75pt;\" width=\"373\">Conector e fio padr\u00e3o de 3 pinos (padr\u00e3o de 150 mm, tamb\u00e9m personaliz\u00e1vel)<\/td>\n<\/tr>\n<tr style=\"height: 14.25pt;\">\n<td style=\"height: 14.25pt; width: 140.25pt;\" width=\"187\" height=\"19\">Tipo de interface<\/td>\n<td style=\"width: 279.75pt;\" width=\"373\">2*G1\/2<\/td>\n<\/tr>\n<tr style=\"height: 14.25pt;\">\n<td style=\"height: 14.25pt;\" height=\"19\">Intervalo de fluxo operacional<\/td>\n<td>1 L\/min a 30 L\/min<\/td>\n<\/tr>\n<tr style=\"height: 14.25pt;\">\n<td style=\"height: 14.25pt;\" height=\"19\">Rigidez diel\u00e9trica<\/td>\n<td>500 VCA (&lt;3 mA)<\/td>\n<\/tr>\n<tr style=\"height: 14.25pt;\">\n<td style=\"height: 14.25pt;\" height=\"19\">Tens\u00e3o de opera\u00e7\u00e3o<\/td>\n<td>CC 4,75 V a CC 5,25 V<\/td>\n<\/tr>\n<tr style=\"height: 14.25pt;\">\n<td style=\"height: 14.25pt;\" height=\"19\">Corrente operacional<\/td>\n<td>15mA<\/td>\n<\/tr>\n<tr style=\"height: 14.25pt;\">\n<td style=\"height: 14.25pt;\" height=\"19\">\n<p class=\"src grammarSection\" data-group=\"1-1\">Ciclo de trabalho de baixa pot\u00eancia<\/p>\n<\/td>\n<td>50%<\/td>\n<\/tr>\n<tr style=\"height: 14.25pt;\">\n<td style=\"height: 14.25pt;\" height=\"19\">Press\u00e3o de sobrecarga<\/td>\n<td>12Bar (@40\u2103)<\/td>\n<\/tr>\n<tr style=\"height: 14.25pt;\">\n<td style=\"height: 14.25pt;\" height=\"19\">Temperatura de trabalho<\/td>\n<td>-15 a 85\u2103<\/td>\n<\/tr>\n<tr style=\"height: 14.25pt;\">\n<td style=\"height: 14.25pt;\" height=\"19\">Vida \u00fatil com carga<\/td>\n<td>200.000 ciclos<\/td>\n<\/tr>\n<tr style=\"height: 14.25pt;\">\n<td style=\"height: 14.25pt;\" height=\"19\">N\u00edvel de prote\u00e7\u00e3o<\/td>\n<td><a href=\"https:\/\/en.wikipedia.org\/wiki\/IP_code\" target=\"_blank\" rel=\"noopener\">IP20<\/a><\/td>\n<\/tr>\n<\/tbody>\n<\/table>","protected":false},"excerpt":{"rendered":"<p>The F23 is a flow sensor, straight through turbine type, for a wide range of wall-mounted furnaces and water heaters. professional service, 10 years factory.<\/p>\n<p>&nbsp;<\/p>","protected":false},"featured_media":1113,"comment_status":"closed","ping_status":"closed","template":"","meta":{"site-sidebar-layout":"default","site-content-layout":"default","ast-site-content-layout":"default","site-content-style":"default","site-sidebar-style":"default","ast-global-header-display":"","ast-banner-title-visibility":"","ast-main-header-display":"","ast-hfb-above-header-display":"","ast-hfb-below-header-display":"","ast-hfb-mobile-header-display":"","site-post-title":"","ast-breadcrumbs-content":"","ast-featured-img":"","footer-sml-layout":"","ast-disable-related-posts":"","theme-transparent-header-meta":"default","adv-header-id-meta":"","stick-header-meta":"","header-above-stick-meta":"","header-main-stick-meta":"","header-below-stick-meta":"","astra-migrate-meta-layouts":"default","ast-page-background-enabled":"default","ast-page-background-meta":{"desktop":{"background-color":"var(--ast-global-color-4)","background-image":"","background-repeat":"repeat","background-position":"center center","background-size":"auto","background-attachment":"scroll","background-type":"","background-media":"","overlay-type":"","overlay-color":"","overlay-opacity":"","overlay-gradient":""},"tablet":{"background-color":"","background-image":"","background-repeat":"repeat","background-position":"center center","background-size":"auto","background-attachment":"scroll","background-type":"","background-media":"","overlay-type":"","overlay-color":"","overlay-opacity":"","overlay-gradient":""},"mobile":{"background-color":"","background-image":"","background-repeat":"repeat","background-position":"center center","background-size":"auto","background-attachment":"scroll","background-type":"","background-media":"","overlay-type":"","overlay-color":"","overlay-opacity":"","overlay-gradient":""}},"ast-content-background-meta":{"desktop":{"background-color":"var(--ast-global-color-5)","background-image":"","background-repeat":"repeat","background-position":"center center","background-size":"auto","background-attachment":"scroll","background-type":"","background-media":"","overlay-type":"","overlay-color":"","overlay-opacity":"","overlay-gradient":""},"tablet":{"background-color":"var(--ast-global-color-5)","background-image":"","background-repeat":"repeat","background-position":"center center","background-size":"auto","background-attachment":"scroll","background-type":"","background-media":"","overlay-type":"","overlay-color":"","overlay-opacity":"","overlay-gradient":""},"mobile":{"background-color":"var(--ast-global-color-5)","background-image":"","background-repeat":"repeat","background-position":"center center","background-size":"auto","background-attachment":"scroll","background-type":"","background-media":"","overlay-type":"","overlay-color":"","overlay-opacity":"","overlay-gradient":""}}},"product_brand":[],"product_cat":[26],"product_tag":[],"class_list":{"0":"post-1112","1":"product","2":"type-product","3":"status-publish","4":"has-post-thumbnail","6":"product_cat-flow-sensor","7":"desktop-align-left","8":"tablet-align-left","9":"mobile-align-left","11":"first","12":"instock","13":"shipping-taxable","14":"product-type-simple"},"_links":{"self":[{"href":"https:\/\/www.airpressureswitch.com\/pt\/wp-json\/wp\/v2\/product\/1112","targetHints":{"allow":["GET"]}}],"collection":[{"href":"https:\/\/www.airpressureswitch.com\/pt\/wp-json\/wp\/v2\/product"}],"about":[{"href":"https:\/\/www.airpressureswitch.com\/pt\/wp-json\/wp\/v2\/types\/product"}],"replies":[{"embeddable":true,"href":"https:\/\/www.airpressureswitch.com\/pt\/wp-json\/wp\/v2\/comments?post=1112"}],"wp:featuredmedia":[{"embeddable":true,"href":"https:\/\/www.airpressureswitch.com\/pt\/wp-json\/wp\/v2\/media\/1113"}],"wp:attachment":[{"href":"https:\/\/www.airpressureswitch.com\/pt\/wp-json\/wp\/v2\/media?parent=1112"}],"wp:term":[{"taxonomy":"product_brand","embeddable":true,"href":"https:\/\/www.airpressureswitch.com\/pt\/wp-json\/wp\/v2\/product_brand?post=1112"},{"taxonomy":"product_cat","embeddable":true,"href":"https:\/\/www.airpressureswitch.com\/pt\/wp-json\/wp\/v2\/product_cat?post=1112"},{"taxonomy":"product_tag","embeddable":true,"href":"https:\/\/www.airpressureswitch.com\/pt\/wp-json\/wp\/v2\/product_tag?post=1112"}],"curies":[{"name":"wp","href":"https:\/\/api.w.org\/{rel}","templated":true}]}}