{"id":1185,"date":"2023-03-09T02:02:36","date_gmt":"2023-03-09T02:02:36","guid":{"rendered":"https:\/\/www.airpressureswitch.com\/?post_type=product&#038;p=1185"},"modified":"2023-03-13T05:51:03","modified_gmt":"2023-03-13T05:51:03","slug":"aquecedor-de-agua-com-sensor-de-fluxo","status":"publish","type":"product","link":"https:\/\/www.airpressureswitch.com\/pt\/product\/flow-sensor-water-heater","title":{"rendered":"Sensor de fluxo para aquecedor de \u00e1gua com interface roscada G1\/2"},"content":{"rendered":"<h2>Descri\u00e7\u00e3o do interruptor do aquecedor de \u00e1gua com sensor de fluxo F33<\/h2>\n<p>O sensor de fluxo F33 para aquecedor de \u00e1gua detecta a velocidade de rota\u00e7\u00e3o do fluxo e emite o sinal SWFM (Surface Flow Meter - Medi\u00e7\u00e3o de Vaz\u00e3o de \u00c1gua) atrav\u00e9s do sensor Hall na placa de circuito. Possui uma ampla faixa de vaz\u00e3o de trabalho, de 1,0 L\/min a 30,0 L\/min. A temperatura, a press\u00e3o e a densidade s\u00e3o par\u00e2metros importantes na escolha do sensor para aquecedor de \u00e1gua, especialmente em condi\u00e7\u00f5es de opera\u00e7\u00e3o. Para o fluxo de g\u00e1s, \u00e9 fundamental tamb\u00e9m verificar se a vaz\u00e3o est\u00e1 em estado operacional ou normal.<\/p>\n<p>O aquecedor de \u00e1gua com sensor de fluxo permite projetar a v\u00e1lvula de acordo com a vaz\u00e3o da \u00e1gua, reduzindo a resist\u00eancia da \u00e1gua gerada pelo sensor e a perda de press\u00e3o no sistema hidr\u00e1ulico. No entanto, como esse tipo de v\u00e1lvula ainda \u00e9 afetado pelo fluxo de \u00e1gua por um longo per\u00edodo, persiste o problema de desgaste. Mesmo que o valor do fluxo seja calibrado na f\u00e1brica, ocorrer\u00e1 uma deriva do ponto de ajuste.<\/p>\n<p>O sensor de fluxo F33 para aquecedor de \u00e1gua possui 2 conectores r\u00e1pidos. Entre em contato conosco para obter informa\u00e7\u00f5es sobre outros sensores.<\/p>\n<p>Se precisar verificar mais tipos de sensores de fluxo, clique no link para consultar. Geralmente, o<a href=\"https:\/\/www.airpressureswitch.com\/pt\/products\/\"> Os aquecedores de \u00e1gua e caldeiras n\u00e3o precisam apenas de<\/a> Os sensores de fluxo precisam de interruptores, mas tamb\u00e9m de pressostatos e v\u00e1lvulas de al\u00edvio, que tamb\u00e9m s\u00e3o fornecidos pela REGAL.<\/p>\n<h3>Especifica\u00e7\u00e3o do interruptor do sensor de fluxo<\/h3>\n<table style=\"height: 411px;\" border=\"1\" width=\"1361\" cellpadding=\"6\">\n<tbody>\n<tr style=\"height: 14.25pt;\">\n<td style=\"height: 14.25pt; width: 140.25pt;\" width=\"187\" height=\"19\">N\u00famero do modelo<\/td>\n<td style=\"width: 279.75pt;\" width=\"373\">Interruptor do sensor de fluxo F33<\/td>\n<\/tr>\n<tr style=\"height: 14.25pt;\">\n<td style=\"height: 14.25pt; width: 140.25pt;\" width=\"187\" height=\"19\">Tipo de terminal<\/td>\n<td style=\"width: 279.75pt;\" width=\"373\">Conector e fio padr\u00e3o de 3 pinos (padr\u00e3o de 150 mm, tamb\u00e9m personaliz\u00e1vel)<\/td>\n<\/tr>\n<tr style=\"height: 14.25pt;\">\n<td style=\"height: 14.25pt; width: 140.25pt;\" width=\"187\" height=\"19\">Tipo de interface<\/td>\n<td style=\"width: 279.75pt;\" width=\"373\">2*G1\/2<\/td>\n<\/tr>\n<tr style=\"height: 14.25pt;\">\n<td style=\"height: 14.25pt;\" height=\"19\">Intervalo de fluxo operacional<\/td>\n<td>1 L\/min a 30 L\/min<\/td>\n<\/tr>\n<tr style=\"height: 14.25pt;\">\n<td style=\"height: 14.25pt;\" height=\"19\">Rigidez diel\u00e9trica<\/td>\n<td>500 VCA (&lt;3 mA)<\/td>\n<\/tr>\n<tr style=\"height: 14.25pt;\">\n<td style=\"height: 14.25pt;\" height=\"19\">Tens\u00e3o de opera\u00e7\u00e3o<\/td>\n<td>CC 4,75 V a CC 5,25 V<\/td>\n<\/tr>\n<tr style=\"height: 14.25pt;\">\n<td style=\"height: 14.25pt;\" height=\"19\">Corrente operacional<\/td>\n<td>15mA<\/td>\n<\/tr>\n<tr style=\"height: 14.25pt;\">\n<td style=\"height: 14.25pt;\" height=\"19\">\n<p class=\"src grammarSection\" data-group=\"1-1\">Ciclo de trabalho de baixa pot\u00eancia<\/p>\n<\/td>\n<td>50%<\/td>\n<\/tr>\n<tr style=\"height: 14.25pt;\">\n<td style=\"height: 14.25pt;\" height=\"19\">Press\u00e3o de sobrecarga<\/td>\n<td>12Bar (@40\u2103)<\/td>\n<\/tr>\n<tr style=\"height: 14.25pt;\">\n<td style=\"height: 14.25pt;\" height=\"19\">Temperatura de trabalho<\/td>\n<td>-15 a 85\u2103<\/td>\n<\/tr>\n<tr style=\"height: 14.25pt;\">\n<td style=\"height: 14.25pt;\" height=\"19\">Vida \u00fatil com carga<\/td>\n<td>200.000 ciclos<\/td>\n<\/tr>\n<tr style=\"height: 14.25pt;\">\n<td style=\"height: 14.25pt;\" height=\"19\">N\u00edvel de prote\u00e7\u00e3o<\/td>\n<td><a href=\"https:\/\/en.wikipedia.org\/wiki\/IP_code\" target=\"_blank\" rel=\"noopener\">IP20<\/a><\/td>\n<\/tr>\n<\/tbody>\n<\/table>","protected":false},"excerpt":{"rendered":"<p><span class=\"transSent highlight\" data-group=\"0-0\">O sensor de fluxo F33 para aquecedores de \u00e1gua utiliza o princ\u00edpio da trajet\u00f3ria do v\u00f3rtice de Karman, o que lhe confere um bom desempenho em ambientes \u00famidos.<\/span><span class=\"transSent\" data-group=\"0-1\"> Adequado para caldeiras e aquecedores de \u00e1gua.<\/span><\/p>","protected":false},"featured_media":1187,"comment_status":"closed","ping_status":"closed","template":"","meta":{"site-sidebar-layout":"default","site-content-layout":"default","ast-site-content-layout":"default","site-content-style":"default","site-sidebar-style":"default","ast-global-header-display":"","ast-banner-title-visibility":"","ast-main-header-display":"","ast-hfb-above-header-display":"","ast-hfb-below-header-display":"","ast-hfb-mobile-header-display":"","site-post-title":"","ast-breadcrumbs-content":"","ast-featured-img":"","footer-sml-layout":"","ast-disable-related-posts":"","theme-transparent-header-meta":"default","adv-header-id-meta":"","stick-header-meta":"","header-above-stick-meta":"","header-main-stick-meta":"","header-below-stick-meta":"","astra-migrate-meta-layouts":"default","ast-page-background-enabled":"default","ast-page-background-meta":{"desktop":{"background-color":"var(--ast-global-color-4)","background-image":"","background-repeat":"repeat","background-position":"center center","background-size":"auto","background-attachment":"scroll","background-type":"","background-media":"","overlay-type":"","overlay-color":"","overlay-opacity":"","overlay-gradient":""},"tablet":{"background-color":"","background-image":"","background-repeat":"repeat","background-position":"center center","background-size":"auto","background-attachment":"scroll","background-type":"","background-media":"","overlay-type":"","overlay-color":"","overlay-opacity":"","overlay-gradient":""},"mobile":{"background-color":"","background-image":"","background-repeat":"repeat","background-position":"center center","background-size":"auto","background-attachment":"scroll","background-type":"","background-media":"","overlay-type":"","overlay-color":"","overlay-opacity":"","overlay-gradient":""}},"ast-content-background-meta":{"desktop":{"background-color":"var(--ast-global-color-5)","background-image":"","background-repeat":"repeat","background-position":"center center","background-size":"auto","background-attachment":"scroll","background-type":"","background-media":"","overlay-type":"","overlay-color":"","overlay-opacity":"","overlay-gradient":""},"tablet":{"background-color":"var(--ast-global-color-5)","background-image":"","background-repeat":"repeat","background-position":"center center","background-size":"auto","background-attachment":"scroll","background-type":"","background-media":"","overlay-type":"","overlay-color":"","overlay-opacity":"","overlay-gradient":""},"mobile":{"background-color":"var(--ast-global-color-5)","background-image":"","background-repeat":"repeat","background-position":"center center","background-size":"auto","background-attachment":"scroll","background-type":"","background-media":"","overlay-type":"","overlay-color":"","overlay-opacity":"","overlay-gradient":""}}},"product_brand":[],"product_cat":[26],"product_tag":[],"class_list":{"0":"post-1185","1":"product","2":"type-product","3":"status-publish","4":"has-post-thumbnail","6":"product_cat-flow-sensor","7":"desktop-align-left","8":"tablet-align-left","9":"mobile-align-left","11":"first","12":"instock","13":"shipping-taxable","14":"product-type-simple"},"_links":{"self":[{"href":"https:\/\/www.airpressureswitch.com\/pt\/wp-json\/wp\/v2\/product\/1185","targetHints":{"allow":["GET"]}}],"collection":[{"href":"https:\/\/www.airpressureswitch.com\/pt\/wp-json\/wp\/v2\/product"}],"about":[{"href":"https:\/\/www.airpressureswitch.com\/pt\/wp-json\/wp\/v2\/types\/product"}],"replies":[{"embeddable":true,"href":"https:\/\/www.airpressureswitch.com\/pt\/wp-json\/wp\/v2\/comments?post=1185"}],"wp:featuredmedia":[{"embeddable":true,"href":"https:\/\/www.airpressureswitch.com\/pt\/wp-json\/wp\/v2\/media\/1187"}],"wp:attachment":[{"href":"https:\/\/www.airpressureswitch.com\/pt\/wp-json\/wp\/v2\/media?parent=1185"}],"wp:term":[{"taxonomy":"product_brand","embeddable":true,"href":"https:\/\/www.airpressureswitch.com\/pt\/wp-json\/wp\/v2\/product_brand?post=1185"},{"taxonomy":"product_cat","embeddable":true,"href":"https:\/\/www.airpressureswitch.com\/pt\/wp-json\/wp\/v2\/product_cat?post=1185"},{"taxonomy":"product_tag","embeddable":true,"href":"https:\/\/www.airpressureswitch.com\/pt\/wp-json\/wp\/v2\/product_tag?post=1185"}],"curies":[{"name":"wp","href":"https:\/\/api.w.org\/{rel}","templated":true}]}}