{"id":795,"date":"2022-12-02T06:46:37","date_gmt":"2022-12-02T06:46:37","guid":{"rendered":"https:\/\/www.airpressureswitch.com\/?post_type=product&#038;p=795"},"modified":"2024-01-24T09:33:25","modified_gmt":"2024-01-24T09:33:25","slug":"interruptor-de-pressao-negativa","status":"publish","type":"product","link":"https:\/\/www.airpressureswitch.com\/pt\/product\/negative-pressure-switch","title":{"rendered":"Interruptor de press\u00e3o negativa A2, 12 V\/24 VCC, porta \u00fanica"},"content":{"rendered":"<h3>Interruptor de press\u00e3o negativa<\/h3>\n<p>O A2 <a href=\"https:\/\/www.airpressureswitch.com\/pt\/\">pressostato<\/a> \u00c9 um pressostato econ\u00f4mico para aquecedores de \u00e1gua que adota uma estrutura de estilha\u00e7os cl\u00e1ssica e inovadora para alcan\u00e7ar as caracter\u00edsticas de uma estrutura pequena e grande for\u00e7a de contato, garantindo a confiabilidade do contato do produto.<br \/>\nO pressostato A2 possui uma estrutura compacta e um design simples. O volume da cavidade permite que as varia\u00e7\u00f5es de press\u00e3o do ar sejam convertidas de forma eficiente em for\u00e7a de contato do interruptor.<br \/>\nA s\u00e9rie A2 \u00e9 um pressostato negativo de circuito normalmente aberto (NA) de porta \u00fanica, com um novo design, tecnologia inovadora e pre\u00e7o acess\u00edvel. Possui excelente desempenho de contato em uma cavidade t\u00e3o pequena.<\/p>\n<p>&nbsp;<\/p>\n<h4>Caracter\u00edsticas do interruptor de press\u00e3o de ar A2<\/h4>\n<ul>\n<li>Possui alta precis\u00e3o para testes e comuta\u00e7\u00e3o de press\u00e3o, que \u00e9 de \u00b13Pa.<\/li>\n<li>Apar\u00eancia simples e bonita, f\u00e1cil instala\u00e7\u00e3o.<\/li>\n<li>Entretanto, possui uma ampla faixa de temperatura operacional, de -40 a +110\u2103, para que voc\u00ea possa us\u00e1-lo tanto no ver\u00e3o quanto no inverno.<\/li>\n<li>O ponto de ativa\u00e7\u00e3o e desativa\u00e7\u00e3o pode ser personalizado; podemos configur\u00e1-lo de acordo com sua necessidade durante o processo de produ\u00e7\u00e3o.<\/li>\n<li>\u00c9 perfeito para caldeiras a g\u00e1s e aquecedores de \u00e1gua a g\u00e1s.<\/li>\n<\/ul>\n<h4 class=\"style-scope ytd-watch-metadata\">Como funciona o pressostato do forno a g\u00e1s <a href=\"https:\/\/www.youtube.com\/watch?v=9DAEZvkyO9A\" target=\"_blank\" rel=\"noopener\">V\u00eddeo de testes e funcionamento!<\/a><\/h4>\n<div class=\"ast-oembed-container\" style=\"height: 100%;\"><iframe title=\"Como funciona e como testar o pressostato de um forno a g\u00e1s!\" width=\"500\" height=\"281\" src=\"https:\/\/www.youtube.com\/embed\/9DAEZvkyO9A?feature=oembed\" frameborder=\"0\" allow=\"accelerometer; autoplay; clipboard-write; encrypted-media; gyroscope; picture-in-picture; web-share\" referrerpolicy=\"strict-origin-when-cross-origin\" allowfullscreen><\/iframe><\/div>\n<p>&nbsp;<\/p>\n<h3>Especifica\u00e7\u00e3o do interruptor de press\u00e3o negativa<\/h3>\n<table style=\"height: 411px;\" border=\"1\" width=\"1361\" cellpadding=\"6\">\n<tbody>\n<tr style=\"height: 14.25pt;\">\n<td style=\"height: 14.25pt; width: 140.25pt;\" width=\"187\" height=\"19\">N\u00famero do modelo<\/td>\n<td style=\"width: 279.75pt;\" width=\"373\">Interruptor de press\u00e3o de ar negativa A2<\/td>\n<\/tr>\n<tr style=\"height: 14.25pt;\">\n<td style=\"height: 14.25pt; width: 140.25pt;\" width=\"187\" height=\"19\">Meio de trabalho<\/td>\n<td style=\"width: 279.75pt;\" width=\"373\">Ar ou g\u00e1s de escape<\/td>\n<\/tr>\n<tr style=\"height: 14.25pt;\">\n<td style=\"height: 14.25pt; width: 140.25pt;\" width=\"187\" height=\"19\">Tipos de terminais<\/td>\n<td style=\"width: 279.75pt;\" width=\"373\">Conector r\u00e1pido padr\u00e3o 187 (4,8*0,5 mm)<\/td>\n<\/tr>\n<tr style=\"height: 14.25pt;\">\n<td style=\"height: 14.25pt;\" height=\"19\">Interface do tubo<\/td>\n<td>6,3 de di\u00e2metro externo, adequado para tubos com di\u00e2metro interno de 5 mm.<\/td>\n<\/tr>\n<tr style=\"height: 14.25pt;\">\n<td style=\"height: 14.25pt;\" height=\"19\">Circuito<\/td>\n<td>SPST-N\u00c3O<\/td>\n<\/tr>\n<tr style=\"height: 14.25pt;\">\n<td style=\"height: 14.25pt;\" height=\"19\">Avalia\u00e7\u00e3o<\/td>\n<td>0,1A 24VDC<\/td>\n<\/tr>\n<tr style=\"height: 14.25pt;\">\n<td style=\"height: 14.25pt;\" height=\"19\">Tens\u00e3o de resist\u00eancia<\/td>\n<td>3000Pa (0,5Psi)<\/td>\n<\/tr>\n<tr style=\"height: 14.25pt;\">\n<td style=\"height: 14.25pt;\" height=\"19\">Vida \u00fatil el\u00e9trica<\/td>\n<td>25000000 ciclos<\/td>\n<\/tr>\n<tr style=\"height: 14.25pt;\">\n<td style=\"height: 14.25pt;\" height=\"19\">Temperatura de trabalho<\/td>\n<td>-40 a +110\u2103<\/td>\n<\/tr>\n<tr style=\"height: 14.25pt;\">\n<td style=\"height: 14.25pt;\" height=\"19\">Precis\u00e3o<\/td>\n<td>\u00b13Pa<\/td>\n<\/tr>\n<\/tbody>\n<\/table>\n<p>Al\u00e9m dos interruptores de press\u00e3o negativa, tamb\u00e9m podemos produzir interruptores de press\u00e3o positiva. Para mais informa\u00e7\u00f5es sobre o produto, acesse [link para o produto].<a href=\"https:\/\/www.airpressureswitch.com\/pt\/products\/\"> Visite nossa p\u00e1gina de produtos<\/a> Para verificar, somos profissionais. <a href=\"https:\/\/www.airpressureswitch.com\/pt\/\">Fabricante e fornecedor em controle de press\u00e3o e fluxo<\/a>.<\/p>","protected":false},"excerpt":{"rendered":"<h3>Interruptores de press\u00e3o A2, interruptor de press\u00e3o para aquecedor de \u00e1gua a g\u00e1s<\/h3>\n<p>O A2 \u00e9 um pressostato negativo projetado para aquecedores de \u00e1gua a g\u00e1s com a mais recente tecnologia patenteada, que permite um bom desempenho de contato em um espa\u00e7o reduzido.<\/p>","protected":false},"featured_media":796,"comment_status":"closed","ping_status":"closed","template":"","meta":{"site-sidebar-layout":"default","site-content-layout":"default","ast-site-content-layout":"default","site-content-style":"default","site-sidebar-style":"default","ast-global-header-display":"","ast-banner-title-visibility":"","ast-main-header-display":"","ast-hfb-above-header-display":"","ast-hfb-below-header-display":"","ast-hfb-mobile-header-display":"","site-post-title":"","ast-breadcrumbs-content":"","ast-featured-img":"","footer-sml-layout":"","ast-disable-related-posts":"","theme-transparent-header-meta":"default","adv-header-id-meta":"","stick-header-meta":"","header-above-stick-meta":"","header-main-stick-meta":"","header-below-stick-meta":"","astra-migrate-meta-layouts":"set","ast-page-background-enabled":"default","ast-page-background-meta":{"desktop":{"background-color":"var(--ast-global-color-4)","background-image":"","background-repeat":"repeat","background-position":"center center","background-size":"auto","background-attachment":"scroll","background-type":"","background-media":"","overlay-type":"","overlay-color":"","overlay-opacity":"","overlay-gradient":""},"tablet":{"background-color":"","background-image":"","background-repeat":"repeat","background-position":"center center","background-size":"auto","background-attachment":"scroll","background-type":"","background-media":"","overlay-type":"","overlay-color":"","overlay-opacity":"","overlay-gradient":""},"mobile":{"background-color":"","background-image":"","background-repeat":"repeat","background-position":"center center","background-size":"auto","background-attachment":"scroll","background-type":"","background-media":"","overlay-type":"","overlay-color":"","overlay-opacity":"","overlay-gradient":""}},"ast-content-background-meta":{"desktop":{"background-color":"var(--ast-global-color-5)","background-image":"","background-repeat":"repeat","background-position":"center center","background-size":"auto","background-attachment":"scroll","background-type":"","background-media":"","overlay-type":"","overlay-color":"","overlay-opacity":"","overlay-gradient":""},"tablet":{"background-color":"var(--ast-global-color-5)","background-image":"","background-repeat":"repeat","background-position":"center center","background-size":"auto","background-attachment":"scroll","background-type":"","background-media":"","overlay-type":"","overlay-color":"","overlay-opacity":"","overlay-gradient":""},"mobile":{"background-color":"var(--ast-global-color-5)","background-image":"","background-repeat":"repeat","background-position":"center center","background-size":"auto","background-attachment":"scroll","background-type":"","background-media":"","overlay-type":"","overlay-color":"","overlay-opacity":"","overlay-gradient":""}}},"product_brand":[],"product_cat":[23],"product_tag":[69,70,71,68,67],"class_list":{"0":"post-795","1":"product","2":"type-product","3":"status-publish","4":"has-post-thumbnail","6":"product_cat-air-pressure-switch","7":"product_tag-air-pressure-switch","8":"product_tag-direct-exhaust-gas-water-heater","9":"product_tag-forced-feed-gas-water-heater","10":"product_tag-negative-pressure-switch","11":"product_tag-pressure-switches","12":"desktop-align-left","13":"tablet-align-left","14":"mobile-align-left","16":"first","17":"instock","18":"shipping-taxable","19":"product-type-simple"},"_links":{"self":[{"href":"https:\/\/www.airpressureswitch.com\/pt\/wp-json\/wp\/v2\/product\/795","targetHints":{"allow":["GET"]}}],"collection":[{"href":"https:\/\/www.airpressureswitch.com\/pt\/wp-json\/wp\/v2\/product"}],"about":[{"href":"https:\/\/www.airpressureswitch.com\/pt\/wp-json\/wp\/v2\/types\/product"}],"replies":[{"embeddable":true,"href":"https:\/\/www.airpressureswitch.com\/pt\/wp-json\/wp\/v2\/comments?post=795"}],"wp:featuredmedia":[{"embeddable":true,"href":"https:\/\/www.airpressureswitch.com\/pt\/wp-json\/wp\/v2\/media\/796"}],"wp:attachment":[{"href":"https:\/\/www.airpressureswitch.com\/pt\/wp-json\/wp\/v2\/media?parent=795"}],"wp:term":[{"taxonomy":"product_brand","embeddable":true,"href":"https:\/\/www.airpressureswitch.com\/pt\/wp-json\/wp\/v2\/product_brand?post=795"},{"taxonomy":"product_cat","embeddable":true,"href":"https:\/\/www.airpressureswitch.com\/pt\/wp-json\/wp\/v2\/product_cat?post=795"},{"taxonomy":"product_tag","embeddable":true,"href":"https:\/\/www.airpressureswitch.com\/pt\/wp-json\/wp\/v2\/product_tag?post=795"}],"curies":[{"name":"wp","href":"https:\/\/api.w.org\/{rel}","templated":true}]}}