{"id":845,"date":"2022-12-05T09:51:09","date_gmt":"2022-12-05T09:51:09","guid":{"rendered":"https:\/\/www.airpressureswitch.com\/?post_type=product&#038;p=845"},"modified":"2022-12-05T09:51:09","modified_gmt":"2022-12-05T09:51:09","slug":"air-flow-pressure-switch","status":"publish","type":"product","link":"https:\/\/www.airpressureswitch.com\/pt\/product\/air-flow-pressure-switch","title":{"rendered":"Interruptor de press\u00e3o de fluxo de ar 1(0,5)A 125\/250VAC NA"},"content":{"rendered":"<h2>Air Flow Pressure switch<\/h2>\n<p>&nbsp;<\/p>\n<p>The A72 is a new upgrade leaf-spring-type air flow pressure switch, which has a big diameter diaphragm (70mm). And this diaphragm can increase the volume of the cavity to increase its working stability. It can detect the Air flow and air pressure with an accurate value, which is widely used in wall-hanging boilers, as well as the application scenarios needed to test the air pressure and flow. Like the commercial air conditioning filtration system, <a href=\"https:\/\/en.wikipedia.org\/wiki\/Variable_air_volume\" target=\"_blank\" rel=\"noopener\">VAV system<\/a>, and so on.<\/p>\n<p>&nbsp;<\/p>\n<h3>A72 Air Flow Switch Features<\/h3>\n<ul>\n<li>Stable performance &amp; reliable structure: it has a big cavity inside, so the air will not be easily affected. The structure is followed the A5 pressure switch, which is classic &amp; reliable.<\/li>\n<li>Wide working temperature range, so it can work no matter in summer or winter.<\/li>\n<li>Customizable air pressure for setting on and off and we can produce these values according to your requirement or application.<\/li>\n<li>Long life: the electrical life is 250000 cycles in its rating.<\/li>\n<li>Besides, if all our product can not meet your requirement, we also can do the OEM and ODM service for you. Welcome to contact us for more details.<\/li>\n<\/ul>\n<h3>A72 Air Flow Pressure switch Specification<\/h3>\n<p>&nbsp;<\/p>\n<table style=\"height: 411px;\" border=\"1\" width=\"1361\" cellpadding=\"6\">\n<tbody>\n<tr style=\"height: 14.25pt;\">\n<td style=\"height: 14.25pt; width: 140.25pt;\" width=\"187\" height=\"19\">N\u00famero do modelo<\/td>\n<td style=\"width: 279.75pt;\" width=\"373\">A72 Air Flow Switch<\/td>\n<\/tr>\n<tr style=\"height: 14.25pt;\">\n<td style=\"height: 14.25pt; width: 140.25pt;\" width=\"187\" height=\"19\">Meio de trabalho<\/td>\n<td style=\"width: 279.75pt;\" width=\"373\">Ar ou g\u00e1s de escape<\/td>\n<\/tr>\n<tr style=\"height: 14.25pt;\">\n<td style=\"height: 14.25pt; width: 140.25pt;\" width=\"187\" height=\"19\">Tipos de terminais<\/td>\n<td style=\"width: 279.75pt;\" width=\"373\">Standard 187 Quick Connect (4.8*0.8mm)<\/td>\n<\/tr>\n<tr style=\"height: 14.25pt;\">\n<td style=\"height: 14.25pt;\" height=\"19\">Interface do tubo<\/td>\n<td>6,3 de di\u00e2metro externo, adequado para tubos com di\u00e2metro interno de 5 mm.<\/td>\n<\/tr>\n<tr style=\"height: 14.25pt;\">\n<td style=\"height: 14.25pt;\" height=\"19\">Circuito<\/td>\n<td>SPST-N\u00c3O<\/td>\n<\/tr>\n<tr style=\"height: 14.25pt;\">\n<td style=\"height: 14.25pt;\" height=\"19\">Avalia\u00e7\u00e3o<\/td>\n<td>1(0.5)A 125\/250VAC<\/td>\n<\/tr>\n<tr style=\"height: 14.25pt;\">\n<td style=\"height: 14.25pt;\" height=\"19\">Tens\u00e3o de resist\u00eancia<\/td>\n<td>3000Pa (0,5Psi)<\/td>\n<\/tr>\n<tr style=\"height: 14.25pt;\">\n<td style=\"height: 14.25pt;\" height=\"19\">Vida \u00fatil el\u00e9trica<\/td>\n<td>25000000 ciclos<\/td>\n<\/tr>\n<tr style=\"height: 14.25pt;\">\n<td style=\"height: 14.25pt;\" height=\"19\">Temperatura de trabalho<\/td>\n<td>-40 a +110\u2103<\/td>\n<\/tr>\n<\/tbody>\n<\/table>\n<p>Al\u00e9m dos interruptores de press\u00e3o negativa, tamb\u00e9m podemos produzir interruptores de press\u00e3o positiva. Para mais informa\u00e7\u00f5es sobre o produto, acesse [link para o produto].<a href=\"https:\/\/www.airpressureswitch.com\/pt\/products\/\"> Visite nossa p\u00e1gina de produtos<\/a> Para verificar, somos profissionais. <a href=\"https:\/\/www.airpressureswitch.com\/pt\/\">Fabricante e fornecedor em controle de press\u00e3o e fluxo<\/a>.<\/p>","protected":false},"excerpt":{"rendered":"<p>A72 is the latest upgrade air flow pressure switch which belongs to the leaf spring type. So, it has a major diameter diaphragm (70mm), which can increase the volume of the cavity to increase its working stability.<\/p>","protected":false},"featured_media":846,"comment_status":"closed","ping_status":"closed","template":"","meta":{"site-sidebar-layout":"default","site-content-layout":"default","ast-site-content-layout":"default","site-content-style":"default","site-sidebar-style":"default","ast-global-header-display":"","ast-banner-title-visibility":"","ast-main-header-display":"","ast-hfb-above-header-display":"","ast-hfb-below-header-display":"","ast-hfb-mobile-header-display":"","site-post-title":"","ast-breadcrumbs-content":"","ast-featured-img":"","footer-sml-layout":"","ast-disable-related-posts":"","theme-transparent-header-meta":"default","adv-header-id-meta":"","stick-header-meta":"","header-above-stick-meta":"","header-main-stick-meta":"","header-below-stick-meta":"","astra-migrate-meta-layouts":"default","ast-page-background-enabled":"default","ast-page-background-meta":{"desktop":{"background-color":"var(--ast-global-color-4)","background-image":"","background-repeat":"repeat","background-position":"center center","background-size":"auto","background-attachment":"scroll","background-type":"","background-media":"","overlay-type":"","overlay-color":"","overlay-opacity":"","overlay-gradient":""},"tablet":{"background-color":"","background-image":"","background-repeat":"repeat","background-position":"center center","background-size":"auto","background-attachment":"scroll","background-type":"","background-media":"","overlay-type":"","overlay-color":"","overlay-opacity":"","overlay-gradient":""},"mobile":{"background-color":"","background-image":"","background-repeat":"repeat","background-position":"center center","background-size":"auto","background-attachment":"scroll","background-type":"","background-media":"","overlay-type":"","overlay-color":"","overlay-opacity":"","overlay-gradient":""}},"ast-content-background-meta":{"desktop":{"background-color":"var(--ast-global-color-5)","background-image":"","background-repeat":"repeat","background-position":"center center","background-size":"auto","background-attachment":"scroll","background-type":"","background-media":"","overlay-type":"","overlay-color":"","overlay-opacity":"","overlay-gradient":""},"tablet":{"background-color":"var(--ast-global-color-5)","background-image":"","background-repeat":"repeat","background-position":"center center","background-size":"auto","background-attachment":"scroll","background-type":"","background-media":"","overlay-type":"","overlay-color":"","overlay-opacity":"","overlay-gradient":""},"mobile":{"background-color":"var(--ast-global-color-5)","background-image":"","background-repeat":"repeat","background-position":"center center","background-size":"auto","background-attachment":"scroll","background-type":"","background-media":"","overlay-type":"","overlay-color":"","overlay-opacity":"","overlay-gradient":""}}},"product_brand":[],"product_cat":[23],"product_tag":[],"class_list":{"0":"post-845","1":"product","2":"type-product","3":"status-publish","4":"has-post-thumbnail","6":"product_cat-air-pressure-switch","7":"desktop-align-left","8":"tablet-align-left","9":"mobile-align-left","11":"first","12":"instock","13":"shipping-taxable","14":"product-type-simple"},"_links":{"self":[{"href":"https:\/\/www.airpressureswitch.com\/pt\/wp-json\/wp\/v2\/product\/845","targetHints":{"allow":["GET"]}}],"collection":[{"href":"https:\/\/www.airpressureswitch.com\/pt\/wp-json\/wp\/v2\/product"}],"about":[{"href":"https:\/\/www.airpressureswitch.com\/pt\/wp-json\/wp\/v2\/types\/product"}],"replies":[{"embeddable":true,"href":"https:\/\/www.airpressureswitch.com\/pt\/wp-json\/wp\/v2\/comments?post=845"}],"wp:featuredmedia":[{"embeddable":true,"href":"https:\/\/www.airpressureswitch.com\/pt\/wp-json\/wp\/v2\/media\/846"}],"wp:attachment":[{"href":"https:\/\/www.airpressureswitch.com\/pt\/wp-json\/wp\/v2\/media?parent=845"}],"wp:term":[{"taxonomy":"product_brand","embeddable":true,"href":"https:\/\/www.airpressureswitch.com\/pt\/wp-json\/wp\/v2\/product_brand?post=845"},{"taxonomy":"product_cat","embeddable":true,"href":"https:\/\/www.airpressureswitch.com\/pt\/wp-json\/wp\/v2\/product_cat?post=845"},{"taxonomy":"product_tag","embeddable":true,"href":"https:\/\/www.airpressureswitch.com\/pt\/wp-json\/wp\/v2\/product_tag?post=845"}],"curies":[{"name":"wp","href":"https:\/\/api.w.org\/{rel}","templated":true}]}}