{"id":869,"date":"2022-12-09T02:11:09","date_gmt":"2022-12-09T02:11:09","guid":{"rendered":"https:\/\/www.airpressureswitch.com\/?post_type=product&#038;p=869"},"modified":"2022-12-09T02:11:09","modified_gmt":"2022-12-09T02:11:09","slug":"flow-rate-sensor","status":"publish","type":"product","link":"https:\/\/www.airpressureswitch.com\/pt\/product\/flow-rate-sensor","title":{"rendered":"Sensor de vaz\u00e3o de \u00e1gua F21 12 Bar"},"content":{"rendered":"<h2>Flow Rate Sensor Description<\/h2>\n<p>The REGAL F21 liquid flow rate sensor belongs to the straight barrel turbine type sensor, we also can call it water flow detector as well. Meanwhile, the working principle is according to the spiral guide tube principle and this design can improve the precision and low pressure low. So tha it will have a very good performance in in wall-hanging boiler, water heater, water dispenser, etc. However, different products have differenet design and requirement for the flow sensor. Such as the connection way, cable length, pressure requirement, and so on.<\/p>\n<p>The F21 flow rate sensor has a G1\/2 screw thread connector, which is high quality &amp; high precision. If it connect with the Hall element, it don&#8217;t need to install extra screws. The element and sensor will form a closed cavity so that the dehiscent situation won&#8217;t happen. Besides, this flow rate sensor also has a good compatibility in electromagnetism.<\/p>\n<p>What&#8217;s more, you also can custom the cable length, welcome to contact us to discuss the details.<\/p>\n<p>For more <a href=\"https:\/\/www.airpressureswitch.com\/pt\/sensor-de-fluxo\/\">water flow sensors<\/a>, welcome to visit the page and if you need to know more <a href=\"https:\/\/www.airpressureswitch.com\/pt\/sobre-nos\/\">about REGAL<\/a> welcome to visit our home page to check. Moreover the flowing product, we also has the <a href=\"https:\/\/www.airpressureswitch.com\/pt\/products\/\">air pressure switch and sensors<\/a>, <a href=\"https:\/\/www.airpressureswitch.com\/pt\/safety-relief-valve\/\">safety relief values<\/a>, water level switch &amp; sensors, and so on. Thank you very much!<\/p>\n<p>&nbsp;<\/p>\n<h3>Especifica\u00e7\u00e3o do sensor de vaz\u00e3o<\/h3>\n<p>&nbsp;<\/p>\n<table style=\"height: 411px;\" border=\"1\" width=\"1361\" cellpadding=\"6\">\n<tbody>\n<tr style=\"height: 14.25pt;\">\n<td style=\"height: 14.25pt; width: 140.25pt;\" width=\"187\" height=\"19\">N\u00famero do modelo<\/td>\n<td style=\"width: 279.75pt;\" width=\"373\">F21 Flow Rate Sensor<\/td>\n<\/tr>\n<tr style=\"height: 14.25pt;\">\n<td style=\"height: 14.25pt; width: 140.25pt;\" width=\"187\" height=\"19\">Tipo de terminal<\/td>\n<td style=\"width: 279.75pt;\" width=\"373\">Conector e fio padr\u00e3o de 3 pinos (padr\u00e3o de 150 mm, tamb\u00e9m personaliz\u00e1vel)<\/td>\n<\/tr>\n<tr style=\"height: 14.25pt;\">\n<td style=\"height: 14.25pt; width: 140.25pt;\" width=\"187\" height=\"19\">Tipo de interface<\/td>\n<td style=\"width: 279.75pt;\" width=\"373\">2*G1\/2<\/td>\n<\/tr>\n<tr style=\"height: 14.25pt;\">\n<td style=\"height: 14.25pt;\" height=\"19\">Intervalo de fluxo operacional<\/td>\n<td>1 L\/min a 30 L\/min<\/td>\n<\/tr>\n<tr style=\"height: 14.25pt;\">\n<td style=\"height: 14.25pt;\" height=\"19\">Rigidez diel\u00e9trica<\/td>\n<td>500 VCA (&lt;3 mA)<\/td>\n<\/tr>\n<tr style=\"height: 14.25pt;\">\n<td style=\"height: 14.25pt;\" height=\"19\">Tens\u00e3o de opera\u00e7\u00e3o<\/td>\n<td>CC 4,75 V a CC 5,25 V<\/td>\n<\/tr>\n<tr style=\"height: 14.25pt;\">\n<td style=\"height: 14.25pt;\" height=\"19\">Corrente operacional<\/td>\n<td>15mA<\/td>\n<\/tr>\n<tr style=\"height: 14.25pt;\">\n<td style=\"height: 14.25pt;\" height=\"19\">\n<p class=\"src grammarSection\" data-group=\"1-1\">Ciclo de trabalho de baixa pot\u00eancia<\/p>\n<\/td>\n<td>50%<\/td>\n<\/tr>\n<tr style=\"height: 14.25pt;\">\n<td style=\"height: 14.25pt;\" height=\"19\">Press\u00e3o de sobrecarga<\/td>\n<td>12Bar (@40\u2103)<\/td>\n<\/tr>\n<tr style=\"height: 14.25pt;\">\n<td style=\"height: 14.25pt;\" height=\"19\">Temperatura de trabalho<\/td>\n<td>-15 a 85\u2103<\/td>\n<\/tr>\n<tr style=\"height: 14.25pt;\">\n<td style=\"height: 14.25pt;\" height=\"19\">Vida \u00fatil com carga<\/td>\n<td>200.000 ciclos<\/td>\n<\/tr>\n<tr style=\"height: 14.25pt;\">\n<td style=\"height: 14.25pt;\" height=\"19\">N\u00edvel de prote\u00e7\u00e3o<\/td>\n<td><a href=\"https:\/\/en.wikipedia.org\/wiki\/IP_code\" target=\"_blank\" rel=\"noopener\">IP20<\/a><\/td>\n<\/tr>\n<\/tbody>\n<\/table>","protected":false},"excerpt":{"rendered":"<p>The F21 is a water flow rate sensor that has a G1\/2 screw thread connector, which is high quality &amp; high precision. It is widely used in wall-hanging boiler, water heater, water dispenser, etc.<\/p>","protected":false},"featured_media":873,"comment_status":"closed","ping_status":"closed","template":"","meta":{"site-sidebar-layout":"default","site-content-layout":"default","ast-site-content-layout":"default","site-content-style":"default","site-sidebar-style":"default","ast-global-header-display":"","ast-banner-title-visibility":"","ast-main-header-display":"","ast-hfb-above-header-display":"","ast-hfb-below-header-display":"","ast-hfb-mobile-header-display":"","site-post-title":"","ast-breadcrumbs-content":"","ast-featured-img":"","footer-sml-layout":"","ast-disable-related-posts":"","theme-transparent-header-meta":"default","adv-header-id-meta":"","stick-header-meta":"","header-above-stick-meta":"","header-main-stick-meta":"","header-below-stick-meta":"","astra-migrate-meta-layouts":"default","ast-page-background-enabled":"default","ast-page-background-meta":{"desktop":{"background-color":"var(--ast-global-color-4)","background-image":"","background-repeat":"repeat","background-position":"center center","background-size":"auto","background-attachment":"scroll","background-type":"","background-media":"","overlay-type":"","overlay-color":"","overlay-opacity":"","overlay-gradient":""},"tablet":{"background-color":"","background-image":"","background-repeat":"repeat","background-position":"center center","background-size":"auto","background-attachment":"scroll","background-type":"","background-media":"","overlay-type":"","overlay-color":"","overlay-opacity":"","overlay-gradient":""},"mobile":{"background-color":"","background-image":"","background-repeat":"repeat","background-position":"center center","background-size":"auto","background-attachment":"scroll","background-type":"","background-media":"","overlay-type":"","overlay-color":"","overlay-opacity":"","overlay-gradient":""}},"ast-content-background-meta":{"desktop":{"background-color":"var(--ast-global-color-5)","background-image":"","background-repeat":"repeat","background-position":"center center","background-size":"auto","background-attachment":"scroll","background-type":"","background-media":"","overlay-type":"","overlay-color":"","overlay-opacity":"","overlay-gradient":""},"tablet":{"background-color":"var(--ast-global-color-5)","background-image":"","background-repeat":"repeat","background-position":"center center","background-size":"auto","background-attachment":"scroll","background-type":"","background-media":"","overlay-type":"","overlay-color":"","overlay-opacity":"","overlay-gradient":""},"mobile":{"background-color":"var(--ast-global-color-5)","background-image":"","background-repeat":"repeat","background-position":"center center","background-size":"auto","background-attachment":"scroll","background-type":"","background-media":"","overlay-type":"","overlay-color":"","overlay-opacity":"","overlay-gradient":""}}},"product_brand":[],"product_cat":[26],"product_tag":[],"class_list":{"0":"post-869","1":"product","2":"type-product","3":"status-publish","4":"has-post-thumbnail","6":"product_cat-flow-sensor","7":"desktop-align-left","8":"tablet-align-left","9":"mobile-align-left","11":"first","12":"instock","13":"shipping-taxable","14":"product-type-simple"},"_links":{"self":[{"href":"https:\/\/www.airpressureswitch.com\/pt\/wp-json\/wp\/v2\/product\/869","targetHints":{"allow":["GET"]}}],"collection":[{"href":"https:\/\/www.airpressureswitch.com\/pt\/wp-json\/wp\/v2\/product"}],"about":[{"href":"https:\/\/www.airpressureswitch.com\/pt\/wp-json\/wp\/v2\/types\/product"}],"replies":[{"embeddable":true,"href":"https:\/\/www.airpressureswitch.com\/pt\/wp-json\/wp\/v2\/comments?post=869"}],"wp:featuredmedia":[{"embeddable":true,"href":"https:\/\/www.airpressureswitch.com\/pt\/wp-json\/wp\/v2\/media\/873"}],"wp:attachment":[{"href":"https:\/\/www.airpressureswitch.com\/pt\/wp-json\/wp\/v2\/media?parent=869"}],"wp:term":[{"taxonomy":"product_brand","embeddable":true,"href":"https:\/\/www.airpressureswitch.com\/pt\/wp-json\/wp\/v2\/product_brand?post=869"},{"taxonomy":"product_cat","embeddable":true,"href":"https:\/\/www.airpressureswitch.com\/pt\/wp-json\/wp\/v2\/product_cat?post=869"},{"taxonomy":"product_tag","embeddable":true,"href":"https:\/\/www.airpressureswitch.com\/pt\/wp-json\/wp\/v2\/product_tag?post=869"}],"curies":[{"name":"wp","href":"https:\/\/api.w.org\/{rel}","templated":true}]}}