{"id":911,"date":"2022-12-14T02:49:00","date_gmt":"2022-12-14T02:49:00","guid":{"rendered":"https:\/\/www.airpressureswitch.com\/?post_type=product&#038;p=911"},"modified":"2022-12-14T02:50:41","modified_gmt":"2022-12-14T02:50:41","slug":"gas-boiler-air-pressure-switch","status":"publish","type":"product","link":"https:\/\/www.airpressureswitch.com\/pt\/product\/gas-boiler-air-pressure-switch","title":{"rendered":"Pressostato de ar para caldeira a g\u00e1s negativo A53G SPDT 50 \u2013 300Pa"},"content":{"rendered":"<h3>Gas Boiler Air Pressure Switch Description<\/h3>\n<p>The A53G gas boiler air pressure switch has 2 differential pressure air tubes, one is high pressure and the other one is low pressure. You can customize it according to your requirement and we also have the <a href=\"https:\/\/www.airpressureswitch.com\/pt\/product\/universal-air-pressure-switch\/\">universal water heater pressure switch<\/a>, please contact us if you to see more.<\/p>\n<p>The A5 series is a new design type that uses the leaf spring to replace the traditional spring construction. This kind of new design can eliminate the effect of temperature so that these air pressure switches have higher precision and reliable performance than the traditional types. We also got the letters patent for it.<\/p>\n<p>Meanwhile, this series of switches are totally sealed, which can resist water and dust. So, it is especially suitable for a hostile environment that is wet and dusty because it can work well for a long time. Welcome to test our samples. Besides, this model is the SPDT but the SPST-NO or SPST-NC is available from us. Please go to our product page to see more <a href=\"https:\/\/www.airpressureswitch.com\/pt\/pressostato-de-ar\/\">air pressure switches information and get the quotation<\/a>.<\/p>\n<h4><strong>A53G Air Pressure Switch Selection<\/strong><\/h4>\n<p><img fetchpriority=\"high\" decoding=\"async\" class=\"size-full wp-image-917\" src=\"https:\/\/www.airpressureswitch.com\/wp-content\/uploads\/2022\/12\/A53-pressure-switch-type-selection.jpg\" alt=\"A53 pressure switch type selection\" width=\"800\" height=\"322\" srcset=\"https:\/\/www.airpressureswitch.com\/wp-content\/uploads\/2022\/12\/A53-pressure-switch-type-selection.jpg 800w, https:\/\/www.airpressureswitch.com\/wp-content\/uploads\/2022\/12\/A53-pressure-switch-type-selection-300x121.jpg 300w, https:\/\/www.airpressureswitch.com\/wp-content\/uploads\/2022\/12\/A53-pressure-switch-type-selection-768x309.jpg 768w, https:\/\/www.airpressureswitch.com\/wp-content\/uploads\/2022\/12\/A53-pressure-switch-type-selection-600x242.jpg 600w\" sizes=\"(max-width: 800px) 100vw, 800px\" \/><\/p>\n<h4><strong>A53G Air Pressure Switch Application<\/strong><\/h4>\n<p>Generally, it not only can be used in gas boilers but also can be used in water heaters, conditioner filter systems, other<a href=\"https:\/\/en.wikipedia.org\/wiki\/Variable_air_volume\" target=\"_blank\" rel=\"noopener\"> VAV systems<\/a>, and so on. For more about our<a href=\"https:\/\/www.airpressureswitch.com\/pt\/aplicativos\/\"> flow &amp; pressure product application<\/a>, please click the link to see.<\/p>\n<h3>Gas Boiler Air Pressure Switch Specification<\/h3>\n<table style=\"height: 411px;\" border=\"1\" width=\"1361\" cellpadding=\"6\">\n<tbody>\n<tr style=\"height: 14.25pt;\">\n<td style=\"height: 14.25pt; width: 140.25pt;\" width=\"187\" height=\"19\">N\u00famero do modelo<\/td>\n<td style=\"width: 279.75pt;\" width=\"373\">A53G Negative Gas Boiler Air Pressure Switch<\/td>\n<\/tr>\n<tr style=\"height: 14.25pt;\">\n<td style=\"height: 14.25pt; width: 140.25pt;\" width=\"187\" height=\"19\">Meio de trabalho<\/td>\n<td style=\"width: 279.75pt;\" width=\"373\">Ar ou g\u00e1s de escape<\/td>\n<\/tr>\n<tr style=\"height: 14.25pt;\">\n<td style=\"height: 14.25pt; width: 140.25pt;\" width=\"187\" height=\"19\">Tipos de terminais<\/td>\n<td style=\"width: 279.75pt;\" width=\"373\">Conector r\u00e1pido padr\u00e3o 187 (4,8*0,5 mm)<\/td>\n<\/tr>\n<tr style=\"height: 14.25pt;\">\n<td style=\"height: 14.25pt;\" height=\"19\">Interface do tubo<\/td>\n<td>6,3 de di\u00e2metro externo, adequado para tubos com di\u00e2metro interno de 5 mm.<\/td>\n<\/tr>\n<tr style=\"height: 14.25pt;\">\n<td style=\"height: 14.25pt;\" height=\"19\">Circuito<\/td>\n<td>SPDT<\/td>\n<\/tr>\n<tr style=\"height: 14.25pt;\">\n<td style=\"height: 14.25pt;\" height=\"19\">Avalia\u00e7\u00e3o<\/td>\n<td>0.2A\u00a0 30VDC<\/td>\n<\/tr>\n<tr style=\"height: 14.25pt;\">\n<td style=\"height: 14.25pt;\" height=\"19\">Tens\u00e3o de resist\u00eancia<\/td>\n<td>3000Pa (0,5Psi)<\/td>\n<\/tr>\n<tr style=\"height: 14.25pt;\">\n<td style=\"height: 14.25pt;\" height=\"19\">Vida \u00fatil el\u00e9trica<\/td>\n<td>25000000 ciclos<\/td>\n<\/tr>\n<tr style=\"height: 14.25pt;\">\n<td style=\"height: 14.25pt;\" height=\"19\">sa\u00edda de recupera\u00e7\u00e3o de g\u00e1s<\/td>\n<td>Negative double outlet (L&amp;H)<\/td>\n<\/tr>\n<tr style=\"height: 14.25pt;\">\n<td style=\"height: 14.25pt;\" height=\"19\">Temperatura de trabalho<\/td>\n<td>-40 to +120\u2103<\/td>\n<\/tr>\n<tr style=\"height: 14.25pt;\">\n<td style=\"height: 14.25pt;\" height=\"19\">Precis\u00e3o<\/td>\n<td>\u00b15Pa<\/td>\n<\/tr>\n<\/tbody>\n<\/table>\n<p>Al\u00e9m dos interruptores de press\u00e3o negativa, tamb\u00e9m podemos produzir interruptores de press\u00e3o positiva. Para mais informa\u00e7\u00f5es sobre o produto, acesse [link para o produto].<a href=\"https:\/\/www.airpressureswitch.com\/pt\/products\/\"> Visite nossa p\u00e1gina de produtos<\/a> Para verificar, somos profissionais. <a href=\"https:\/\/www.airpressureswitch.com\/pt\/\">Fabricante e fornecedor em controle de press\u00e3o e fluxo<\/a>.<\/p>","protected":false},"excerpt":{"rendered":"<h2>A53G SPDT Air Pressure Switch<\/h2>\n<p>A53G gas boiler air pressure switch is a negative type switch that has 3 187# terminals with a customizable pressure range for use in a boiler, water heater, commercial air conditioner, or other VAV systems.<\/p>","protected":false},"featured_media":912,"comment_status":"closed","ping_status":"closed","template":"","meta":{"site-sidebar-layout":"default","site-content-layout":"default","ast-site-content-layout":"default","site-content-style":"default","site-sidebar-style":"default","ast-global-header-display":"","ast-banner-title-visibility":"","ast-main-header-display":"","ast-hfb-above-header-display":"","ast-hfb-below-header-display":"","ast-hfb-mobile-header-display":"","site-post-title":"","ast-breadcrumbs-content":"","ast-featured-img":"","footer-sml-layout":"","ast-disable-related-posts":"","theme-transparent-header-meta":"default","adv-header-id-meta":"","stick-header-meta":"","header-above-stick-meta":"","header-main-stick-meta":"","header-below-stick-meta":"","astra-migrate-meta-layouts":"default","ast-page-background-enabled":"default","ast-page-background-meta":{"desktop":{"background-color":"var(--ast-global-color-4)","background-image":"","background-repeat":"repeat","background-position":"center center","background-size":"auto","background-attachment":"scroll","background-type":"","background-media":"","overlay-type":"","overlay-color":"","overlay-opacity":"","overlay-gradient":""},"tablet":{"background-color":"","background-image":"","background-repeat":"repeat","background-position":"center center","background-size":"auto","background-attachment":"scroll","background-type":"","background-media":"","overlay-type":"","overlay-color":"","overlay-opacity":"","overlay-gradient":""},"mobile":{"background-color":"","background-image":"","background-repeat":"repeat","background-position":"center center","background-size":"auto","background-attachment":"scroll","background-type":"","background-media":"","overlay-type":"","overlay-color":"","overlay-opacity":"","overlay-gradient":""}},"ast-content-background-meta":{"desktop":{"background-color":"var(--ast-global-color-5)","background-image":"","background-repeat":"repeat","background-position":"center center","background-size":"auto","background-attachment":"scroll","background-type":"","background-media":"","overlay-type":"","overlay-color":"","overlay-opacity":"","overlay-gradient":""},"tablet":{"background-color":"var(--ast-global-color-5)","background-image":"","background-repeat":"repeat","background-position":"center center","background-size":"auto","background-attachment":"scroll","background-type":"","background-media":"","overlay-type":"","overlay-color":"","overlay-opacity":"","overlay-gradient":""},"mobile":{"background-color":"var(--ast-global-color-5)","background-image":"","background-repeat":"repeat","background-position":"center center","background-size":"auto","background-attachment":"scroll","background-type":"","background-media":"","overlay-type":"","overlay-color":"","overlay-opacity":"","overlay-gradient":""}}},"product_brand":[],"product_cat":[23],"product_tag":[],"class_list":{"0":"post-911","1":"product","2":"type-product","3":"status-publish","4":"has-post-thumbnail","6":"product_cat-air-pressure-switch","7":"desktop-align-left","8":"tablet-align-left","9":"mobile-align-left","11":"first","12":"instock","13":"shipping-taxable","14":"product-type-simple"},"_links":{"self":[{"href":"https:\/\/www.airpressureswitch.com\/pt\/wp-json\/wp\/v2\/product\/911","targetHints":{"allow":["GET"]}}],"collection":[{"href":"https:\/\/www.airpressureswitch.com\/pt\/wp-json\/wp\/v2\/product"}],"about":[{"href":"https:\/\/www.airpressureswitch.com\/pt\/wp-json\/wp\/v2\/types\/product"}],"replies":[{"embeddable":true,"href":"https:\/\/www.airpressureswitch.com\/pt\/wp-json\/wp\/v2\/comments?post=911"}],"wp:featuredmedia":[{"embeddable":true,"href":"https:\/\/www.airpressureswitch.com\/pt\/wp-json\/wp\/v2\/media\/912"}],"wp:attachment":[{"href":"https:\/\/www.airpressureswitch.com\/pt\/wp-json\/wp\/v2\/media?parent=911"}],"wp:term":[{"taxonomy":"product_brand","embeddable":true,"href":"https:\/\/www.airpressureswitch.com\/pt\/wp-json\/wp\/v2\/product_brand?post=911"},{"taxonomy":"product_cat","embeddable":true,"href":"https:\/\/www.airpressureswitch.com\/pt\/wp-json\/wp\/v2\/product_cat?post=911"},{"taxonomy":"product_tag","embeddable":true,"href":"https:\/\/www.airpressureswitch.com\/pt\/wp-json\/wp\/v2\/product_tag?post=911"}],"curies":[{"name":"wp","href":"https:\/\/api.w.org\/{rel}","templated":true}]}}