{"id":958,"date":"2022-12-29T02:30:11","date_gmt":"2022-12-29T02:30:11","guid":{"rendered":"https:\/\/www.airpressureswitch.com\/?post_type=product&#038;p=958"},"modified":"2023-01-02T06:41:49","modified_gmt":"2023-01-02T06:41:49","slug":"normally-open-air-pressure-switch","status":"publish","type":"product","link":"https:\/\/www.airpressureswitch.com\/pt\/product\/normally-open-air-pressure-switch","title":{"rendered":"A412 Interruptor de Press\u00e3o de Ar Normalmente Aberto 20-50Pa para Aquecedor de \u00c1gua"},"content":{"rendered":"<h3>Descri\u00e7\u00e3o do pressostato de ar normalmente aberto<\/h3>\n<p>&nbsp;<\/p>\n<p>REGAL A412 normally open air pressure switch is suitable for many kinds of devices, especially for the water heater. It uses the integrated switch &amp; diaphragm separate body structure design, with this design the A412 can control the pressure at a high precision, which is \u00b13Pa. Meanwhile, we also got the letters patent for this design. Please contact us get more details information.<\/p>\n<p>Besides, if your design has some requirements for the switch installation, we also have different terminals&#8217; quantities, sizes, and directions for your options. Which can fit different installations. Generally, we have the negative and positive pressure switches for your options but the default type is the negative, welcome click the link to see more about <a href=\"https:\/\/www.airpressureswitch.com\/pt\/pressostato-de-ar\/\">our air pressure switches.<\/a><\/p>\n<p>What&#8217;s more, the A412 normally open air pressure switch also has a wide range working temperature range, which is from \u00a0-40 to +110\u2103 so that we can use it no matter in summer or winter. People will not effect by the weather problem.<\/p>\n<p>All in all, REGAL is a professional <a href=\"https:\/\/www.airpressureswitch.com\/pt\/\">air pressure switch manufacturer in China<\/a>, welcome to contact us we are warmly welcome you and us to discuss a long-term business relationship or OEM project. Thank you very much!<\/p>\n<p>&nbsp;<\/p>\n<h4><strong>A4 Air Pressure Switch Size<\/strong><\/h4>\n<p><img fetchpriority=\"high\" decoding=\"async\" class=\"size-full wp-image-952\" src=\"https:\/\/www.airpressureswitch.com\/wp-content\/uploads\/2022\/12\/A4-Air-pressure-switch.jpg\" alt=\"A4 Air pressure switch size\" width=\"800\" height=\"357\" srcset=\"https:\/\/www.airpressureswitch.com\/wp-content\/uploads\/2022\/12\/A4-Air-pressure-switch.jpg 800w, https:\/\/www.airpressureswitch.com\/wp-content\/uploads\/2022\/12\/A4-Air-pressure-switch-300x134.jpg 300w, https:\/\/www.airpressureswitch.com\/wp-content\/uploads\/2022\/12\/A4-Air-pressure-switch-768x343.jpg 768w, https:\/\/www.airpressureswitch.com\/wp-content\/uploads\/2022\/12\/A4-Air-pressure-switch-600x268.jpg 600w\" sizes=\"(max-width: 800px) 100vw, 800px\" \/><\/p>\n<h3>A412 Normally Open Air Pressure Switch Specification<\/h3>\n<table style=\"height: 411px;\" border=\"1\" width=\"1361\" cellpadding=\"6\">\n<tbody>\n<tr style=\"height: 14.25pt;\">\n<td style=\"height: 14.25pt; width: 140.25pt;\" width=\"187\" height=\"19\">N\u00famero do modelo<\/td>\n<td style=\"width: 279.75pt;\" width=\"373\">A412 Normally Open Air Pressure Switch<\/td>\n<\/tr>\n<tr style=\"height: 14.25pt;\">\n<td style=\"height: 14.25pt; width: 140.25pt;\" width=\"187\" height=\"19\">Meio de trabalho<\/td>\n<td style=\"width: 279.75pt;\" width=\"373\">Ar ou g\u00e1s de escape<\/td>\n<\/tr>\n<tr style=\"height: 14.25pt;\">\n<td style=\"height: 14.25pt; width: 140.25pt;\" width=\"187\" height=\"19\">Tipos de terminais<\/td>\n<td style=\"width: 279.75pt;\" width=\"373\">Conector r\u00e1pido padr\u00e3o 187 (4,8*0,5 mm)<\/td>\n<\/tr>\n<tr style=\"height: 14.25pt;\">\n<td style=\"height: 14.25pt;\" height=\"19\">Interface do tubo<\/td>\n<td>6,3 de di\u00e2metro externo, adequado para tubos com di\u00e2metro interno de 5 mm.<\/td>\n<\/tr>\n<tr style=\"height: 14.25pt;\">\n<td style=\"height: 14.25pt;\" height=\"19\">Circuito<\/td>\n<td>SPST N\u00c3O<\/td>\n<\/tr>\n<tr style=\"height: 14.25pt;\">\n<td style=\"height: 14.25pt;\" height=\"19\">Avalia\u00e7\u00e3o<\/td>\n<td>1A 24V<a href=\"https:\/\/en.wikipedia.org\/wiki\/Direct_current\" target=\"_blank\" rel=\"noopener\">DC<\/a> e 0,5 A 125\/250 VCA<\/td>\n<\/tr>\n<tr style=\"height: 14.25pt;\">\n<td style=\"height: 14.25pt;\" height=\"19\">Tens\u00e3o de resist\u00eancia<\/td>\n<td>3000Pa (0,5Psi)<\/td>\n<\/tr>\n<tr style=\"height: 14.25pt;\">\n<td style=\"height: 14.25pt;\" height=\"19\">Vida \u00fatil el\u00e9trica<\/td>\n<td>25000000 ciclos<\/td>\n<\/tr>\n<tr style=\"height: 14.25pt;\">\n<td style=\"height: 14.25pt;\" height=\"19\">sa\u00edda de recupera\u00e7\u00e3o de g\u00e1s<\/td>\n<td>Negativo<\/td>\n<\/tr>\n<tr style=\"height: 14.25pt;\">\n<td style=\"height: 14.25pt;\" height=\"19\">Temperatura de trabalho<\/td>\n<td>-40 a +110\u2103<\/td>\n<\/tr>\n<\/tbody>\n<\/table>","protected":false},"excerpt":{"rendered":"<p>The A412 is a normally open air pressure switch that its working pressure range is from 20 to 50Pa which belongs to the negative type, it is widely used in water heater, wall-hanging boiler, and some system need to detect the air flow and pressure. Like the commercial air conditioner, VAV sytem.<\/p>\n<h2>A412 Normally Open Air Pressure Switch<\/h2>","protected":false},"featured_media":962,"comment_status":"closed","ping_status":"closed","template":"","meta":{"site-sidebar-layout":"default","site-content-layout":"default","ast-site-content-layout":"default","site-content-style":"default","site-sidebar-style":"default","ast-global-header-display":"","ast-banner-title-visibility":"","ast-main-header-display":"","ast-hfb-above-header-display":"","ast-hfb-below-header-display":"","ast-hfb-mobile-header-display":"","site-post-title":"","ast-breadcrumbs-content":"","ast-featured-img":"","footer-sml-layout":"","ast-disable-related-posts":"","theme-transparent-header-meta":"default","adv-header-id-meta":"","stick-header-meta":"","header-above-stick-meta":"","header-main-stick-meta":"","header-below-stick-meta":"","astra-migrate-meta-layouts":"default","ast-page-background-enabled":"default","ast-page-background-meta":{"desktop":{"background-color":"var(--ast-global-color-4)","background-image":"","background-repeat":"repeat","background-position":"center center","background-size":"auto","background-attachment":"scroll","background-type":"","background-media":"","overlay-type":"","overlay-color":"","overlay-opacity":"","overlay-gradient":""},"tablet":{"background-color":"","background-image":"","background-repeat":"repeat","background-position":"center center","background-size":"auto","background-attachment":"scroll","background-type":"","background-media":"","overlay-type":"","overlay-color":"","overlay-opacity":"","overlay-gradient":""},"mobile":{"background-color":"","background-image":"","background-repeat":"repeat","background-position":"center center","background-size":"auto","background-attachment":"scroll","background-type":"","background-media":"","overlay-type":"","overlay-color":"","overlay-opacity":"","overlay-gradient":""}},"ast-content-background-meta":{"desktop":{"background-color":"var(--ast-global-color-5)","background-image":"","background-repeat":"repeat","background-position":"center center","background-size":"auto","background-attachment":"scroll","background-type":"","background-media":"","overlay-type":"","overlay-color":"","overlay-opacity":"","overlay-gradient":""},"tablet":{"background-color":"var(--ast-global-color-5)","background-image":"","background-repeat":"repeat","background-position":"center center","background-size":"auto","background-attachment":"scroll","background-type":"","background-media":"","overlay-type":"","overlay-color":"","overlay-opacity":"","overlay-gradient":""},"mobile":{"background-color":"var(--ast-global-color-5)","background-image":"","background-repeat":"repeat","background-position":"center center","background-size":"auto","background-attachment":"scroll","background-type":"","background-media":"","overlay-type":"","overlay-color":"","overlay-opacity":"","overlay-gradient":""}}},"product_brand":[],"product_cat":[23],"product_tag":[],"class_list":{"0":"post-958","1":"product","2":"type-product","3":"status-publish","4":"has-post-thumbnail","6":"product_cat-air-pressure-switch","7":"desktop-align-left","8":"tablet-align-left","9":"mobile-align-left","11":"first","12":"instock","13":"shipping-taxable","14":"product-type-simple"},"_links":{"self":[{"href":"https:\/\/www.airpressureswitch.com\/pt\/wp-json\/wp\/v2\/product\/958","targetHints":{"allow":["GET"]}}],"collection":[{"href":"https:\/\/www.airpressureswitch.com\/pt\/wp-json\/wp\/v2\/product"}],"about":[{"href":"https:\/\/www.airpressureswitch.com\/pt\/wp-json\/wp\/v2\/types\/product"}],"replies":[{"embeddable":true,"href":"https:\/\/www.airpressureswitch.com\/pt\/wp-json\/wp\/v2\/comments?post=958"}],"wp:featuredmedia":[{"embeddable":true,"href":"https:\/\/www.airpressureswitch.com\/pt\/wp-json\/wp\/v2\/media\/962"}],"wp:attachment":[{"href":"https:\/\/www.airpressureswitch.com\/pt\/wp-json\/wp\/v2\/media?parent=958"}],"wp:term":[{"taxonomy":"product_brand","embeddable":true,"href":"https:\/\/www.airpressureswitch.com\/pt\/wp-json\/wp\/v2\/product_brand?post=958"},{"taxonomy":"product_cat","embeddable":true,"href":"https:\/\/www.airpressureswitch.com\/pt\/wp-json\/wp\/v2\/product_cat?post=958"},{"taxonomy":"product_tag","embeddable":true,"href":"https:\/\/www.airpressureswitch.com\/pt\/wp-json\/wp\/v2\/product_tag?post=958"}],"curies":[{"name":"wp","href":"https:\/\/api.w.org\/{rel}","templated":true}]}}