{"id":985,"date":"2023-01-03T03:24:29","date_gmt":"2023-01-03T03:24:29","guid":{"rendered":"https:\/\/www.airpressureswitch.com\/?post_type=product&#038;p=985"},"modified":"2023-01-03T03:24:29","modified_gmt":"2023-01-03T03:24:29","slug":"hall-effect-water-flow-sensor","status":"publish","type":"product","link":"https:\/\/www.airpressureswitch.com\/pt\/product\/hall-effect-water-flow-sensor","title":{"rendered":"Sensor de fluxo de \u00e1gua com efeito Hall F12, 5 VCC, G1\/4 e conex\u00e3o r\u00e1pida."},"content":{"rendered":"<h2>F12 Hall Effect Water Flow Sensor Description<\/h2>\n<ul>\n<li>The F12 hall effect water flow sensor has 1 piece of G1\/4 screwed connector and 1 piece of quickly contact connector, which can be used in boilers, water heaters, hanging furnaces, water dispensers, drinking fountains, and so on. The F12 flow sensor belongs to the REGAL F1 series which is one of our own research and development products. It is high-quality and has <span style=\"font-size: 16px;\">high-dielectric strength, which an accuracy is +\/-10%.<\/span><\/li>\n<li>The working medium for the F1 series is liquid and its working temperature is from -15 to 85\u2103. So, as long as the liquid is not frozen our flow sensor will work well. Meanwhile, the F12 hall effect water flow sensor will work with the hall sensor and translate the swirl vane rotational speed into the square wave frequency (SWFM) so that we can read the SWFM to know the water flow rate.<\/li>\n<li>Besides, the F12 also has many good performances. Firstly, you can get a high-precision flow sensor at a competitive price. Welcome to contact us to get the quotation. Secondly, it also has good electromagnetic compatibility. Thirdly, this hall effect water flow sensor has a working environment and very low-pressure loss. Fourthly, the impeller surface will not easy to adsorb the dust so the user doesn&#8217;t need to clean it often.<\/li>\n<li>All in all, the F flow sensor has good performance in water flow detection. If you need to know <a href=\"https:\/\/www.airpressureswitch.com\/pt\/sensor-de-fluxo\/\">more about different types of flow sensors<\/a>, please click the link to check. Generally, the water heaters &amp; boilers not only need the flow sensor switches but also need the <a href=\"https:\/\/www.airpressureswitch.com\/pt\/pressostato-de-agua\/\">interruptores de press\u00e3o de ar<\/a> and <a href=\"https:\/\/www.airpressureswitch.com\/pt\/safety-relief-valve\/\">relief valves<\/a> as well, which are also available from <a href=\"https:\/\/www.airpressureswitch.com\/pt\/\">R\u00c9GIO<\/a>.<\/li>\n<\/ul>\n<p>&nbsp;<\/p>\n<h3>F12 Hall Effect Water Flow Sensor Specification<\/h3>\n<table style=\"height: 411px;\" border=\"1\" width=\"1361\" cellpadding=\"6\">\n<tbody>\n<tr style=\"height: 14.25pt;\">\n<td style=\"height: 14.25pt; width: 140.25pt;\" width=\"187\" height=\"19\">N\u00famero do modelo<\/td>\n<td style=\"width: 279.75pt;\" width=\"373\">F12 Hall Effect Water Flow Sensor<\/td>\n<\/tr>\n<tr style=\"height: 14.25pt;\">\n<td style=\"height: 14.25pt; width: 140.25pt;\" width=\"187\" height=\"19\">Tipo de terminal<\/td>\n<td style=\"width: 279.75pt;\" width=\"373\">Conector e fio padr\u00e3o de 3 pinos (padr\u00e3o de 150 mm, tamb\u00e9m personaliz\u00e1vel)<\/td>\n<\/tr>\n<tr style=\"height: 14.25pt;\">\n<td style=\"height: 14.25pt; width: 140.25pt;\" width=\"187\" height=\"19\">Tipo de interface<\/td>\n<td style=\"width: 279.75pt;\" width=\"373\">1*G1\/2 &amp; 1*quickly contact connector<\/td>\n<\/tr>\n<tr style=\"height: 14.25pt;\">\n<td style=\"height: 14.25pt;\" height=\"19\">Intervalo de fluxo operacional<\/td>\n<td>1 L\/min a 30 L\/min<\/td>\n<\/tr>\n<tr style=\"height: 14.25pt;\">\n<td style=\"height: 14.25pt;\" height=\"19\">Rigidez diel\u00e9trica<\/td>\n<td>500 VCA (&lt;3 mA)<\/td>\n<\/tr>\n<tr style=\"height: 14.25pt;\">\n<td style=\"height: 14.25pt;\" height=\"19\">Tens\u00e3o de opera\u00e7\u00e3o<\/td>\n<td>CC 4,75 V a CC 5,25 V<\/td>\n<\/tr>\n<tr style=\"height: 14.25pt;\">\n<td style=\"height: 14.25pt;\" height=\"19\">Corrente operacional<\/td>\n<td>15mA<\/td>\n<\/tr>\n<tr style=\"height: 14.25pt;\">\n<td style=\"height: 14.25pt;\" height=\"19\">\n<p class=\"src grammarSection\" data-group=\"1-1\">Ciclo de trabalho de baixa pot\u00eancia<\/p>\n<\/td>\n<td>50%<\/td>\n<\/tr>\n<tr style=\"height: 14.25pt;\">\n<td style=\"height: 14.25pt;\" height=\"19\">Press\u00e3o de sobrecarga<\/td>\n<td>12Bar (@40\u2103)<\/td>\n<\/tr>\n<tr style=\"height: 14.25pt;\">\n<td style=\"height: 14.25pt;\" height=\"19\">Temperatura de trabalho<\/td>\n<td>-15 a 85\u2103<\/td>\n<\/tr>\n<tr style=\"height: 14.25pt;\">\n<td style=\"height: 14.25pt;\" height=\"19\">Vida \u00fatil com carga<\/td>\n<td>200.000 ciclos<\/td>\n<\/tr>\n<tr style=\"height: 14.25pt;\">\n<td style=\"height: 14.25pt;\" height=\"19\">N\u00edvel de prote\u00e7\u00e3o<\/td>\n<td><a href=\"https:\/\/en.wikipedia.org\/wiki\/IP_code\" target=\"_blank\" rel=\"noopener\">IP20<\/a><\/td>\n<\/tr>\n<\/tbody>\n<\/table>","protected":false},"excerpt":{"rendered":"<p>The F12 hall effect water flow sensor is a device that can detect the water flow rate and translate it into SWFM, which is worked with the hall sensor. The sample is available to test before ordering.<\/p>","protected":false},"featured_media":986,"comment_status":"closed","ping_status":"closed","template":"","meta":{"site-sidebar-layout":"default","site-content-layout":"default","ast-site-content-layout":"default","site-content-style":"default","site-sidebar-style":"default","ast-global-header-display":"","ast-banner-title-visibility":"","ast-main-header-display":"","ast-hfb-above-header-display":"","ast-hfb-below-header-display":"","ast-hfb-mobile-header-display":"","site-post-title":"","ast-breadcrumbs-content":"","ast-featured-img":"","footer-sml-layout":"","ast-disable-related-posts":"","theme-transparent-header-meta":"default","adv-header-id-meta":"","stick-header-meta":"","header-above-stick-meta":"","header-main-stick-meta":"","header-below-stick-meta":"","astra-migrate-meta-layouts":"default","ast-page-background-enabled":"default","ast-page-background-meta":{"desktop":{"background-color":"var(--ast-global-color-4)","background-image":"","background-repeat":"repeat","background-position":"center center","background-size":"auto","background-attachment":"scroll","background-type":"","background-media":"","overlay-type":"","overlay-color":"","overlay-opacity":"","overlay-gradient":""},"tablet":{"background-color":"","background-image":"","background-repeat":"repeat","background-position":"center center","background-size":"auto","background-attachment":"scroll","background-type":"","background-media":"","overlay-type":"","overlay-color":"","overlay-opacity":"","overlay-gradient":""},"mobile":{"background-color":"","background-image":"","background-repeat":"repeat","background-position":"center center","background-size":"auto","background-attachment":"scroll","background-type":"","background-media":"","overlay-type":"","overlay-color":"","overlay-opacity":"","overlay-gradient":""}},"ast-content-background-meta":{"desktop":{"background-color":"var(--ast-global-color-5)","background-image":"","background-repeat":"repeat","background-position":"center center","background-size":"auto","background-attachment":"scroll","background-type":"","background-media":"","overlay-type":"","overlay-color":"","overlay-opacity":"","overlay-gradient":""},"tablet":{"background-color":"var(--ast-global-color-5)","background-image":"","background-repeat":"repeat","background-position":"center center","background-size":"auto","background-attachment":"scroll","background-type":"","background-media":"","overlay-type":"","overlay-color":"","overlay-opacity":"","overlay-gradient":""},"mobile":{"background-color":"var(--ast-global-color-5)","background-image":"","background-repeat":"repeat","background-position":"center center","background-size":"auto","background-attachment":"scroll","background-type":"","background-media":"","overlay-type":"","overlay-color":"","overlay-opacity":"","overlay-gradient":""}}},"product_brand":[],"product_cat":[26],"product_tag":[],"class_list":{"0":"post-985","1":"product","2":"type-product","3":"status-publish","4":"has-post-thumbnail","6":"product_cat-flow-sensor","7":"desktop-align-left","8":"tablet-align-left","9":"mobile-align-left","11":"first","12":"instock","13":"shipping-taxable","14":"product-type-simple"},"_links":{"self":[{"href":"https:\/\/www.airpressureswitch.com\/pt\/wp-json\/wp\/v2\/product\/985","targetHints":{"allow":["GET"]}}],"collection":[{"href":"https:\/\/www.airpressureswitch.com\/pt\/wp-json\/wp\/v2\/product"}],"about":[{"href":"https:\/\/www.airpressureswitch.com\/pt\/wp-json\/wp\/v2\/types\/product"}],"replies":[{"embeddable":true,"href":"https:\/\/www.airpressureswitch.com\/pt\/wp-json\/wp\/v2\/comments?post=985"}],"wp:featuredmedia":[{"embeddable":true,"href":"https:\/\/www.airpressureswitch.com\/pt\/wp-json\/wp\/v2\/media\/986"}],"wp:attachment":[{"href":"https:\/\/www.airpressureswitch.com\/pt\/wp-json\/wp\/v2\/media?parent=985"}],"wp:term":[{"taxonomy":"product_brand","embeddable":true,"href":"https:\/\/www.airpressureswitch.com\/pt\/wp-json\/wp\/v2\/product_brand?post=985"},{"taxonomy":"product_cat","embeddable":true,"href":"https:\/\/www.airpressureswitch.com\/pt\/wp-json\/wp\/v2\/product_cat?post=985"},{"taxonomy":"product_tag","embeddable":true,"href":"https:\/\/www.airpressureswitch.com\/pt\/wp-json\/wp\/v2\/product_tag?post=985"}],"curies":[{"name":"wp","href":"https:\/\/api.w.org\/{rel}","templated":true}]}}